{"id":769,"date":"2024-10-25T13:48:57","date_gmt":"2024-10-25T13:48:57","guid":{"rendered":"https:\/\/moleculeminds.com\/?post_type=product&#038;p=769"},"modified":"2025-09-26T08:40:33","modified_gmt":"2025-09-26T08:40:33","slug":"isocyanic-acid-a-b-caluanie","status":"publish","type":"product","link":"https:\/\/moleculeminds.com\/cs\/shop\/isocyanic-acid-a-b-caluanie\/","title":{"rendered":"Kyselina isokyanov\u00e1 A-B Caluanie na prodej"},"content":{"rendered":"<h3><strong>N\u00e1kup kyseliny isokyanov\u00e9 A-B Caluanie na prodej<\/strong><\/h3>\n<h3><strong>\u00davod<\/strong><\/h3>\n<ol>\n<li><strong>Stru\u010dn\u00fd p\u0159ehled kyseliny isokyanov\u00e9 A-B Caluanie na prodej<\/strong>\n<ul>\n<li><strong>Co je kyselina isokyanov\u00e1 A-B Caluanie?<\/strong>\n<ul>\n<li>Kyselina isokyanov\u00e1 A-B Caluanie je \u00fa\u010dinn\u00e1 chemick\u00e1 slou\u010denina s v\u0161estrann\u00fdm vyu\u017eit\u00edm, zn\u00e1m\u00e1 jako kl\u00ed\u010dov\u00fd meziprodukt p\u0159i synt\u00e9ze polyuretanu a dal\u0161\u00edch chemick\u00fdch l\u00e1tek.<\/li>\n<li>M\u016f\u017ee se vyskytovat v r\u016fzn\u00fdch form\u00e1ch, ale izokyanov\u00fd <a href=\"https:\/\/en.wikipedia.org\/wiki\/Isocyanic_acid\"><strong>Kyselina<\/strong><\/a> A-B Caluanie obvykle ozna\u010duje specifickou jakost nebo sm\u011bs kyseliny isokyanov\u00e9 ur\u010denou pro vysokou reaktivitu a pr\u016fmyslov\u00e9 pou\u017eit\u00ed.<\/li>\n<\/ul>\n<\/li>\n<li><strong>Vlastnosti a charakteristiky<\/strong>\n<ul>\n<li>Kyselina isokyanov\u00e1 je vysoce reaktivn\u00ed, zejm\u00e9na s alkoholy, aminy a dal\u0161\u00edmi nukleofily, co\u017e ji \u010din\u00ed kl\u00ed\u010dovou pro v\u00fdrobu r\u016fzn\u00fdch polymer\u016f a prysky\u0159ic.<\/li>\n<li>Ozna\u010den\u00ed \"A-B\" v n\u00e1zvu m\u016f\u017ee odkazovat na specifick\u00e9 t\u0159\u00eddy nebo slo\u017een\u00ed t\u00e9to slou\u010deniny s vlastnostmi p\u0159izp\u016fsoben\u00fdmi pro r\u016fzn\u00e9 aplikace.<\/li>\n<\/ul>\n<\/li>\n<\/ul>\n<\/li>\n<\/ol>\n<ol start=\"2\">\n<li><strong>Vysv\u011btlen\u00ed b\u011b\u017en\u00e9ho pou\u017eit\u00ed<\/strong>\n<ul>\n<li><strong>Pr\u016fmyslov\u00e9 aplikace<\/strong>:\n<ul>\n<li><strong>V\u00fdroba polyuretanu<\/strong>: Jedn\u00edm z hlavn\u00edch pou\u017eit\u00ed kyseliny isokyanov\u00e9 A-B Caluanie je synt\u00e9za polyuretanu, \u0161iroce pou\u017e\u00edvan\u00e9ho materi\u00e1lu ve stavebnictv\u00ed, automobilov\u00e9m pr\u016fmyslu a spot\u0159ebn\u00edm zbo\u017e\u00ed.<\/li>\n<li><strong>N\u00e1t\u011bry a lepidla<\/strong>: \u010casto se pou\u017e\u00edv\u00e1 p\u0159i v\u00fdrob\u011b n\u00e1t\u011br\u016f, barev a lepidel d\u00edky sv\u00fdm siln\u00fdm spojovac\u00edm vlastnostem.<\/li>\n<li><strong>Farmaceutika a agrochemik\u00e1lie<\/strong>: Kyselina isokyanov\u00e1 A-B Caluanie je tak\u00e9 prekurzorem v n\u011bkter\u00fdch farmaceutick\u00fdch a agrochemick\u00fdch p\u0159\u00edpravc\u00edch, v\u010detn\u011b herbicid\u016f a pesticid\u016f.<\/li>\n<\/ul>\n<\/li>\n<li><strong>Chemick\u00e9 procesy<\/strong>:\n<ul>\n<li>Pou\u017e\u00edv\u00e1 se jako meziprodukt p\u0159i v\u00fdrob\u011b speci\u00e1ln\u00edch chemik\u00e1li\u00ed, v\u010detn\u011b n\u011bkter\u00fdch vysoce \u00fa\u010dinn\u00fdch plast\u016f a kompozit\u016f, kde je rozhoduj\u00edc\u00ed jeho reaktivita s r\u016fzn\u00fdmi substr\u00e1ty.<\/li>\n<li>Pou\u017e\u00edv\u00e1 se v laborato\u0159\u00edch pro v\u00fdzkum v oblasti polymern\u00ed chemie, n\u00e1t\u011br\u016f a chemick\u00e9 synt\u00e9zy.<\/li>\n<\/ul>\n<\/li>\n<\/ul>\n<\/li>\n<\/ol>\n<h3><strong>Pro\u010d si koupit kyselinu isokyanovou A-B Caluanie na prodej?<\/strong><\/h3>\n<ol>\n<li><strong>Popt\u00e1vka po pr\u016fmyslov\u00fdch chemik\u00e1li\u00edch<\/strong>\n<ul>\n<li><strong>Rozs\u00e1hl\u00e9 pr\u016fmyslov\u00e9 pou\u017eit\u00ed<\/strong>: Popt\u00e1vka po kyselin\u011b isokyanov\u00e9 A-B Caluanie je ta\u017eena pr\u016fmyslov\u00fdmi odv\u011btv\u00edmi, kter\u00e1 jsou z\u00e1visl\u00e1 na polyuretanu, n\u00e1t\u011brov\u00fdch hmot\u00e1ch, lepidlech a speci\u00e1ln\u00edch polymerech. D\u00edky tomu je d\u016fle\u017eitou chemickou l\u00e1tkou v odv\u011btv\u00edch, jako je v\u00fdroba, stavebnictv\u00ed, automobilov\u00fd pr\u016fmysl a zem\u011bd\u011blstv\u00ed.<\/li>\n<li><strong>Rostouc\u00ed pot\u0159eba vysoce v\u00fdkonn\u00fdch materi\u00e1l\u016f<\/strong>: Vzhledem k tomu, \u017ee pr\u016fmyslov\u00e1 odv\u011btv\u00ed st\u00e1le v\u00edce vy\u017eaduj\u00ed vysoce v\u00fdkonn\u00e9 materi\u00e1ly pro aplikace, jako jsou izolace, automobilov\u00e9 d\u00edly a spot\u0159ebn\u00ed zbo\u017e\u00ed, chemick\u00e9 l\u00e1tky, jako je kyselina isokyanov\u00e1 A-B Caluanie, se st\u00e1vaj\u00ed je\u0161t\u011b d\u016fle\u017eit\u011bj\u0161\u00edmi.<\/li>\n<\/ul>\n<\/li>\n<li><strong>Z\u00e1konnost a p\u0159edpisy souvisej\u00edc\u00ed s n\u00e1kupem<\/strong>\n<ul>\n<li><strong>Chemick\u00e1 klasifikace<\/strong>: Jako reaktivn\u00ed chemick\u00e1 l\u00e1tka podl\u00e9h\u00e1 kyselina isokyanov\u00e1 A-B Caluanie p\u0159edpis\u016fm upravuj\u00edc\u00edm jej\u00ed n\u00e1kup, manipulaci a p\u0159epravu. V n\u011bkter\u00fdch zem\u00edch m\u016f\u017ee vy\u017eadovat zvl\u00e1\u0161tn\u00ed povolen\u00ed vzhledem ke sv\u00e9 potenci\u00e1ln\u00ed nebezpe\u010dnosti.<\/li>\n<li><strong>Bezpe\u010dnostn\u00ed p\u0159edpisy<\/strong>: Existuj\u00ed p\u0159edpisy, kter\u00e9 zaji\u0161\u0165uj\u00ed bezpe\u010dn\u00e9 a odpov\u011bdn\u00e9 pou\u017e\u00edv\u00e1n\u00ed. Kupuj\u00edc\u00ed mus\u00ed zajistit, aby spl\u0148oval v\u0161echny bezpe\u010dnostn\u00ed, environment\u00e1ln\u00ed a pr\u00e1vn\u00ed normy, aby se vyhnul p\u0159\u00edpadn\u00fdm probl\u00e9m\u016fm s \u00fa\u0159ady.<\/li>\n<li><strong>Omezen\u00fd prodej<\/strong>: V z\u00e1vislosti na va\u0161\u00ed zemi m\u016f\u017ee b\u00fdt pou\u017e\u00edv\u00e1n\u00ed p\u0159\u00edpravku Isocyanic A-B Caluanie omezeno nebo m\u016f\u017ee b\u00fdt k dispozici pouze opr\u00e1vn\u011bn\u00fdm kupuj\u00edc\u00edm v ur\u010dit\u00fdch pr\u016fmyslov\u00fdch odv\u011btv\u00edch nebo v\u00fdzkumn\u00fdch oblastech.<\/li>\n<\/ul>\n<\/li>\n<\/ol>\n<h3><strong>Kde koupit Isocyanic A-B Caluanie na prodej<\/strong><\/h3>\n<ol>\n<li><strong>Obl\u00edben\u00e9 online platformy<\/strong>\n<ul>\n<li><strong>Webov\u00e9 str\u00e1nky s nab\u00eddkou chemik\u00e1li\u00ed<\/strong>: Specializovan\u00e9 platformy jako nap\u0159. <strong>Sigma-Aldrich<\/strong>, <strong>Alibaba<\/strong>a <strong>Moleculeminds<\/strong> \u010dasto uv\u00e1d\u011bj\u00ed chemick\u00e9 l\u00e1tky, jako je kyselina isokyanov\u00e1 A-B caluanie na prodej. Tyto platformy mohou nab\u00edzet n\u00e1kupy ve velk\u00e9m i v mal\u00fdch mno\u017estv\u00edch.<\/li>\n<li><strong>Tr\u017ei\u0161t\u011b elektronick\u00e9ho obchodov\u00e1n\u00ed<\/strong>: Zat\u00edmco v\u011bt\u0161\u00ed platformy jako nap\u0159. <strong>Amazon<\/strong> a <strong>eBay<\/strong> mohou uv\u00e1d\u011bt pr\u016fmyslov\u00e9 chemik\u00e1lie, je nezbytn\u00e9 p\u0159ed n\u00e1kupem ov\u011b\u0159it d\u016fv\u011bryhodnost prod\u00e1vaj\u00edc\u00edho a kvalitu chemik\u00e1lie.<\/li>\n<li><strong>Dodavatel\u00e9 speci\u00e1ln\u00edch chemik\u00e1li\u00ed<\/strong>: Spole\u010dnosti, kter\u00e9 se specializuj\u00ed na pr\u016fmyslov\u00e9 chemik\u00e1lie, jako nap\u0159. <strong>ChemLab Supply<\/strong> a <strong>Glob\u00e1ln\u00ed dod\u00e1vky chemik\u00e1li\u00ed<\/strong>, m\u016f\u017ee poskytovat c\u00edlen\u011bj\u0161\u00ed slu\u017eby pro kupuj\u00edc\u00ed, kte\u0159\u00ed pot\u0159ebuj\u00ed specifick\u00e9 p\u0159\u00edpravky, jako je kyselina isokyanov\u00e1 A-B Caluanie.<\/li>\n<\/ul>\n<\/li>\n<li><strong>Kroky k identifikaci spolehliv\u00fdch dodavatel\u016f<\/strong>\n<ul>\n<li><strong>Pov\u011bst a recenze<\/strong>: V\u017edy si ov\u011b\u0159te pov\u011bst prod\u00e1vaj\u00edc\u00edho prost\u0159ednictv\u00edm recenz\u00ed a hodnocen\u00ed p\u0159edchoz\u00edch kupuj\u00edc\u00edch. Spolehliv\u00ed dodavatel\u00e9 budou m\u00edt pozitivn\u00ed zp\u011btnou vazbu a transparentn\u00ed obchodn\u00ed praktiky.<\/li>\n<li><strong>Certifikace v\u00fdrobk\u016f<\/strong>: Ov\u011b\u0159te, zda dodavatel poskytuje pot\u0159ebn\u00e9 certifik\u00e1ty pro danou chemickou l\u00e1tku, nap\u0159\u00edklad certifik\u00e1ty ISO nebo GMP. Ty ukazuj\u00ed, \u017ee v\u00fdrobek spl\u0148uje pr\u016fmyslov\u00e9 normy pro bezpe\u010dnost a kvalitu.<\/li>\n<li><strong>Bezpe\u010dnostn\u00ed listy (SDS)<\/strong>: Ujist\u011bte se, \u017ee dodavatel poskytuje aktu\u00e1ln\u00ed bezpe\u010dnostn\u00ed list, kter\u00fd popisuje vlastnosti chemick\u00e9 l\u00e1tky, potenci\u00e1ln\u00ed nebezpe\u010d\u00ed a bezpe\u010dnostn\u00ed opat\u0159en\u00ed.<\/li>\n<\/ul>\n<\/li>\n<\/ol>\n<ol>\n<li style=\"list-style-type: none;\"><\/li>\n<\/ol>\n<h3><strong>Z\u00e1v\u011br<\/strong><\/h3>\n<ol>\n<li><strong>Shrnut\u00ed mo\u017enost\u00ed n\u00e1kupu<\/strong>\n<ul>\n<li><a href=\"https:\/\/moleculeminds.com\/cs\/shop\/isocyanic-acid-a-b-caluanie\/\"><strong>Kyselina isokyanov\u00e1 A-B Caluanie na prodej<\/strong><\/a> je \u0161iroce dostupn\u00fd prost\u0159ednictv\u00edm r\u016fzn\u00fdch online platforem a specializovan\u00fdch dodavatel\u016f. Po \u0159\u00e1dn\u00e9m pr\u016fzkumu mohou podniky a v\u00fdzkumn\u00ed pracovn\u00edci tuto chemickou l\u00e1tku efektivn\u011b z\u00edskat, a\u0165 u\u017e nakupuj\u00ed v mal\u00fdch mno\u017estv\u00edch, nebo ve velk\u00e9m.<\/li>\n<li><strong>Renomovan\u00ed dodavatel\u00e9<\/strong>: V\u00fdb\u011brem renomovan\u00fdch, certifikovan\u00fdch dodavatel\u016f, kte\u0159\u00ed nab\u00edzej\u00ed transparentn\u00ed bezpe\u010dnostn\u00ed dokumentaci a z\u00e1kaznickou podporu, si kupuj\u00edc\u00ed mohou b\u00fdt jisti, \u017ee dost\u00e1vaj\u00ed vysoce kvalitn\u00ed kyselinu isokyanovou A-B Caluanie, kter\u00e1 spl\u0148uje jejich pot\u0159eby.<\/li>\n<\/ul>\n<\/li>\n<li><strong>V\u00fdznam informovan\u00e9 politiky a strategi\u00ed v oblasti ve\u0159ejn\u00e9ho zdrav\u00ed<\/strong>\n<ul>\n<li><strong>Dodr\u017eov\u00e1n\u00ed p\u0159edpis\u016f<\/strong>: Je nezbytn\u00e9, aby se prodej a distribuce chemick\u00fdch l\u00e1tek, jako je kyselina isokyanov\u00e1 A-B Caluanie, \u0159\u00eddily informovan\u00fdmi z\u00e1sadami, kter\u00e9 zabr\u00e1n\u00ed zneu\u017eit\u00ed a zajist\u00ed bezpe\u010dn\u00e9 zach\u00e1zen\u00ed.<\/li>\n<li><strong>\u00davahy o ve\u0159ejn\u00e9m zdrav\u00ed<\/strong>: Vl\u00e1dy a pr\u016fmyslov\u00e9 podniky mus\u00ed up\u0159ednostnit ve\u0159ejn\u00e9 zdrav\u00ed t\u00edm, \u017ee stanov\u00ed jasn\u00e9 pokyny pro bezpe\u010dn\u00e9 pou\u017e\u00edv\u00e1n\u00ed, p\u0159epravu a skladov\u00e1n\u00ed nebezpe\u010dn\u00fdch chemick\u00fdch l\u00e1tek. To zahrnuje vytvo\u0159en\u00ed vzd\u011bl\u00e1vac\u00edch program\u016f pro chemickou bezpe\u010dnost a \u0159\u00edzen\u00ed rizik.<\/li>\n<\/ul>\n<\/li>\n<\/ol>\n<p>&nbsp;<\/p>\n<p>&nbsp;<\/p>","protected":false},"excerpt":{"rendered":"<p><strong>Chemick\u00fd n\u00e1zev:<\/strong> Kyselina isokyanov\u00e1 A - B<br \/>\n<strong>Typ:<\/strong> Kyselina ISOCIAN<br \/>\n<strong>Hustota:<\/strong> 1450 g\/l.<br \/>\n<strong>Chemick\u00fd vzorec:<\/strong> HN = C = O<br \/>\n<strong>Racion\u00e1ln\u00ed vzorec:<\/strong> CHNO<br \/>\n<strong>Registra\u010dn\u00ed \u010d\u00edslo CAS:<\/strong> 75-13-8<br \/>\n<strong>PubChem:<\/strong> 6347<br \/>\nRegistra\u010dn\u00ed \u010d\u00edslo EINECS: 616-189-3<br \/>\nJedn\u00e1 se o izomer kyseliny fulmi...noov\u00e9 (H-C\u2261N \u2192 O).<\/p>","protected":false},"featured_media":770,"comment_status":"open","ping_status":"closed","template":"","meta":{"_kadence_starter_templates_imported_post":false,"_kad_post_transparent":"default","_kad_post_title":"","_kad_post_layout":"default","_kad_post_sidebar_id":"","_kad_post_content_style":"default","_kad_post_vertical_padding":"default","_kad_post_feature":"","_kad_post_feature_position":"","_kad_post_header":false,"_kad_post_footer":false},"product_brand":[],"product_cat":[15],"product_tag":[],"class_list":{"0":"post-769","1":"product","2":"type-product","3":"status-publish","4":"has-post-thumbnail","6":"product_cat-caluanie","8":"first","9":"instock","10":"shipping-taxable","11":"purchasable","12":"product-type-variable","13":"has-default-attributes","14":"entry","15":"content-bg","16":"loop-entry"},"yoast_head":"<!-- This site is optimized with the Yoast SEO plugin v25.3.1 - https:\/\/yoast.com\/wordpress\/plugins\/seo\/ -->\n<title>Isocyanic Acid A-B Caluanie - Isocyanic Acid A-B Caluanie for Sale<\/title>\n<meta name=\"description\" content=\"Your requirement to buy Isocyanic acid a-b caluanie online can be fulfilled at our online store as we have Isocyanic acid a-b caluanie for sale here. Place your order and get affordable deals every day. Order Now!\" \/>\n<meta name=\"robots\" content=\"index, follow, max-snippet:-1, max-image-preview:large, max-video-preview:-1\" \/>\n<link rel=\"canonical\" href=\"https:\/\/moleculeminds.com\/cs\/shop\/isocyanic-acid-a-b-caluanie\/\" \/>\n<meta property=\"og:locale\" content=\"cs_CZ\" \/>\n<meta property=\"og:type\" content=\"article\" \/>\n<meta property=\"og:title\" content=\"Isocyanic Acid A-B Caluanie - Isocyanic Acid A-B Caluanie for Sale\" \/>\n<meta property=\"og:description\" content=\"Your requirement to buy Isocyanic acid a-b caluanie online can be fulfilled at our online store as we have Isocyanic acid a-b caluanie for sale here. Place your order and get affordable deals every day. Order Now!\" \/>\n<meta property=\"og:url\" content=\"https:\/\/moleculeminds.com\/cs\/shop\/isocyanic-acid-a-b-caluanie\/\" \/>\n<meta property=\"og:site_name\" content=\"MoleculeMinds\" \/>\n<meta property=\"article:modified_time\" content=\"2025-09-26T08:40:33+00:00\" \/>\n<meta property=\"og:image\" content=\"https:\/\/moleculeminds.com\/wp-content\/uploads\/2024\/10\/Isocyanic-Acid-A-B-Caluanie-600x800-1.jpeg\" \/>\n\t<meta property=\"og:image:width\" content=\"600\" \/>\n\t<meta property=\"og:image:height\" content=\"800\" \/>\n\t<meta property=\"og:image:type\" content=\"image\/jpeg\" \/>\n<meta name=\"twitter:card\" content=\"summary_large_image\" \/>\n<meta name=\"twitter:label1\" content=\"Odhadovan\u00e1 doba \u010dten\u00ed\" \/>\n\t<meta name=\"twitter:data1\" content=\"4 minuty\" \/>\n<script type=\"application\/ld+json\" class=\"yoast-schema-graph\">{\"@context\":\"https:\/\/schema.org\",\"@graph\":[{\"@type\":\"WebPage\",\"@id\":\"https:\/\/moleculeminds.com\/shop\/isocyanic-acid-a-b-caluanie\/\",\"url\":\"https:\/\/moleculeminds.com\/shop\/isocyanic-acid-a-b-caluanie\/\",\"name\":\"Isocyanic Acid A-B Caluanie - Isocyanic Acid A-B Caluanie for Sale\",\"isPartOf\":{\"@id\":\"https:\/\/moleculeminds.com\/#website\"},\"primaryImageOfPage\":{\"@id\":\"https:\/\/moleculeminds.com\/shop\/isocyanic-acid-a-b-caluanie\/#primaryimage\"},\"image\":{\"@id\":\"https:\/\/moleculeminds.com\/shop\/isocyanic-acid-a-b-caluanie\/#primaryimage\"},\"thumbnailUrl\":\"https:\/\/moleculeminds.com\/wp-content\/uploads\/2024\/10\/Isocyanic-Acid-A-B-Caluanie-600x800-1.jpeg\",\"datePublished\":\"2024-10-25T13:48:57+00:00\",\"dateModified\":\"2025-09-26T08:40:33+00:00\",\"description\":\"Your requirement to buy Isocyanic acid a-b caluanie online can be fulfilled at our online store as we have Isocyanic acid a-b caluanie for sale here. Place your order and get affordable deals every day. Order Now!\",\"breadcrumb\":{\"@id\":\"https:\/\/moleculeminds.com\/shop\/isocyanic-acid-a-b-caluanie\/#breadcrumb\"},\"inLanguage\":\"cs\",\"potentialAction\":[{\"@type\":\"ReadAction\",\"target\":[\"https:\/\/moleculeminds.com\/shop\/isocyanic-acid-a-b-caluanie\/\"]}]},{\"@type\":\"ImageObject\",\"inLanguage\":\"cs\",\"@id\":\"https:\/\/moleculeminds.com\/shop\/isocyanic-acid-a-b-caluanie\/#primaryimage\",\"url\":\"https:\/\/moleculeminds.com\/wp-content\/uploads\/2024\/10\/Isocyanic-Acid-A-B-Caluanie-600x800-1.jpeg\",\"contentUrl\":\"https:\/\/moleculeminds.com\/wp-content\/uploads\/2024\/10\/Isocyanic-Acid-A-B-Caluanie-600x800-1.jpeg\",\"width\":600,\"height\":800,\"caption\":\"Isocyanic Acid A-B Caluanie for Sale\"},{\"@type\":\"BreadcrumbList\",\"@id\":\"https:\/\/moleculeminds.com\/shop\/isocyanic-acid-a-b-caluanie\/#breadcrumb\",\"itemListElement\":[{\"@type\":\"ListItem\",\"position\":1,\"name\":\"Home\",\"item\":\"https:\/\/moleculeminds.com\/\"},{\"@type\":\"ListItem\",\"position\":2,\"name\":\"Shop\",\"item\":\"https:\/\/moleculeminds.com\/shop\/\"},{\"@type\":\"ListItem\",\"position\":3,\"name\":\"Isocyanic Acid A-B Caluanie for Sale\"}]},{\"@type\":\"WebSite\",\"@id\":\"https:\/\/moleculeminds.com\/#website\",\"url\":\"https:\/\/moleculeminds.com\/\",\"name\":\"MoleculeMinds\",\"description\":\"My WordPress Blog\",\"publisher\":{\"@id\":\"https:\/\/moleculeminds.com\/#organization\"},\"potentialAction\":[{\"@type\":\"SearchAction\",\"target\":{\"@type\":\"EntryPoint\",\"urlTemplate\":\"https:\/\/moleculeminds.com\/?s={search_term_string}\"},\"query-input\":{\"@type\":\"PropertyValueSpecification\",\"valueRequired\":true,\"valueName\":\"search_term_string\"}}],\"inLanguage\":\"cs\"},{\"@type\":\"Organization\",\"@id\":\"https:\/\/moleculeminds.com\/#organization\",\"name\":\"MoleculeMinds\",\"url\":\"https:\/\/moleculeminds.com\/\",\"logo\":{\"@type\":\"ImageObject\",\"inLanguage\":\"cs\",\"@id\":\"https:\/\/moleculeminds.com\/#\/schema\/logo\/image\/\",\"url\":\"https:\/\/moleculeminds.com\/wp-content\/uploads\/2024\/10\/cropped-Chemistry-Lab-Chemical-Logo.png\",\"contentUrl\":\"https:\/\/moleculeminds.com\/wp-content\/uploads\/2024\/10\/cropped-Chemistry-Lab-Chemical-Logo.png\",\"width\":315,\"height\":213,\"caption\":\"MoleculeMinds\"},\"image\":{\"@id\":\"https:\/\/moleculeminds.com\/#\/schema\/logo\/image\/\"}}]}<\/script>\n<!-- \/ Yoast SEO plugin. -->","yoast_head_json":{"title":"Isocyanic Acid A-B Caluanie - Isocyanic Acid A-B Caluanie for Sale","description":"Your requirement to buy Isocyanic acid a-b caluanie online can be fulfilled at our online store as we have Isocyanic acid a-b caluanie for sale here. Place your order and get affordable deals every day. Order Now!","robots":{"index":"index","follow":"follow","max-snippet":"max-snippet:-1","max-image-preview":"max-image-preview:large","max-video-preview":"max-video-preview:-1"},"canonical":"https:\/\/moleculeminds.com\/cs\/shop\/isocyanic-acid-a-b-caluanie\/","og_locale":"cs_CZ","og_type":"article","og_title":"Isocyanic Acid A-B Caluanie - Isocyanic Acid A-B Caluanie for Sale","og_description":"Your requirement to buy Isocyanic acid a-b caluanie online can be fulfilled at our online store as we have Isocyanic acid a-b caluanie for sale here. Place your order and get affordable deals every day. Order Now!","og_url":"https:\/\/moleculeminds.com\/cs\/shop\/isocyanic-acid-a-b-caluanie\/","og_site_name":"MoleculeMinds","article_modified_time":"2025-09-26T08:40:33+00:00","og_image":[{"width":600,"height":800,"url":"https:\/\/moleculeminds.com\/wp-content\/uploads\/2024\/10\/Isocyanic-Acid-A-B-Caluanie-600x800-1.jpeg","type":"image\/jpeg"}],"twitter_card":"summary_large_image","twitter_misc":{"Odhadovan\u00e1 doba \u010dten\u00ed":"4 minuty"},"schema":{"@context":"https:\/\/schema.org","@graph":[{"@type":"WebPage","@id":"https:\/\/moleculeminds.com\/shop\/isocyanic-acid-a-b-caluanie\/","url":"https:\/\/moleculeminds.com\/shop\/isocyanic-acid-a-b-caluanie\/","name":"Isocyanic Acid A-B Caluanie - Isocyanic Acid A-B Caluanie for Sale","isPartOf":{"@id":"https:\/\/moleculeminds.com\/#website"},"primaryImageOfPage":{"@id":"https:\/\/moleculeminds.com\/shop\/isocyanic-acid-a-b-caluanie\/#primaryimage"},"image":{"@id":"https:\/\/moleculeminds.com\/shop\/isocyanic-acid-a-b-caluanie\/#primaryimage"},"thumbnailUrl":"https:\/\/moleculeminds.com\/wp-content\/uploads\/2024\/10\/Isocyanic-Acid-A-B-Caluanie-600x800-1.jpeg","datePublished":"2024-10-25T13:48:57+00:00","dateModified":"2025-09-26T08:40:33+00:00","description":"Your requirement to buy Isocyanic acid a-b caluanie online can be fulfilled at our online store as we have Isocyanic acid a-b caluanie for sale here. Place your order and get affordable deals every day. Order Now!","breadcrumb":{"@id":"https:\/\/moleculeminds.com\/shop\/isocyanic-acid-a-b-caluanie\/#breadcrumb"},"inLanguage":"cs","potentialAction":[{"@type":"ReadAction","target":["https:\/\/moleculeminds.com\/shop\/isocyanic-acid-a-b-caluanie\/"]}]},{"@type":"ImageObject","inLanguage":"cs","@id":"https:\/\/moleculeminds.com\/shop\/isocyanic-acid-a-b-caluanie\/#primaryimage","url":"https:\/\/moleculeminds.com\/wp-content\/uploads\/2024\/10\/Isocyanic-Acid-A-B-Caluanie-600x800-1.jpeg","contentUrl":"https:\/\/moleculeminds.com\/wp-content\/uploads\/2024\/10\/Isocyanic-Acid-A-B-Caluanie-600x800-1.jpeg","width":600,"height":800,"caption":"Isocyanic Acid A-B Caluanie for Sale"},{"@type":"BreadcrumbList","@id":"https:\/\/moleculeminds.com\/shop\/isocyanic-acid-a-b-caluanie\/#breadcrumb","itemListElement":[{"@type":"ListItem","position":1,"name":"Home","item":"https:\/\/moleculeminds.com\/"},{"@type":"ListItem","position":2,"name":"Shop","item":"https:\/\/moleculeminds.com\/shop\/"},{"@type":"ListItem","position":3,"name":"Isocyanic Acid A-B Caluanie for Sale"}]},{"@type":"WebSite","@id":"https:\/\/moleculeminds.com\/#website","url":"https:\/\/moleculeminds.com\/","name":"MoleculeMinds","description":"My WordPress Blog","publisher":{"@id":"https:\/\/moleculeminds.com\/#organization"},"potentialAction":[{"@type":"SearchAction","target":{"@type":"EntryPoint","urlTemplate":"https:\/\/moleculeminds.com\/?s={search_term_string}"},"query-input":{"@type":"PropertyValueSpecification","valueRequired":true,"valueName":"search_term_string"}}],"inLanguage":"cs"},{"@type":"Organization","@id":"https:\/\/moleculeminds.com\/#organization","name":"MoleculeMinds","url":"https:\/\/moleculeminds.com\/","logo":{"@type":"ImageObject","inLanguage":"cs","@id":"https:\/\/moleculeminds.com\/#\/schema\/logo\/image\/","url":"https:\/\/moleculeminds.com\/wp-content\/uploads\/2024\/10\/cropped-Chemistry-Lab-Chemical-Logo.png","contentUrl":"https:\/\/moleculeminds.com\/wp-content\/uploads\/2024\/10\/cropped-Chemistry-Lab-Chemical-Logo.png","width":315,"height":213,"caption":"MoleculeMinds"},"image":{"@id":"https:\/\/moleculeminds.com\/#\/schema\/logo\/image\/"}}]}},"_links":{"self":[{"href":"https:\/\/moleculeminds.com\/cs\/wp-json\/wp\/v2\/product\/769","targetHints":{"allow":["GET"]}}],"collection":[{"href":"https:\/\/moleculeminds.com\/cs\/wp-json\/wp\/v2\/product"}],"about":[{"href":"https:\/\/moleculeminds.com\/cs\/wp-json\/wp\/v2\/types\/product"}],"replies":[{"embeddable":true,"href":"https:\/\/moleculeminds.com\/cs\/wp-json\/wp\/v2\/comments?post=769"}],"wp:featuredmedia":[{"embeddable":true,"href":"https:\/\/moleculeminds.com\/cs\/wp-json\/wp\/v2\/media\/770"}],"wp:attachment":[{"href":"https:\/\/moleculeminds.com\/cs\/wp-json\/wp\/v2\/media?parent=769"}],"wp:term":[{"taxonomy":"product_brand","embeddable":true,"href":"https:\/\/moleculeminds.com\/cs\/wp-json\/wp\/v2\/product_brand?post=769"},{"taxonomy":"product_cat","embeddable":true,"href":"https:\/\/moleculeminds.com\/cs\/wp-json\/wp\/v2\/product_cat?post=769"},{"taxonomy":"product_tag","embeddable":true,"href":"https:\/\/moleculeminds.com\/cs\/wp-json\/wp\/v2\/product_tag?post=769"}],"curies":[{"name":"wp","href":"https:\/\/api.w.org\/{rel}","templated":true}]}}