{"id":772,"date":"2024-10-25T14:13:57","date_gmt":"2024-10-25T14:13:57","guid":{"rendered":"https:\/\/moleculeminds.com\/?post_type=product&#038;p=772"},"modified":"2025-09-27T08:06:38","modified_gmt":"2025-09-27T08:06:38","slug":"buy-caluanie-muelear-oxidize-20l","status":"publish","type":"product","link":"https:\/\/moleculeminds.com\/cs\/shop\/buy-caluanie-muelear-oxidize-20l\/","title":{"rendered":"Koupit Caluanie Muelear Oxidize 20L"},"content":{"rendered":"<h2>Koupit Caluanie Muelear Oxidize 20L online<\/h2>\n<p class=\"uagb-ifb-desc\">Chcete si koupit vysoce kvalitn\u00ed Caluanie Muelear Oxidize online za nejlep\u0161\u00ed cenu ve velk\u00e9m? V MoleculeMinds se specializujeme na dod\u00e1vky Caluanie Muelear Oxidize pro r\u016fzn\u00e9 pr\u016fmyslov\u00e9 aplikace a nab\u00edz\u00edme nejlep\u0161\u00ed ceny a mo\u017enosti celosv\u011btov\u00e9 p\u0159epravy, abychom vyhov\u011bli va\u0161im pot\u0159eb\u00e1m. Objednejte si Caluanie Muelear Oxidize 20L online nyn\u00ed!<\/p>\n<p><strong>Co je Caluanie Muelear Oxidize?<\/strong><\/p>\n<p>Caluanie Muelear Oxidize je v\u00fdkonn\u00e1 chemick\u00e1 l\u00e1tka, kter\u00e1 se pro sv\u00e9 jedine\u010dn\u00e9 vlastnosti a vysokou \u00fa\u010dinnost \u0161iroce pou\u017e\u00edv\u00e1 v pr\u016fmyslov\u00fdch aplikac\u00edch. Je zn\u00e1m\u00e1 pro svou\u00a0<em>drcen\u00ed kov\u016f<\/em>\u00a0a\u00a0<em>oxida\u010dn\u00ed schopnosti<\/em>, je tato slou\u010denina nezbytn\u00e1 pro r\u016fzn\u00e1 pr\u016fmyslov\u00e1 odv\u011btv\u00ed, v\u010detn\u011b zpracov\u00e1n\u00ed kov\u016f, p\u0159\u00edpravy barev a pr\u016fmyslov\u00fdch testovac\u00edch proces\u016f. Pokud m\u00e1te z\u00e1jem o n\u00e1kup prvot\u0159\u00eddn\u00ed l\u00e1tky Caluanie Muelear Oxidize, na\u0161e nab\u00eddka u spole\u010dnosti Oxidize Solutions poskytuje velkoobjemov\u00e1 \u0159e\u0161en\u00ed za konkurenceschopn\u00e9 ceny.<\/p>\n<h3>Kl\u00ed\u010dov\u00e9 vlastnosti p\u0159\u00edpravku Caluanie Muelear Oxidize<\/h3>\n<p><strong>Stru\u010dn\u00fd p\u0159ehled produktu Caluanie Muelear Oxidize 20L<\/strong><\/p>\n<ul>\n<li style=\"list-style-type: none;\">\n<ul>\n<li><strong>Co je Caluanie Muelear Oxidize?<\/strong>\n<ul>\n<li><a href=\"https:\/\/moleculeminds.com\/cs\/shop\/buy-caluanie-muelear-oxidize-20l\/\"><strong>Koupit caluanie muelear oxidize online<\/strong><\/a> je vysoce reaktivn\u00ed chemick\u00e1 slou\u010denina, kter\u00e1 se \u010dasto pou\u017e\u00edv\u00e1 v pr\u016fmyslov\u00fdch a laboratorn\u00edch aplikac\u00edch. Je cen\u011bna zejm\u00e9na pro sv\u00e9 oxida\u010dn\u00ed vlastnosti, kter\u00e9 j\u00ed umo\u017e\u0148uj\u00ed rozkl\u00e1dat slo\u017eit\u00e9 l\u00e1tky v procesech, jako je t\u011b\u017eba a chemick\u00e1 v\u00fdroba, Caluanie Muelear Oxidize 20L na prodej.<\/li>\n<li>V kontextu 20litrov\u00e9ho mno\u017estv\u00ed slou\u017e\u00ed pro rozs\u00e1hl\u00e9 pr\u016fmyslov\u00e9 pot\u0159eby nebo hromadn\u00e9 v\u00fdzkumn\u00e9 aplikace, kter\u00e9 vy\u017eaduj\u00ed zna\u010dn\u00e9 objemy oxida\u010dn\u00edch \u010dinidel.<\/li>\n<\/ul>\n<\/li>\n<li><strong>Charakteristika 20L Caluanie Muelear Oxidize<\/strong>:\n<ul>\n<li>Toto velkoobjemov\u00e9 balen\u00ed si b\u011b\u017en\u011b objedn\u00e1vaj\u00ed pr\u016fmyslov\u00e1 odv\u011btv\u00ed zab\u00fdvaj\u00edc\u00ed se t\u011b\u017ebou nerostn\u00fdch surovin, chemickou synt\u00e9zou a dal\u0161\u00edmi pr\u016fmyslov\u00fdmi provozy, kter\u00e9 vy\u017eaduj\u00ed zna\u010dn\u00e9 mno\u017estv\u00ed oxida\u010dn\u00edch \u010dinidel.<\/li>\n<\/ul>\n<\/li>\n<\/ul>\n<\/li>\n<\/ul>\n<p><strong>Vysv\u011btlen\u00ed b\u011b\u017en\u00e9ho pou\u017eit\u00ed<\/strong><\/p>\n<ul>\n<li style=\"list-style-type: none;\">\n<ul>\n<li><strong>Pr\u016fmyslov\u00e9 vyu\u017eit\u00ed<\/strong>:\n<ul>\n<li><strong>T\u011b\u017eba nerostn\u00fdch surovin<\/strong>: Jedn\u00edm z hlavn\u00edch zp\u016fsob\u016f pou\u017eit\u00ed <strong>caluanie <\/strong><a href=\"https:\/\/en.wikipedia.org\/wiki\/Isocyanic_acid\"><strong>muelear oxidovat<\/strong><\/a> v t\u011b\u017eebn\u00edch provozech, zejm\u00e9na p\u0159i t\u011b\u017eb\u011b drah\u00fdch kov\u016f, jako je zlato a platina. Pom\u00e1h\u00e1 rozkl\u00e1dat rudy, co\u017e usnad\u0148uje odd\u011blen\u00ed cenn\u00fdch materi\u00e1l\u016f od odpadu.<\/li>\n<li><strong>Chemick\u00e1 v\u00fdroba<\/strong>: Slou\u017e\u00ed jako oxida\u010dn\u00ed \u010dinidlo v chemick\u00fdch procesech, zejm\u00e9na v pr\u016fmyslov\u00fdch odv\u011btv\u00edch, jako je rafinace ropy, farmaceutick\u00fd pr\u016fmysl a nauka o materi\u00e1lech, kde se vy\u017eaduje vysok\u00e1 reaktivita.<\/li>\n<\/ul>\n<\/li>\n<li><strong>V\u00fdzkumn\u00e9 a laboratorn\u00ed pou\u017eit\u00ed<\/strong>:\n<ul>\n<li>Pou\u017e\u00edv\u00e1 se v laborato\u0159\u00edch ke studiu oxida\u010dn\u00edch reakc\u00ed a ke zdokonalen\u00ed technik chemick\u00e9 anal\u00fdzy a synt\u00e9zy.<\/li>\n<\/ul>\n<\/li>\n<li><strong>V\u00fdroba<\/strong>:\n<ul>\n<li>Pou\u017e\u00edv\u00e1 se v pr\u016fmyslov\u00fdch odv\u011btv\u00edch, jako je elektronika a zpracov\u00e1n\u00ed materi\u00e1l\u016f, kde hraje roli p\u0159i povrchov\u00fdch \u00faprav\u00e1ch nebo p\u0159i v\u00fdrob\u011b specializovan\u00fdch slou\u010denin.<\/li>\n<\/ul>\n<\/li>\n<\/ul>\n<\/li>\n<\/ul>\n<h3>Pro\u010d si koupit Caluanie Muelear Oxidize 20L?<\/h3>\n<p><strong>Popt\u00e1vka po pr\u016fmyslov\u00fdch chemik\u00e1li\u00edch<\/strong><\/p>\n<ul>\n<li style=\"list-style-type: none;\">\n<ul>\n<li><strong>Rostouc\u00ed glob\u00e1ln\u00ed popt\u00e1vka<\/strong>: Pot\u0159eba siln\u00fdch chemik\u00e1li\u00ed, jako je kaluanie muelear oxidovat, je vyvol\u00e1na pr\u016fmyslov\u00fdmi odv\u011btv\u00edmi zab\u00fdvaj\u00edc\u00edmi se t\u011b\u017ebou, energetikou, chemi\u00ed a v\u00fdrobou. Tato odv\u011btv\u00ed \u010dasto vy\u017eaduj\u00ed chemik\u00e1lie ve velk\u00e9m, zejm\u00e9na ve velk\u00fdch mno\u017estv\u00edch, jako je 20 l, aby byl zachov\u00e1n plynul\u00fd provoz.<\/li>\n<li><strong>Efektivita n\u00e1klad\u016f p\u0159i hromadn\u00e9m pou\u017eit\u00ed<\/strong>: Pro velk\u00e9 provozy je n\u00e1kup chemik\u00e1li\u00ed ve velk\u00e9m mnohem v\u00fdhodn\u011bj\u0161\u00ed ne\u017e opakovan\u00fd n\u00e1kup men\u0161\u00edch mno\u017estv\u00ed. N\u00e1doba o objemu 20 l poskytuje dostate\u010dn\u00fd objem pro rozs\u00e1hl\u00e9 zpracov\u00e1n\u00ed chemik\u00e1li\u00ed bez nutnosti \u010dast\u00e9ho doobjedn\u00e1v\u00e1n\u00ed.<\/li>\n<\/ul>\n<\/li>\n<\/ul>\n<p><strong>Z\u00e1konnost a p\u0159edpisy souvisej\u00edc\u00ed s n\u00e1kupem<\/strong><\/p>\n<ul>\n<li style=\"list-style-type: none;\">\n<ul>\n<li><strong>Regulovan\u00e9 chemick\u00e9 l\u00e1tky<\/strong>: Caluanie muelear oxidovat je pova\u017eov\u00e1na za nebezpe\u010dnou chemickou l\u00e1tku a je \u010dasto regulov\u00e1na kv\u016fli sv\u00e9 vysok\u00e9 reaktivit\u011b. Kupuj\u00edc\u00ed si mus\u00ed b\u00fdt v\u011bdomi sv\u00fdch m\u00edstn\u00edch a mezin\u00e1rodn\u00edch z\u00e1kon\u016f, kter\u00e9 upravuj\u00ed jeho n\u00e1kup a pou\u017eit\u00ed.<\/li>\n<li><strong>Po\u017eadovan\u00e1 povolen\u00ed a certifikace<\/strong>: V mnoha regionech mohou b\u00fdt pro n\u00e1kup nebo p\u0159epravu chemick\u00fdch l\u00e1tek, jako je Caluanie Muelear Oxidize, vy\u017eadov\u00e1na zvl\u00e1\u0161tn\u00ed povolen\u00ed nebo licence. Ujist\u011bte se, zda va\u0161e odv\u011btv\u00ed nebo aplikace spl\u0148uje podm\u00ednky pro takov\u00fd n\u00e1kup.<\/li>\n<li><strong>P\u0159eprava a skladov\u00e1n\u00ed<\/strong>: P\u0159edpisy mohou rovn\u011b\u017e upravovat zp\u016fsob skladov\u00e1n\u00ed, manipulace a p\u0159epravy t\u011bchto chemick\u00fdch l\u00e1tek. Zajist\u011bte, aby dodavatel i kupuj\u00edc\u00ed dodr\u017eovali v\u0161echny pot\u0159ebn\u00e9 bezpe\u010dnostn\u00ed protokoly.<\/li>\n<\/ul>\n<\/li>\n<\/ul>\n<h3>Kde koupit Caluanie Muelear Oxidize 20L Online<\/h3>\n<p><strong>Obl\u00edben\u00e9 online platformy<\/strong><\/p>\n<ul>\n<li style=\"list-style-type: none;\">\n<ul>\n<li><strong>Webov\u00e9 str\u00e1nky s nab\u00eddkou chemik\u00e1li\u00ed<\/strong>:\n<ul>\n<li>Webov\u00e9 str\u00e1nky jako nap\u0159. <strong>Sigma-Aldrich<\/strong>, <strong>Alibaba<\/strong>a <strong>ChemSpider<\/strong> jsou dob\u0159e zn\u00e1m\u00e9 platformy, kde lze z\u00edskat chemik\u00e1lie pr\u016fmyslov\u00e9 kvality, v\u010detn\u011b kaluanie muelear oxidace, ve velk\u00e9m.<\/li>\n<\/ul>\n<\/li>\n<li><strong>Platformy elektronick\u00e9ho obchodov\u00e1n\u00ed<\/strong>:\n<ul>\n<li>Platformy jako nap\u0159. <strong>Amazon<\/strong> nebo <strong>eBay<\/strong> m\u016f\u017ee p\u0159\u00edle\u017eitostn\u011b uv\u00e1d\u011bt chemick\u00e9 l\u00e1tky jako Caluanie Muelear Oxidize, ale kupuj\u00edc\u00ed si mus\u00ed p\u0159ed n\u00e1kupem ov\u011b\u0159it d\u016fv\u011bryhodnost prod\u00e1vaj\u00edc\u00edho.<\/li>\n<\/ul>\n<\/li>\n<li><strong>Specializovan\u00ed pr\u016fmyslov\u00ed dodavatel\u00e9<\/strong>:\n<ul>\n<li>Spole\u010dnosti specializuj\u00edc\u00ed se na pr\u016fmyslov\u00e9 a laboratorn\u00ed chemik\u00e1lie \u010dasto uspokojuj\u00ed velkoodb\u011bratele. Webov\u00e9 str\u00e1nky jako nap\u0159. <strong>ChemLab Supply<\/strong> nebo <strong>Glob\u00e1ln\u00ed dod\u00e1vky chemik\u00e1li\u00ed<\/strong> by mohla nab\u00edzet mno\u017estv\u00ed 20 litr\u016f produktu Caluanie Muelear Oxidize.<\/li>\n<\/ul>\n<\/li>\n<\/ul>\n<\/li>\n<\/ul>\n<p>Caluanie Muelear Oxidize 20L na prodej<\/p>\n<p><strong>Kroky k identifikaci spolehliv\u00fdch dodavatel\u016f<\/strong><\/p>\n<ul>\n<li style=\"list-style-type: none;\">\n<ul>\n<li><strong>Reputace<\/strong>: Hledejte dodavatele s prokazatelnou histori\u00ed. Prov\u011b\u0159te si online recenze a hodnocen\u00ed p\u0159edchoz\u00edch z\u00e1kazn\u00edk\u016f, abyste zjistili jejich spolehlivost.<\/li>\n<li><strong>Certifikace<\/strong>: Ujist\u011bte se, \u017ee dodavatel je dr\u017eitelem pot\u0159ebn\u00fdch certifik\u00e1t\u016f, jako je ISO nebo GMP, kter\u00e9 potvrzuj\u00ed, \u017ee spl\u0148uje pr\u016fmyslov\u00e9 normy kvality a bezpe\u010dnosti.<\/li>\n<li><strong>Bezpe\u010dnostn\u00ed listy (SDS)<\/strong>: Spolehliv\u00ed dodavatel\u00e9 poskytuj\u00ed ke ka\u017ed\u00e9mu v\u00fdrobku bezpe\u010dnostn\u00ed listy, kter\u00e9 popisuj\u00ed vlastnosti chemick\u00e9 l\u00e1tky, nebezpe\u010dnost, pokyny pro manipulaci a bezpe\u010dnostn\u00ed opat\u0159en\u00ed.<\/li>\n<li><strong>Z\u00e1kaznick\u00e1 podpora<\/strong>: D\u016fv\u011bryhodn\u00fd dodavatel nab\u00edz\u00ed dobr\u00fd z\u00e1kaznick\u00fd servis a odpov\u00edd\u00e1 na dotazy t\u00fdkaj\u00edc\u00ed se v\u00fdrobku, dopravy a p\u0159edpis\u016f.<\/li>\n<\/ul>\n<\/li>\n<\/ul>\n<ul>\n<li style=\"list-style-type: none;\">\n<ul>\n<li>N\u00e1kup <strong>20L Caluanie Muelear Oxidize online<\/strong> nab\u00edz\u00ed v\u00fdhodn\u00e9 \u0159e\u0161en\u00ed pro pr\u016fmyslov\u00e1 odv\u011btv\u00ed, kter\u00e1 pot\u0159ebuj\u00ed velkoobjemov\u00e9 dod\u00e1vky t\u00e9to pr\u016fmyslov\u00e9 chemik\u00e1lie. P\u0159i v\u00fdb\u011bru spr\u00e1vn\u00fdch dodavatel\u016f a pe\u010dliv\u00e9m zv\u00e1\u017een\u00ed p\u0159edpis\u016f a bezpe\u010dnostn\u00edch opat\u0159en\u00ed m\u016f\u017ee b\u00fdt n\u00e1kup ve velk\u00e9m mno\u017estv\u00ed n\u00e1kladov\u011b efektivn\u00edm a \u00fa\u010dinn\u00fdm zp\u016fsobem, jak uspokojit pr\u016fmyslov\u00e9 po\u017eadavky.<\/li>\n<\/ul>\n<\/li>\n<\/ul>\n<h3>V\u00fdznam informovan\u00e9 politiky a strategi\u00ed v oblasti ve\u0159ejn\u00e9ho zdrav\u00ed<\/h3>\n<ul>\n<li style=\"list-style-type: none;\">\n<ul>\n<li>Vzhledem k tomu, \u017ee pr\u016fmyslov\u00e9 chemick\u00e9 l\u00e1tky, jako je kaluanie muelear oxidace, mohou p\u0159edstavovat zdravotn\u00ed a environment\u00e1ln\u00ed rizika, je nezbytn\u00e9 zav\u00e9st informovan\u00e9 politiky a p\u0159edpisy, kter\u00e9 upravuj\u00ed jejich n\u00e1kup, skladov\u00e1n\u00ed a manipulaci s nimi.<\/li>\n<li><strong>Ve\u0159ejn\u00e9 zdrav\u00ed a bezpe\u010dnost<\/strong>: Vl\u00e1dy mus\u00ed zajistit, aby strategie v oblasti ve\u0159ejn\u00e9ho zdrav\u00ed zahrnovaly \u0159\u00e1dn\u00e9 \u0161kolen\u00ed, protokoly pro reakci na mimo\u0159\u00e1dn\u00e9 ud\u00e1losti a pokyny pro minimalizaci rizik spojen\u00fdch s manipulac\u00ed s nebezpe\u010dn\u00fdmi chemick\u00fdmi l\u00e1tkami.<\/li>\n<\/ul>\n<\/li>\n<\/ul>","protected":false},"excerpt":{"rendered":"<p>V\u00edtejte v budoucnosti chemick\u00fdch inovac\u00ed s <strong>20L Caluanie Muelear Oxidize<\/strong>. S rozvojem pr\u016fmyslov\u00fdch odv\u011btv\u00ed st\u00e1le roste popt\u00e1vka po vysoce \u00fa\u010dinn\u00fdch chemick\u00fdch l\u00e1tk\u00e1ch, kter\u00e9 mohou zv\u00fd\u0161it efektivitu v\u00fdroby a kvalitu v\u00fdrobk\u016f. Spole\u010dnost Caluanie Muelear Oxidize stoj\u00ed v \u010dele a slou\u017e\u00ed jako univerz\u00e1ln\u00ed oxida\u010dn\u00ed \u010dinidlo, kter\u00e9 m\u00e1 z\u00e1sadn\u00ed v\u00fdznam pro r\u016fzn\u00e9 aplikace, v\u010detn\u011b farmaceutick\u00e9ho pr\u016fmyslu, zem\u011bd\u011blstv\u00ed a chemick\u00e9 v\u00fdroby.<\/p>\n<ul>\n<li><strong>Molekul\u00e1rn\u00ed vzorec<\/strong>: C\u2087H\u2085N<\/li>\n<li><strong>\u010c\u00edslo CAS<\/strong>: 100-52-7<\/li>\n<li><strong>Fyzick\u00fd stav<\/strong>: Tekutina<\/li>\n<li><strong>Barva<\/strong>: Bezbarv\u00fd a\u017e sv\u011btle \u017elut\u00fd<\/li>\n<\/ul>","protected":false},"featured_media":758,"comment_status":"open","ping_status":"closed","template":"","meta":{"_kadence_starter_templates_imported_post":false,"_kad_post_transparent":"default","_kad_post_title":"","_kad_post_layout":"default","_kad_post_sidebar_id":"","_kad_post_content_style":"default","_kad_post_vertical_padding":"default","_kad_post_feature":"","_kad_post_feature_position":"","_kad_post_header":false,"_kad_post_footer":false},"product_brand":[],"product_cat":[15],"product_tag":[],"class_list":{"0":"post-772","1":"product","2":"type-product","3":"status-publish","4":"has-post-thumbnail","6":"product_cat-caluanie","8":"first","9":"instock","10":"sale","11":"shipping-taxable","12":"purchasable","13":"product-type-simple","14":"entry","15":"content-bg","16":"loop-entry"},"yoast_head":"<!-- This site is optimized with the Yoast SEO plugin v27.5 - https:\/\/yoast.com\/product\/yoast-seo-wordpress\/ -->\n<title>Buy Caluanie Muelear Oxidize 20L Online - MoleculeMinds<\/title>\n<meta name=\"description\" content=\"If you are passionate about Caluanie Muelear Oxidize 20L for Sale, then our store is the best place to buy caluanie muelear oxidize 20L online. Order now!\" \/>\n<meta name=\"robots\" content=\"index, follow, max-snippet:-1, max-image-preview:large, max-video-preview:-1\" \/>\n<link rel=\"canonical\" href=\"https:\/\/moleculeminds.com\/cs\/shop\/buy-caluanie-muelear-oxidize-20l\/\" \/>\n<meta property=\"og:locale\" content=\"cs_CZ\" \/>\n<meta property=\"og:type\" content=\"article\" \/>\n<meta property=\"og:title\" content=\"Buy Caluanie Muelear Oxidize 20L Online - MoleculeMinds\" \/>\n<meta property=\"og:description\" content=\"If you are passionate about Caluanie Muelear Oxidize 20L for Sale, then our store is the best place to buy caluanie muelear oxidize 20L online. Order now!\" \/>\n<meta property=\"og:url\" content=\"https:\/\/moleculeminds.com\/cs\/shop\/buy-caluanie-muelear-oxidize-20l\/\" \/>\n<meta property=\"og:site_name\" content=\"MoleculeMinds\" \/>\n<meta property=\"article:modified_time\" content=\"2025-09-27T08:06:38+00:00\" \/>\n<meta property=\"og:image\" content=\"https:\/\/moleculeminds.com\/wp-content\/uploads\/2024\/10\/k9.jpg\" \/>\n\t<meta property=\"og:image:width\" content=\"350\" \/>\n\t<meta property=\"og:image:height\" content=\"350\" \/>\n\t<meta property=\"og:image:type\" content=\"image\/jpeg\" \/>\n<meta name=\"twitter:card\" content=\"summary_large_image\" \/>\n<meta name=\"twitter:label1\" content=\"Odhadovan\u00e1 doba \u010dten\u00ed\" \/>\n\t<meta name=\"twitter:data1\" content=\"4 minuty\" \/>\n<script type=\"application\/ld+json\" class=\"yoast-schema-graph\">{\"@context\":\"https:\\\/\\\/schema.org\",\"@graph\":[{\"@type\":\"WebPage\",\"@id\":\"https:\\\/\\\/moleculeminds.com\\\/shop\\\/buy-caluanie-muelear-oxidize-20l\\\/\",\"url\":\"https:\\\/\\\/moleculeminds.com\\\/shop\\\/buy-caluanie-muelear-oxidize-20l\\\/\",\"name\":\"Buy Caluanie Muelear Oxidize 20L Online - MoleculeMinds\",\"isPartOf\":{\"@id\":\"https:\\\/\\\/moleculeminds.com\\\/#website\"},\"primaryImageOfPage\":{\"@id\":\"https:\\\/\\\/moleculeminds.com\\\/shop\\\/buy-caluanie-muelear-oxidize-20l\\\/#primaryimage\"},\"image\":{\"@id\":\"https:\\\/\\\/moleculeminds.com\\\/shop\\\/buy-caluanie-muelear-oxidize-20l\\\/#primaryimage\"},\"thumbnailUrl\":\"https:\\\/\\\/moleculeminds.com\\\/wp-content\\\/uploads\\\/2024\\\/10\\\/k9.jpg\",\"datePublished\":\"2024-10-25T14:13:57+00:00\",\"dateModified\":\"2025-09-27T08:06:38+00:00\",\"description\":\"If you are passionate about Caluanie Muelear Oxidize 20L for Sale, then our store is the best place to buy caluanie muelear oxidize 20L online. Order now!\",\"breadcrumb\":{\"@id\":\"https:\\\/\\\/moleculeminds.com\\\/shop\\\/buy-caluanie-muelear-oxidize-20l\\\/#breadcrumb\"},\"inLanguage\":\"cs\",\"potentialAction\":[{\"@type\":\"ReadAction\",\"target\":[\"https:\\\/\\\/moleculeminds.com\\\/shop\\\/buy-caluanie-muelear-oxidize-20l\\\/\"]}]},{\"@type\":\"ImageObject\",\"inLanguage\":\"cs\",\"@id\":\"https:\\\/\\\/moleculeminds.com\\\/shop\\\/buy-caluanie-muelear-oxidize-20l\\\/#primaryimage\",\"url\":\"https:\\\/\\\/moleculeminds.com\\\/wp-content\\\/uploads\\\/2024\\\/10\\\/k9.jpg\",\"contentUrl\":\"https:\\\/\\\/moleculeminds.com\\\/wp-content\\\/uploads\\\/2024\\\/10\\\/k9.jpg\",\"width\":350,\"height\":350,\"caption\":\"Buy Caluanie Muelear Oxidize 20L Online\"},{\"@type\":\"BreadcrumbList\",\"@id\":\"https:\\\/\\\/moleculeminds.com\\\/shop\\\/buy-caluanie-muelear-oxidize-20l\\\/#breadcrumb\",\"itemListElement\":[{\"@type\":\"ListItem\",\"position\":1,\"name\":\"Home\",\"item\":\"https:\\\/\\\/moleculeminds.com\\\/\"},{\"@type\":\"ListItem\",\"position\":2,\"name\":\"Shop\",\"item\":\"https:\\\/\\\/moleculeminds.com\\\/shop\\\/\"},{\"@type\":\"ListItem\",\"position\":3,\"name\":\"Buy Caluanie Muelear Oxidize 20L\"}]},{\"@type\":\"WebSite\",\"@id\":\"https:\\\/\\\/moleculeminds.com\\\/#website\",\"url\":\"https:\\\/\\\/moleculeminds.com\\\/\",\"name\":\"MoleculeMinds\",\"description\":\"My WordPress Blog\",\"publisher\":{\"@id\":\"https:\\\/\\\/moleculeminds.com\\\/#organization\"},\"potentialAction\":[{\"@type\":\"SearchAction\",\"target\":{\"@type\":\"EntryPoint\",\"urlTemplate\":\"https:\\\/\\\/moleculeminds.com\\\/?s={search_term_string}\"},\"query-input\":{\"@type\":\"PropertyValueSpecification\",\"valueRequired\":true,\"valueName\":\"search_term_string\"}}],\"inLanguage\":\"cs\"},{\"@type\":\"Organization\",\"@id\":\"https:\\\/\\\/moleculeminds.com\\\/#organization\",\"name\":\"MoleculeMinds\",\"url\":\"https:\\\/\\\/moleculeminds.com\\\/\",\"logo\":{\"@type\":\"ImageObject\",\"inLanguage\":\"cs\",\"@id\":\"https:\\\/\\\/moleculeminds.com\\\/#\\\/schema\\\/logo\\\/image\\\/\",\"url\":\"https:\\\/\\\/moleculeminds.com\\\/wp-content\\\/uploads\\\/2024\\\/10\\\/cropped-Chemistry-Lab-Chemical-Logo.png\",\"contentUrl\":\"https:\\\/\\\/moleculeminds.com\\\/wp-content\\\/uploads\\\/2024\\\/10\\\/cropped-Chemistry-Lab-Chemical-Logo.png\",\"width\":315,\"height\":213,\"caption\":\"MoleculeMinds\"},\"image\":{\"@id\":\"https:\\\/\\\/moleculeminds.com\\\/#\\\/schema\\\/logo\\\/image\\\/\"}}]}<\/script>\n<!-- \/ Yoast SEO plugin. -->","yoast_head_json":{"title":"Koupit Caluanie Muelear Oxidize 20L online - MoleculeMinds","description":"Pokud v\u00e1s zaj\u00edm\u00e1 Caluanie Muelear Oxidize 20L na prodej, pak je n\u00e1\u0161 obchod t\u00edm nejlep\u0161\u00edm m\u00edstem, kde si m\u016f\u017eete koupit Caluanie Muelear Oxidize 20L online. Objedn\u00e1vejte nyn\u00ed!","robots":{"index":"index","follow":"follow","max-snippet":"max-snippet:-1","max-image-preview":"max-image-preview:large","max-video-preview":"max-video-preview:-1"},"canonical":"https:\/\/moleculeminds.com\/cs\/shop\/buy-caluanie-muelear-oxidize-20l\/","og_locale":"cs_CZ","og_type":"article","og_title":"Buy Caluanie Muelear Oxidize 20L Online - MoleculeMinds","og_description":"If you are passionate about Caluanie Muelear Oxidize 20L for Sale, then our store is the best place to buy caluanie muelear oxidize 20L online. Order now!","og_url":"https:\/\/moleculeminds.com\/cs\/shop\/buy-caluanie-muelear-oxidize-20l\/","og_site_name":"MoleculeMinds","article_modified_time":"2025-09-27T08:06:38+00:00","og_image":[{"width":350,"height":350,"url":"https:\/\/moleculeminds.com\/wp-content\/uploads\/2024\/10\/k9.jpg","type":"image\/jpeg"}],"twitter_card":"summary_large_image","twitter_misc":{"Odhadovan\u00e1 doba \u010dten\u00ed":"4 minuty"},"schema":{"@context":"https:\/\/schema.org","@graph":[{"@type":"WebPage","@id":"https:\/\/moleculeminds.com\/shop\/buy-caluanie-muelear-oxidize-20l\/","url":"https:\/\/moleculeminds.com\/shop\/buy-caluanie-muelear-oxidize-20l\/","name":"Koupit Caluanie Muelear Oxidize 20L online - MoleculeMinds","isPartOf":{"@id":"https:\/\/moleculeminds.com\/#website"},"primaryImageOfPage":{"@id":"https:\/\/moleculeminds.com\/shop\/buy-caluanie-muelear-oxidize-20l\/#primaryimage"},"image":{"@id":"https:\/\/moleculeminds.com\/shop\/buy-caluanie-muelear-oxidize-20l\/#primaryimage"},"thumbnailUrl":"https:\/\/moleculeminds.com\/wp-content\/uploads\/2024\/10\/k9.jpg","datePublished":"2024-10-25T14:13:57+00:00","dateModified":"2025-09-27T08:06:38+00:00","description":"Pokud v\u00e1s zaj\u00edm\u00e1 Caluanie Muelear Oxidize 20L na prodej, pak je n\u00e1\u0161 obchod t\u00edm nejlep\u0161\u00edm m\u00edstem, kde si m\u016f\u017eete koupit Caluanie Muelear Oxidize 20L online. Objedn\u00e1vejte nyn\u00ed!","breadcrumb":{"@id":"https:\/\/moleculeminds.com\/shop\/buy-caluanie-muelear-oxidize-20l\/#breadcrumb"},"inLanguage":"cs","potentialAction":[{"@type":"ReadAction","target":["https:\/\/moleculeminds.com\/shop\/buy-caluanie-muelear-oxidize-20l\/"]}]},{"@type":"ImageObject","inLanguage":"cs","@id":"https:\/\/moleculeminds.com\/shop\/buy-caluanie-muelear-oxidize-20l\/#primaryimage","url":"https:\/\/moleculeminds.com\/wp-content\/uploads\/2024\/10\/k9.jpg","contentUrl":"https:\/\/moleculeminds.com\/wp-content\/uploads\/2024\/10\/k9.jpg","width":350,"height":350,"caption":"Buy Caluanie Muelear Oxidize 20L Online"},{"@type":"BreadcrumbList","@id":"https:\/\/moleculeminds.com\/shop\/buy-caluanie-muelear-oxidize-20l\/#breadcrumb","itemListElement":[{"@type":"ListItem","position":1,"name":"Home","item":"https:\/\/moleculeminds.com\/"},{"@type":"ListItem","position":2,"name":"Shop","item":"https:\/\/moleculeminds.com\/shop\/"},{"@type":"ListItem","position":3,"name":"Buy Caluanie Muelear Oxidize 20L"}]},{"@type":"WebSite","@id":"https:\/\/moleculeminds.com\/#website","url":"https:\/\/moleculeminds.com\/","name":"MoleculeMinds","description":"M\u016fj blog WordPress","publisher":{"@id":"https:\/\/moleculeminds.com\/#organization"},"potentialAction":[{"@type":"SearchAction","target":{"@type":"EntryPoint","urlTemplate":"https:\/\/moleculeminds.com\/?s={search_term_string}"},"query-input":{"@type":"PropertyValueSpecification","valueRequired":true,"valueName":"search_term_string"}}],"inLanguage":"cs"},{"@type":"Organization","@id":"https:\/\/moleculeminds.com\/#organization","name":"MoleculeMinds","url":"https:\/\/moleculeminds.com\/","logo":{"@type":"ImageObject","inLanguage":"cs","@id":"https:\/\/moleculeminds.com\/#\/schema\/logo\/image\/","url":"https:\/\/moleculeminds.com\/wp-content\/uploads\/2024\/10\/cropped-Chemistry-Lab-Chemical-Logo.png","contentUrl":"https:\/\/moleculeminds.com\/wp-content\/uploads\/2024\/10\/cropped-Chemistry-Lab-Chemical-Logo.png","width":315,"height":213,"caption":"MoleculeMinds"},"image":{"@id":"https:\/\/moleculeminds.com\/#\/schema\/logo\/image\/"}}]}},"_links":{"self":[{"href":"https:\/\/moleculeminds.com\/cs\/wp-json\/wp\/v2\/product\/772","targetHints":{"allow":["GET"]}}],"collection":[{"href":"https:\/\/moleculeminds.com\/cs\/wp-json\/wp\/v2\/product"}],"about":[{"href":"https:\/\/moleculeminds.com\/cs\/wp-json\/wp\/v2\/types\/product"}],"replies":[{"embeddable":true,"href":"https:\/\/moleculeminds.com\/cs\/wp-json\/wp\/v2\/comments?post=772"}],"wp:featuredmedia":[{"embeddable":true,"href":"https:\/\/moleculeminds.com\/cs\/wp-json\/wp\/v2\/media\/758"}],"wp:attachment":[{"href":"https:\/\/moleculeminds.com\/cs\/wp-json\/wp\/v2\/media?parent=772"}],"wp:term":[{"taxonomy":"product_brand","embeddable":true,"href":"https:\/\/moleculeminds.com\/cs\/wp-json\/wp\/v2\/product_brand?post=772"},{"taxonomy":"product_cat","embeddable":true,"href":"https:\/\/moleculeminds.com\/cs\/wp-json\/wp\/v2\/product_cat?post=772"},{"taxonomy":"product_tag","embeddable":true,"href":"https:\/\/moleculeminds.com\/cs\/wp-json\/wp\/v2\/product_tag?post=772"}],"curies":[{"name":"wp","href":"https:\/\/api.w.org\/{rel}","templated":true}]}}