{"id":777,"date":"2024-10-25T15:24:34","date_gmt":"2024-10-25T15:24:34","guid":{"rendered":"https:\/\/moleculeminds.com\/?post_type=product&#038;p=777"},"modified":"2025-09-26T09:00:22","modified_gmt":"2025-09-26T09:00:22","slug":"1l-caluanie-muelear-oxidize","status":"publish","type":"product","link":"https:\/\/moleculeminds.com\/cs\/shop\/1l-caluanie-muelear-oxidize\/","title":{"rendered":"1L Caluanie Muelear Oxidize"},"content":{"rendered":"<h2><strong>Koupit 1L Caluanie Muelear Oxidize online z Moleculeminds<\/strong><\/h2>\n<h3><strong>\u00davod<\/strong><\/h3>\n<p><strong>Stru\u010dn\u00fd p\u0159ehled produktu Caluanie Muelear Oxidize<\/strong><\/p>\n<ul>\n<li style=\"list-style-type: none;\">\n<ul>\n<li>Definice: <a href=\"https:\/\/moleculeminds.com\/cs\/shop\/1l-caluanie-muelear-oxidize\/\"><strong>Koupit Caluanie Muelear Oxidize online<\/strong><\/a> je vysoce specializovan\u00e1 chemick\u00e1 l\u00e1tka, kter\u00e1 se \u010dasto pou\u017e\u00edv\u00e1 v pr\u016fmyslov\u00fdch procesech pro oxida\u010dn\u00ed reakce.<\/li>\n<li>Charakteristika: Obvykle se pou\u017e\u00edv\u00e1 v chemick\u00e9 synt\u00e9ze, p\u0159i zpracov\u00e1n\u00ed miner\u00e1l\u016f a v dal\u0161\u00edch pr\u016fmyslov\u00fdch aplikac\u00edch. Jedn\u00e1 se o nebezpe\u010dnou l\u00e1tku, se kterou je t\u0159eba zach\u00e1zet opatrn\u011b.<\/li>\n<li>Chemick\u00e9 vlastnosti: Vysok\u00e1 reaktivita s n\u011bkter\u00fdmi kovy a miner\u00e1ly, pou\u017e\u00edv\u00e1 se p\u0159i rozkladu slo\u017eit\u00fdch materi\u00e1l\u016f.<\/li>\n<\/ul>\n<\/li>\n<\/ul>\n<p><strong>Vysv\u011btlen\u00ed b\u011b\u017en\u00e9ho pou\u017eit\u00ed<\/strong><\/p>\n<ul>\n<li style=\"list-style-type: none;\">\n<ul>\n<li style=\"list-style-type: none;\">\n<ul>\n<li><strong>Pr\u016fmyslov\u00e9 vyu\u017eit\u00ed<\/strong>:\n<ul>\n<li>Pou\u017e\u00edv\u00e1 se p\u0159edev\u0161\u00edm v pr\u016fmyslov\u00fdch odv\u011btv\u00edch p\u0159i zpracov\u00e1n\u00ed miner\u00e1l\u016f, zejm\u00e9na p\u0159i t\u011b\u017eb\u011b drah\u00fdch kov\u016f, jako je zlato a platina.<\/li>\n<li>Pou\u017e\u00edv\u00e1 se v chemick\u00e9 synt\u00e9ze a jako katalyz\u00e1tor v n\u011bkter\u00fdch reakc\u00edch.<\/li>\n<\/ul>\n<\/li>\n<li><strong>V\u00fdzkum a v\u00fdvoj<\/strong>:\n<ul>\n<li>Pou\u017e\u00edv\u00e1 se v laboratorn\u00edch podm\u00ednk\u00e1ch pro chemickou anal\u00fdzu nebo ve studi\u00edch zam\u011b\u0159en\u00fdch na oxida\u010dn\u00ed reakce.<\/li>\n<\/ul>\n<\/li>\n<li><strong>V\u00fdroba<\/strong>:\n<ul>\n<li>Pou\u017e\u00edv\u00e1 se tak\u00e9 v r\u016fzn\u00fdch v\u00fdrobn\u00edch procesech, kde jsou vy\u017eadov\u00e1na specifick\u00e1 oxida\u010dn\u00ed \u010dinidla.<\/li>\n<\/ul>\n<\/li>\n<\/ul>\n<\/li>\n<\/ul>\n<\/li>\n<\/ul>\n<h3><strong>Pro\u010d si koupit Caluanie Muelear Oxidize?<\/strong><\/h3>\n<p><strong>Popt\u00e1vka po pr\u016fmyslov\u00fdch chemik\u00e1li\u00edch<\/strong><\/p>\n<ul>\n<li style=\"list-style-type: none;\">\n<ul>\n<li>Celosv\u011btov\u00e1 popt\u00e1vka po pr\u016fmyslov\u00fdch chemik\u00e1li\u00edch jako je Caluanie Muelear <a href=\"https:\/\/en.wikipedia.org\/wiki\/Isocyanic_acid\">Oxidace<\/a> st\u00e1le roste s t\u00edm, jak se pr\u016fmyslov\u00e1 odv\u011btv\u00ed roz\u0161i\u0159uj\u00ed a zdokonaluj\u00ed v\u00fdrobn\u00ed procesy.<\/li>\n<li>D\u00edky sv\u00fdm siln\u00fdm oxida\u010dn\u00edm vlastnostem hraje kl\u00ed\u010dovou roli v r\u016fzn\u00fdch odv\u011btv\u00edch a zvy\u0161uje popt\u00e1vku po online n\u00e1kupech, kter\u00e9 zaji\u0161\u0165uj\u00ed p\u0159\u00edstup k velk\u00e9mu mno\u017estv\u00ed.<\/li>\n<\/ul>\n<\/li>\n<\/ul>\n<p><strong>Z\u00e1konnost a p\u0159edpisy souvisej\u00edc\u00ed s n\u00e1kupem<\/strong><\/p>\n<ul>\n<li style=\"list-style-type: none;\">\n<ul>\n<li style=\"list-style-type: none;\">\n<ul>\n<li>P\u0159\u00edpravek Caluanie Muelear Oxidize je regulov\u00e1n z d\u016fvodu jeho potenci\u00e1ln\u00edho nebezpe\u010d\u00ed. Kupuj\u00edc\u00ed mus\u00ed zn\u00e1t m\u00edstn\u00ed z\u00e1kony t\u00fdkaj\u00edc\u00ed se jeho n\u00e1kupu.<\/li>\n<li>N\u011bkter\u00e9 zem\u011b mohou pro leg\u00e1ln\u00ed n\u00e1kup nebo p\u0159epravu t\u00e9to l\u00e1tky vy\u017eadovat zvl\u00e1\u0161tn\u00ed povolen\u00ed nebo osv\u011bd\u010den\u00ed.<\/li>\n<li>V n\u011bkter\u00fdch jurisdikc\u00edch plat\u00ed p\u0159\u00edsn\u00e1 pravidla pro dovoz a v\u00fdvoz, a proto je p\u0159i n\u00e1kupu online nutn\u00e9 dodr\u017eovat v\u0161echny p\u0159\u00edslu\u0161n\u00e9 z\u00e1kony.<\/li>\n<\/ul>\n<\/li>\n<\/ul>\n<\/li>\n<\/ul>\n<p><strong>Pro\u010d uva\u017eovat o n\u00e1kupu online?<\/strong><\/p>\n<ul>\n<li style=\"list-style-type: none;\">\n<ul>\n<li>Pohodl\u00ed a dostupnost n\u00e1kupu pr\u016fmyslov\u00fdch chemik\u00e1li\u00ed p\u0159\u00edmo od specializovan\u00fdch dodavatel\u016f.<\/li>\n<li>Dostupnost hromadn\u00fdch n\u00e1kup\u016f za konkurenceschopn\u00e9 ceny, kter\u00e9 jsou \u010dasto nezbytn\u00e9 pro rozs\u00e1hl\u00e9 operace.<\/li>\n<li>Mo\u017enost porovn\u00e1vat ceny a dodavatele bez geografick\u00fdch omezen\u00ed.<\/li>\n<\/ul>\n<\/li>\n<\/ul>\n<h3><strong>Kde koupit Caluanie Muelear Oxidize Online<\/strong><\/h3>\n<p><strong>Obl\u00edben\u00e9 online platformy<\/strong><\/p>\n<ul>\n<li style=\"list-style-type: none;\">\n<ul>\n<li><strong>Webov\u00e9 str\u00e1nky s nab\u00eddkou chemik\u00e1li\u00ed<\/strong>: D\u016fv\u011bryhodn\u00e9 platformy jako Sigma-Aldrich, Alibaba nebo ChemSpider se specializuj\u00ed na prodej pr\u016fmyslov\u00fdch chemik\u00e1li\u00ed, v\u010detn\u011b Caluanie Muelear Oxidize.<\/li>\n<li><strong>Str\u00e1nky elektronick\u00e9ho obchodu<\/strong>: Platformy, jako je Amazon, mohou nab\u00edzet men\u0161\u00ed mno\u017estv\u00ed, ale u\u017eivatel\u00e9 by si m\u011bli p\u0159ed n\u00e1kupem ov\u011b\u0159it jejich legitimitu.<\/li>\n<li><strong>Specializovan\u00e1 tr\u017ei\u0161t\u011b<\/strong>: N\u011bkter\u00e1 tr\u017ei\u0161t\u011b nebo specializovan\u00e9 obchody s chemick\u00fdmi l\u00e1tkami se zab\u00fdvaj\u00ed v\u00fdhradn\u011b prodejem chemick\u00fdch l\u00e1tek, jako je Caluanie Muelear Oxidize.<\/li>\n<\/ul>\n<\/li>\n<\/ul>\n<p><strong>Kroky k identifikaci spolehliv\u00fdch dodavatel\u016f<\/strong><\/p>\n<ul>\n<li style=\"list-style-type: none;\">\n<ul>\n<li><strong>Ov\u011b\u0159en\u00ed pov\u011b\u0159en\u00ed dodavatele<\/strong>: Zkontrolujte, zda m\u00e1 dodavatel certifikace ISO, GMP (spr\u00e1vn\u00e1 v\u00fdrobn\u00ed praxe) a dal\u0161\u00ed standardn\u00ed pr\u016fmyslov\u00e9 certifikace.<\/li>\n<li><strong>Zp\u011btn\u00e1 vazba na recenzi<\/strong>: Vyhledejte si recenze nebo zp\u011btnou vazbu od p\u0159edchoz\u00edch kupuj\u00edc\u00edch, abyste posoudili spolehlivost a kvalitu dodavatele.<\/li>\n<li><strong>Transparentnost<\/strong>: Spolehliv\u00ed dodavatel\u00e9 jsou transparentn\u00ed, pokud jde o p\u016fvod v\u00fdrobku, bezpe\u010dnostn\u00ed opat\u0159en\u00ed, z\u00e1sady p\u0159epravy a manipulaci.<\/li>\n<li><strong>P\u0159\u00edm\u00e1 komunikace<\/strong>: Obra\u0165te se na dodavatele, aby v\u00e1m sd\u011blil dal\u0161\u00ed podrobnosti a zajistil jasnou komunikaci o cen\u00e1ch, dodac\u00edch lh\u016ft\u00e1ch a p\u0159\u00edpadn\u00fdch zvl\u00e1\u0161tn\u00edch po\u017eadavc\u00edch.<\/li>\n<\/ul>\n<\/li>\n<\/ul>\n<h3><strong>Faktory, kter\u00e9 je t\u0159eba zv\u00e1\u017eit p\u0159ed n\u00e1kupem<\/strong><\/h3>\n<p><strong>Zaji\u0161t\u011bn\u00ed kvality a certifikace<\/strong><\/p>\n<ul>\n<li style=\"list-style-type: none;\">\n<ul>\n<li><strong>\u010cistota produktu<\/strong>: Ujist\u011bte se, \u017ee zakoupen\u00fd p\u0159\u00edpravek Caluanie Muelear Oxidize m\u00e1 po\u017eadovanou \u00farove\u0148 \u010distoty pro zam\u00fd\u0161len\u00e9 pou\u017eit\u00ed.<\/li>\n<li><strong>Bezpe\u010dnostn\u00ed certifik\u00e1ty<\/strong>: Vyhledejte certifik\u00e1ty nebo dokumenty, kter\u00e9 ov\u011b\u0159uj\u00ed bezpe\u010dn\u00e9 zach\u00e1zen\u00ed a skladov\u00e1n\u00ed.<\/li>\n<\/ul>\n<\/li>\n<\/ul>\n<p><strong>Cenov\u00e9 \u00favahy a hromadn\u00e9 n\u00e1kupy<\/strong><\/p>\n<ul>\n<li style=\"list-style-type: none;\">\n<ul>\n<li><strong>N\u00e1kladov\u00e1 efektivita<\/strong>: Porovnejte ceny na r\u016fzn\u00fdch platform\u00e1ch a najd\u011bte nejlep\u0161\u00ed nab\u00eddku. Hromadn\u00fd n\u00e1kup m\u016f\u017ee \u010dasto sn\u00ed\u017eit jednotkov\u00e9 n\u00e1klady, ale v\u017edy zohledn\u011bte n\u00e1klady na dopravu a manipulaci.<\/li>\n<li><strong>Celn\u00ed a p\u0159epravn\u00ed poplatky<\/strong>: P\u0159i n\u00e1kupu od zahrani\u010dn\u00edch dodavatel\u016f si dejte pozor na p\u0159\u00edpadn\u00e9 celn\u00ed poplatky a dobu mezin\u00e1rodn\u00ed p\u0159epravy, kter\u00e9 mohou zv\u00fd\u0161it celkov\u00e9 n\u00e1klady.<\/li>\n<\/ul>\n<\/li>\n<\/ul>\n<h3><strong>Z\u00e1v\u011br<\/strong><\/h3>\n<p><strong>Shrnut\u00ed mo\u017enost\u00ed n\u00e1kupu<\/strong><\/p>\n<ul>\n<li style=\"list-style-type: none;\">\n<ul>\n<li>N\u00e1kup Caluanie Muelear Oxidize online nab\u00edz\u00ed pohodl\u00ed a flexibilitu a umo\u017e\u0148uje pr\u016fmyslov\u00fdm u\u017eivatel\u016fm a v\u00fdzkumn\u00fdm pracovn\u00edk\u016fm snadno z\u00edskat tuto chemik\u00e1lii. Vy\u017eaduje v\u0161ak pe\u010dliv\u00e9 zv\u00e1\u017een\u00ed platformy, dodavatele a leg\u00e1lnosti n\u00e1kupu.<\/li>\n<\/ul>\n<\/li>\n<\/ul>\n<p><strong>V\u00fdznam informovan\u00e9 politiky a strategi\u00ed v oblasti ve\u0159ejn\u00e9ho zdrav\u00ed<\/strong><\/p>\n<ul>\n<li style=\"list-style-type: none;\">\n<ul>\n<li>Pr\u016fmyslov\u00e9 chemik\u00e1lie, zejm\u00e9na ty s nebezpe\u010dn\u00fdmi vlastnostmi, jako je Caluanie Muelear Oxidize, vy\u017eaduj\u00ed regulovan\u00e9 n\u00e1kupy, aby se zabr\u00e1nilo jejich zneu\u017eit\u00ed a zajistila se jejich bezpe\u010dnost.<\/li>\n<li>Je t\u0159eba zav\u00e9st strategie a politiky v oblasti ve\u0159ejn\u00e9ho zdrav\u00ed, kter\u00e9 budou regulovat n\u00e1kupy chemick\u00fdch l\u00e1tek a zajist\u00ed, aby byly nakupov\u00e1ny a aby se s nimi zach\u00e1zelo spr\u00e1vn\u011b s ohledem na ve\u0159ejnou bezpe\u010dnost.<\/li>\n<\/ul>\n<\/li>\n<\/ul>","protected":false},"excerpt":{"rendered":"<p><strong>1L Caluanie Muelear Oxidize<\/strong> je siln\u00e9 oxida\u010dn\u00ed \u010dinidlo zn\u00e1m\u00e9 svou v\u00fdjime\u010dnou reaktivitou a vysokou \u010distotou. Je ide\u00e1ln\u00ed pro farmaceutick\u00fd pr\u016fmysl, zem\u011bd\u011blstv\u00ed a chemickou v\u00fdrobu, urychluje chemick\u00e9 reakce a zvy\u0161uje kvalitu v\u00fdrobk\u016f. D\u00edky sv\u00e9 praktick\u00e9 velikosti je ide\u00e1ln\u00ed pro laborato\u0159e a men\u0161\u00ed provozy, kter\u00e9 cht\u011bj\u00ed maximalizovat efektivitu bez kompromis\u016f v oblasti bezpe\u010dnosti.<\/p>\n<ul>\n<li><strong>Chemick\u00fd n\u00e1zev<\/strong>: Caluanie Muelear Oxidize<\/li>\n<li><strong>Molekul\u00e1rn\u00ed vzorec<\/strong>: C\u2087H\u2085N<\/li>\n<li><strong>Molekulov\u00e1 hmotnost<\/strong>: P\u0159ibli\u017en\u011b 105,12 g\/mol<\/li>\n<li><strong>\u010c\u00edslo CAS<\/strong>: 100-52-7<\/li>\n<\/ul>","protected":false},"featured_media":761,"comment_status":"open","ping_status":"closed","template":"","meta":{"_kadence_starter_templates_imported_post":false,"_kad_post_transparent":"default","_kad_post_title":"","_kad_post_layout":"default","_kad_post_sidebar_id":"","_kad_post_content_style":"default","_kad_post_vertical_padding":"default","_kad_post_feature":"","_kad_post_feature_position":"","_kad_post_header":false,"_kad_post_footer":false},"product_brand":[],"product_cat":[15],"product_tag":[],"class_list":{"0":"post-777","1":"product","2":"type-product","3":"status-publish","4":"has-post-thumbnail","6":"product_cat-caluanie","8":"first","9":"instock","10":"sale","11":"shipping-taxable","12":"purchasable","13":"product-type-simple","14":"entry","15":"content-bg","16":"loop-entry"},"yoast_head":"<!-- This site is optimized with the Yoast SEO plugin v27.5 - https:\/\/yoast.com\/product\/yoast-seo-wordpress\/ -->\n<title>Buy 1L Caluanie Muelear Oxidize -1L Caluanie Muelear Oxidize<\/title>\n<meta name=\"description\" content=\"At our moleculeminds, you can get 1L caluanie muelear oxidize for sale at cheap rates. Here you can buy 1L caluanie muelear oxidize online with high-quality from our store now with fast &amp; secure shipping service. Order Now!\" \/>\n<meta name=\"robots\" content=\"index, follow, max-snippet:-1, max-image-preview:large, max-video-preview:-1\" \/>\n<link rel=\"canonical\" href=\"https:\/\/moleculeminds.com\/cs\/shop\/1l-caluanie-muelear-oxidize\/\" \/>\n<meta property=\"og:locale\" content=\"cs_CZ\" \/>\n<meta property=\"og:type\" content=\"article\" \/>\n<meta property=\"og:title\" content=\"Buy 1L Caluanie Muelear Oxidize -1L Caluanie Muelear Oxidize\" \/>\n<meta property=\"og:description\" content=\"At our moleculeminds, you can get 1L caluanie muelear oxidize for sale at cheap rates. Here you can buy 1L caluanie muelear oxidize online with high-quality from our store now with fast &amp; secure shipping service. Order Now!\" \/>\n<meta property=\"og:url\" content=\"https:\/\/moleculeminds.com\/cs\/shop\/1l-caluanie-muelear-oxidize\/\" \/>\n<meta property=\"og:site_name\" content=\"MoleculeMinds\" \/>\n<meta property=\"article:modified_time\" content=\"2025-09-26T09:00:22+00:00\" \/>\n<meta property=\"og:image\" content=\"https:\/\/moleculeminds.com\/wp-content\/uploads\/2024\/10\/image.jpeg\" \/>\n\t<meta property=\"og:image:width\" content=\"474\" \/>\n\t<meta property=\"og:image:height\" content=\"512\" \/>\n\t<meta property=\"og:image:type\" content=\"image\/jpeg\" \/>\n<meta name=\"twitter:card\" content=\"summary_large_image\" \/>\n<meta name=\"twitter:label1\" content=\"Odhadovan\u00e1 doba \u010dten\u00ed\" \/>\n\t<meta name=\"twitter:data1\" content=\"3 minuty\" \/>\n<script type=\"application\/ld+json\" class=\"yoast-schema-graph\">{\"@context\":\"https:\\\/\\\/schema.org\",\"@graph\":[{\"@type\":\"WebPage\",\"@id\":\"https:\\\/\\\/moleculeminds.com\\\/shop\\\/1l-caluanie-muelear-oxidize\\\/\",\"url\":\"https:\\\/\\\/moleculeminds.com\\\/shop\\\/1l-caluanie-muelear-oxidize\\\/\",\"name\":\"Buy 1L Caluanie Muelear Oxidize -1L Caluanie Muelear Oxidize\",\"isPartOf\":{\"@id\":\"https:\\\/\\\/moleculeminds.com\\\/#website\"},\"primaryImageOfPage\":{\"@id\":\"https:\\\/\\\/moleculeminds.com\\\/shop\\\/1l-caluanie-muelear-oxidize\\\/#primaryimage\"},\"image\":{\"@id\":\"https:\\\/\\\/moleculeminds.com\\\/shop\\\/1l-caluanie-muelear-oxidize\\\/#primaryimage\"},\"thumbnailUrl\":\"https:\\\/\\\/moleculeminds.com\\\/wp-content\\\/uploads\\\/2024\\\/10\\\/image.jpeg\",\"datePublished\":\"2024-10-25T15:24:34+00:00\",\"dateModified\":\"2025-09-26T09:00:22+00:00\",\"description\":\"At our moleculeminds, you can get 1L caluanie muelear oxidize for sale at cheap rates. Here you can buy 1L caluanie muelear oxidize online with high-quality from our store now with fast & secure shipping service. Order Now!\",\"breadcrumb\":{\"@id\":\"https:\\\/\\\/moleculeminds.com\\\/shop\\\/1l-caluanie-muelear-oxidize\\\/#breadcrumb\"},\"inLanguage\":\"cs\",\"potentialAction\":[{\"@type\":\"ReadAction\",\"target\":[\"https:\\\/\\\/moleculeminds.com\\\/shop\\\/1l-caluanie-muelear-oxidize\\\/\"]}]},{\"@type\":\"ImageObject\",\"inLanguage\":\"cs\",\"@id\":\"https:\\\/\\\/moleculeminds.com\\\/shop\\\/1l-caluanie-muelear-oxidize\\\/#primaryimage\",\"url\":\"https:\\\/\\\/moleculeminds.com\\\/wp-content\\\/uploads\\\/2024\\\/10\\\/image.jpeg\",\"contentUrl\":\"https:\\\/\\\/moleculeminds.com\\\/wp-content\\\/uploads\\\/2024\\\/10\\\/image.jpeg\",\"width\":474,\"height\":512,\"caption\":\"1L Caluanie Muelear Oxidize\"},{\"@type\":\"BreadcrumbList\",\"@id\":\"https:\\\/\\\/moleculeminds.com\\\/shop\\\/1l-caluanie-muelear-oxidize\\\/#breadcrumb\",\"itemListElement\":[{\"@type\":\"ListItem\",\"position\":1,\"name\":\"Home\",\"item\":\"https:\\\/\\\/moleculeminds.com\\\/\"},{\"@type\":\"ListItem\",\"position\":2,\"name\":\"Shop\",\"item\":\"https:\\\/\\\/moleculeminds.com\\\/shop\\\/\"},{\"@type\":\"ListItem\",\"position\":3,\"name\":\"1L Caluanie Muelear Oxidize\"}]},{\"@type\":\"WebSite\",\"@id\":\"https:\\\/\\\/moleculeminds.com\\\/#website\",\"url\":\"https:\\\/\\\/moleculeminds.com\\\/\",\"name\":\"MoleculeMinds\",\"description\":\"My WordPress Blog\",\"publisher\":{\"@id\":\"https:\\\/\\\/moleculeminds.com\\\/#organization\"},\"potentialAction\":[{\"@type\":\"SearchAction\",\"target\":{\"@type\":\"EntryPoint\",\"urlTemplate\":\"https:\\\/\\\/moleculeminds.com\\\/?s={search_term_string}\"},\"query-input\":{\"@type\":\"PropertyValueSpecification\",\"valueRequired\":true,\"valueName\":\"search_term_string\"}}],\"inLanguage\":\"cs\"},{\"@type\":\"Organization\",\"@id\":\"https:\\\/\\\/moleculeminds.com\\\/#organization\",\"name\":\"MoleculeMinds\",\"url\":\"https:\\\/\\\/moleculeminds.com\\\/\",\"logo\":{\"@type\":\"ImageObject\",\"inLanguage\":\"cs\",\"@id\":\"https:\\\/\\\/moleculeminds.com\\\/#\\\/schema\\\/logo\\\/image\\\/\",\"url\":\"https:\\\/\\\/moleculeminds.com\\\/wp-content\\\/uploads\\\/2024\\\/10\\\/cropped-Chemistry-Lab-Chemical-Logo.png\",\"contentUrl\":\"https:\\\/\\\/moleculeminds.com\\\/wp-content\\\/uploads\\\/2024\\\/10\\\/cropped-Chemistry-Lab-Chemical-Logo.png\",\"width\":315,\"height\":213,\"caption\":\"MoleculeMinds\"},\"image\":{\"@id\":\"https:\\\/\\\/moleculeminds.com\\\/#\\\/schema\\\/logo\\\/image\\\/\"}}]}<\/script>\n<!-- \/ Yoast SEO plugin. -->","yoast_head_json":{"title":"Koupit 1L Caluanie Muelear Oxidize -1L Caluanie Muelear Oxidize","description":"Na na\u0161em moleculeminds m\u016f\u017eete z\u00edskat 1L caluanie muelear oxidize na prodej za n\u00edzk\u00e9 ceny. Zde si m\u016f\u017eete koupit 1L caluanie muelear oxidize online s vysokou kvalitou z na\u0161eho obchodu nyn\u00ed s rychlou a bezpe\u010dnou p\u0159epravn\u00ed slu\u017ebou. Objedn\u00e1vejte nyn\u00ed!","robots":{"index":"index","follow":"follow","max-snippet":"max-snippet:-1","max-image-preview":"max-image-preview:large","max-video-preview":"max-video-preview:-1"},"canonical":"https:\/\/moleculeminds.com\/cs\/shop\/1l-caluanie-muelear-oxidize\/","og_locale":"cs_CZ","og_type":"article","og_title":"Buy 1L Caluanie Muelear Oxidize -1L Caluanie Muelear Oxidize","og_description":"At our moleculeminds, you can get 1L caluanie muelear oxidize for sale at cheap rates. Here you can buy 1L caluanie muelear oxidize online with high-quality from our store now with fast & secure shipping service. Order Now!","og_url":"https:\/\/moleculeminds.com\/cs\/shop\/1l-caluanie-muelear-oxidize\/","og_site_name":"MoleculeMinds","article_modified_time":"2025-09-26T09:00:22+00:00","og_image":[{"width":474,"height":512,"url":"https:\/\/moleculeminds.com\/wp-content\/uploads\/2024\/10\/image.jpeg","type":"image\/jpeg"}],"twitter_card":"summary_large_image","twitter_misc":{"Odhadovan\u00e1 doba \u010dten\u00ed":"3 minuty"},"schema":{"@context":"https:\/\/schema.org","@graph":[{"@type":"WebPage","@id":"https:\/\/moleculeminds.com\/shop\/1l-caluanie-muelear-oxidize\/","url":"https:\/\/moleculeminds.com\/shop\/1l-caluanie-muelear-oxidize\/","name":"Koupit 1L Caluanie Muelear Oxidize -1L Caluanie Muelear Oxidize","isPartOf":{"@id":"https:\/\/moleculeminds.com\/#website"},"primaryImageOfPage":{"@id":"https:\/\/moleculeminds.com\/shop\/1l-caluanie-muelear-oxidize\/#primaryimage"},"image":{"@id":"https:\/\/moleculeminds.com\/shop\/1l-caluanie-muelear-oxidize\/#primaryimage"},"thumbnailUrl":"https:\/\/moleculeminds.com\/wp-content\/uploads\/2024\/10\/image.jpeg","datePublished":"2024-10-25T15:24:34+00:00","dateModified":"2025-09-26T09:00:22+00:00","description":"Na na\u0161em moleculeminds m\u016f\u017eete z\u00edskat 1L caluanie muelear oxidize na prodej za n\u00edzk\u00e9 ceny. Zde si m\u016f\u017eete koupit 1L caluanie muelear oxidize online s vysokou kvalitou z na\u0161eho obchodu nyn\u00ed s rychlou a bezpe\u010dnou p\u0159epravn\u00ed slu\u017ebou. Objedn\u00e1vejte nyn\u00ed!","breadcrumb":{"@id":"https:\/\/moleculeminds.com\/shop\/1l-caluanie-muelear-oxidize\/#breadcrumb"},"inLanguage":"cs","potentialAction":[{"@type":"ReadAction","target":["https:\/\/moleculeminds.com\/shop\/1l-caluanie-muelear-oxidize\/"]}]},{"@type":"ImageObject","inLanguage":"cs","@id":"https:\/\/moleculeminds.com\/shop\/1l-caluanie-muelear-oxidize\/#primaryimage","url":"https:\/\/moleculeminds.com\/wp-content\/uploads\/2024\/10\/image.jpeg","contentUrl":"https:\/\/moleculeminds.com\/wp-content\/uploads\/2024\/10\/image.jpeg","width":474,"height":512,"caption":"1L Caluanie Muelear Oxidize"},{"@type":"BreadcrumbList","@id":"https:\/\/moleculeminds.com\/shop\/1l-caluanie-muelear-oxidize\/#breadcrumb","itemListElement":[{"@type":"ListItem","position":1,"name":"Home","item":"https:\/\/moleculeminds.com\/"},{"@type":"ListItem","position":2,"name":"Shop","item":"https:\/\/moleculeminds.com\/shop\/"},{"@type":"ListItem","position":3,"name":"1L Caluanie Muelear Oxidize"}]},{"@type":"WebSite","@id":"https:\/\/moleculeminds.com\/#website","url":"https:\/\/moleculeminds.com\/","name":"MoleculeMinds","description":"M\u016fj blog WordPress","publisher":{"@id":"https:\/\/moleculeminds.com\/#organization"},"potentialAction":[{"@type":"SearchAction","target":{"@type":"EntryPoint","urlTemplate":"https:\/\/moleculeminds.com\/?s={search_term_string}"},"query-input":{"@type":"PropertyValueSpecification","valueRequired":true,"valueName":"search_term_string"}}],"inLanguage":"cs"},{"@type":"Organization","@id":"https:\/\/moleculeminds.com\/#organization","name":"MoleculeMinds","url":"https:\/\/moleculeminds.com\/","logo":{"@type":"ImageObject","inLanguage":"cs","@id":"https:\/\/moleculeminds.com\/#\/schema\/logo\/image\/","url":"https:\/\/moleculeminds.com\/wp-content\/uploads\/2024\/10\/cropped-Chemistry-Lab-Chemical-Logo.png","contentUrl":"https:\/\/moleculeminds.com\/wp-content\/uploads\/2024\/10\/cropped-Chemistry-Lab-Chemical-Logo.png","width":315,"height":213,"caption":"MoleculeMinds"},"image":{"@id":"https:\/\/moleculeminds.com\/#\/schema\/logo\/image\/"}}]}},"_links":{"self":[{"href":"https:\/\/moleculeminds.com\/cs\/wp-json\/wp\/v2\/product\/777","targetHints":{"allow":["GET"]}}],"collection":[{"href":"https:\/\/moleculeminds.com\/cs\/wp-json\/wp\/v2\/product"}],"about":[{"href":"https:\/\/moleculeminds.com\/cs\/wp-json\/wp\/v2\/types\/product"}],"replies":[{"embeddable":true,"href":"https:\/\/moleculeminds.com\/cs\/wp-json\/wp\/v2\/comments?post=777"}],"wp:featuredmedia":[{"embeddable":true,"href":"https:\/\/moleculeminds.com\/cs\/wp-json\/wp\/v2\/media\/761"}],"wp:attachment":[{"href":"https:\/\/moleculeminds.com\/cs\/wp-json\/wp\/v2\/media?parent=777"}],"wp:term":[{"taxonomy":"product_brand","embeddable":true,"href":"https:\/\/moleculeminds.com\/cs\/wp-json\/wp\/v2\/product_brand?post=777"},{"taxonomy":"product_cat","embeddable":true,"href":"https:\/\/moleculeminds.com\/cs\/wp-json\/wp\/v2\/product_cat?post=777"},{"taxonomy":"product_tag","embeddable":true,"href":"https:\/\/moleculeminds.com\/cs\/wp-json\/wp\/v2\/product_tag?post=777"}],"curies":[{"name":"wp","href":"https:\/\/api.w.org\/{rel}","templated":true}]}}