{"id":772,"date":"2024-10-25T14:13:57","date_gmt":"2024-10-25T14:13:57","guid":{"rendered":"https:\/\/moleculeminds.com\/?post_type=product&#038;p=772"},"modified":"2025-09-27T08:06:38","modified_gmt":"2025-09-27T08:06:38","slug":"buy-caluanie-muelear-oxidize-20l","status":"publish","type":"product","link":"https:\/\/moleculeminds.com\/es\/shop\/buy-caluanie-muelear-oxidize-20l\/","title":{"rendered":"Comprar Caluanie Muelear Oxidar 20L"},"content":{"rendered":"<h2>Comprar Caluanie Muelear Oxidize 20L Online<\/h2>\n<p class=\"uagb-ifb-desc\">\u00bfQuiere comprar Caluanie Muelear Oxidize online al mejor precio y al por mayor? En MoleculeMinds, nos especializamos en el suministro de Caluanie Muelear Oxidize para diversas aplicaciones industriales, ofreciendo los mejores precios y opciones de env\u00edo en todo el mundo para satisfacer sus necesidades. \u00a1Pida Caluanie Muelear Oxidize 20L en l\u00ednea ahora!<\/p>\n<p><strong>\u00bfQu\u00e9 es Caluanie Muelear Oxidize?<\/strong><\/p>\n<p>Caluanie Muelear Oxidize es un potente producto qu\u00edmico ampliamente utilizado en aplicaciones industriales por sus propiedades \u00fanicas y su gran eficacia. Conocido por su\u00a0<em>trituraci\u00f3n de metales<\/em>\u00a0y\u00a0<em>capacidad oxidante<\/em>Caluanie Muelear Oxidize, este compuesto es esencial para diversas industrias, como el procesamiento de metales, la formulaci\u00f3n de pinturas y los procesos de pruebas industriales. Si desea adquirir Caluanie Muelear Oxidize de primera calidad, nuestra selecci\u00f3n en Oxidize Solutions le ofrece soluciones a granel a precios competitivos.<\/p>\n<h3>Propiedades clave de Caluanie Muelear Oxidize<\/h3>\n<p><strong>Breve descripci\u00f3n de Caluanie Muelear Oxidize 20L<\/strong><\/p>\n<ul>\n<li style=\"list-style-type: none;\">\n<ul>\n<li><strong>\u00bfQu\u00e9 es Caluanie Muelear Oxidize?<\/strong>\n<ul>\n<li><a href=\"https:\/\/moleculeminds.com\/es\/shop\/buy-caluanie-muelear-oxidize-20l\/\"><strong>Comprar caluanie muelear oxidize online<\/strong><\/a> es un compuesto qu\u00edmico altamente reactivo que se utiliza a menudo en aplicaciones industriales y de laboratorio. Es particularmente valorado por sus propiedades oxidantes, que le permiten descomponer sustancias complejas en procesos como la miner\u00eda y la fabricaci\u00f3n de productos qu\u00edmicos, Caluanie Muelear Oxidize 20L for Sale.<\/li>\n<li>En el contexto de una cantidad de 20L, sirve para necesidades industriales a gran escala o aplicaciones de investigaci\u00f3n a granel que requieren vol\u00famenes significativos de agentes oxidantes.<\/li>\n<\/ul>\n<\/li>\n<li><strong>Caracter\u00edsticas de 20L Caluanie Muelear Oxidize<\/strong>:\n<ul>\n<li>Este envase de gran volumen suele ser solicitado por industrias dedicadas a la extracci\u00f3n de minerales, s\u00edntesis qu\u00edmicas y otras operaciones industriales que requieren agentes oxidantes en cantidades sustanciales.<\/li>\n<\/ul>\n<\/li>\n<\/ul>\n<\/li>\n<\/ul>\n<p><strong>Explicaci\u00f3n de sus usos m\u00e1s comunes<\/strong><\/p>\n<ul>\n<li style=\"list-style-type: none;\">\n<ul>\n<li><strong>Usos industriales<\/strong>:\n<ul>\n<li><strong>Extracci\u00f3n de minerales<\/strong>: Uno de los principales usos de <strong>caluanie <\/strong><a href=\"https:\/\/en.wikipedia.org\/wiki\/Isocyanic_acid\"><strong>muelear oxidar<\/strong><\/a> es en las operaciones mineras, especialmente en la extracci\u00f3n de metales preciosos como el oro y el platino. Ayuda a descomponer los minerales, lo que facilita la separaci\u00f3n de los materiales valiosos de los residuos.<\/li>\n<li><strong>Fabricaci\u00f3n de productos qu\u00edmicos<\/strong>: Sirve como agente oxidante en procesos qu\u00edmicos, especialmente en industrias como el refinado de petr\u00f3leo, la farmac\u00e9utica y la ciencia de materiales, donde se requieren altos niveles de reactividad.<\/li>\n<\/ul>\n<\/li>\n<li><strong>Investigaci\u00f3n y uso en laboratorio<\/strong>:\n<ul>\n<li>Se utiliza en los laboratorios para estudiar las reacciones de oxidaci\u00f3n y perfeccionar las t\u00e9cnicas de an\u00e1lisis qu\u00edmico y s\u00edntesis.<\/li>\n<\/ul>\n<\/li>\n<li><strong>Fabricaci\u00f3n<\/strong>:\n<ul>\n<li>Se emplea en industrias como la electr\u00f3nica y el procesamiento de materiales, donde desempe\u00f1a un papel en los tratamientos superficiales o en la producci\u00f3n de compuestos especializados.<\/li>\n<\/ul>\n<\/li>\n<\/ul>\n<\/li>\n<\/ul>\n<h3>\u00bfPor qu\u00e9 comprar Caluanie Muelear Oxidize 20L?<\/h3>\n<p><strong>Demanda de productos qu\u00edmicos industriales<\/strong><\/p>\n<ul>\n<li style=\"list-style-type: none;\">\n<ul>\n<li><strong>Aumento de la demanda mundial<\/strong>: La necesidad de productos qu\u00edmicos potentes como caluanie muelear oxidize est\u00e1 impulsada por las industrias relacionadas con la miner\u00eda, la energ\u00eda, los productos qu\u00edmicos y la fabricaci\u00f3n. Estos sectores suelen necesitar productos qu\u00edmicos a granel, sobre todo en grandes cantidades como 20L, para mantener un funcionamiento sin problemas.<\/li>\n<li><strong>Rentabilidad a granel<\/strong>: Para las operaciones a gran escala, comprar productos qu\u00edmicos a granel es mucho m\u00e1s rentable que comprar peque\u00f1as cantidades repetidamente. Un contenedor de 20 litros ofrece volumen suficiente para procesar una gran cantidad de productos qu\u00edmicos sin necesidad de reabastecerse con frecuencia.<\/li>\n<\/ul>\n<\/li>\n<\/ul>\n<p><strong>Legalidad y normativa en torno a la compra<\/strong><\/p>\n<ul>\n<li style=\"list-style-type: none;\">\n<ul>\n<li><strong>Producto qu\u00edmico regulado<\/strong>: Caluanie muelear oxidize se considera un producto qu\u00edmico peligroso y a menudo est\u00e1 regulado debido a su alta reactividad. Los compradores deben conocer las leyes locales e internacionales que rigen su compra y uso.<\/li>\n<li><strong>Permisos y certificaciones necesarios<\/strong>: En muchas regiones, pueden ser necesarios permisos o licencias especiales para comprar o transportar productos qu\u00edmicos como Caluanie Muelear Oxidize. Aseg\u00farese de verificar si su industria o aplicaci\u00f3n califica para tal compra.<\/li>\n<li><strong>Transporte y almacenamiento<\/strong>: La normativa tambi\u00e9n puede regular c\u00f3mo se almacenan, manipulan y transportan estos productos qu\u00edmicos. Aseg\u00farese de que tanto el proveedor como el comprador cumplen todos los protocolos de seguridad necesarios.<\/li>\n<\/ul>\n<\/li>\n<\/ul>\n<h3>D\u00f3nde comprar Caluanie Muelear Oxidize 20L en l\u00ednea<\/h3>\n<p><strong>Plataformas en l\u00ednea populares<\/strong><\/p>\n<ul>\n<li style=\"list-style-type: none;\">\n<ul>\n<li><strong>Sitios web de suministros qu\u00edmicos<\/strong>:\n<ul>\n<li>Sitios web como <strong>Sigma-Aldrich<\/strong>, <strong>Alibaba<\/strong>y <strong>ChemSpider<\/strong> son plataformas bien conocidas en las que se pueden obtener a granel productos qu\u00edmicos de uso industrial, entre ellos la caluanie muelear oxidize.<\/li>\n<\/ul>\n<\/li>\n<li><strong>Plataformas de comercio electr\u00f3nico<\/strong>:\n<ul>\n<li>Plataformas como <strong>Amazon<\/strong> o <strong>eBay<\/strong> pueden ocasionalmente listar productos qu\u00edmicos como Caluanie Muelear Oxidize, pero los compradores deben comprobar la credibilidad del vendedor antes de realizar una compra.<\/li>\n<\/ul>\n<\/li>\n<li><strong>Proveedores industriales especializados<\/strong>:\n<ul>\n<li>Las empresas especializadas en productos qu\u00edmicos industriales y de laboratorio suelen atender a compradores a granel. Sitios web como <strong>Suministros ChemLab<\/strong> o <strong>Suministro mundial de productos qu\u00edmicos<\/strong> podr\u00eda ofrecer cantidades de 20 L de Caluanie Muelear Oxidize.<\/li>\n<\/ul>\n<\/li>\n<\/ul>\n<\/li>\n<\/ul>\n<p>Venta de Caluanie Muelear Oxidize 20L<\/p>\n<p><strong>Pasos para identificar proveedores fiables<\/strong><\/p>\n<ul>\n<li style=\"list-style-type: none;\">\n<ul>\n<li><strong>Reputaci\u00f3n<\/strong>: Busque proveedores con un historial probado. Comprueba las opiniones y valoraciones en Internet de clientes anteriores para calibrar su fiabilidad.<\/li>\n<li><strong>Certificaciones<\/strong>: Aseg\u00farese de que el proveedor posee las certificaciones necesarias, como ISO o GMP, que indican su conformidad con las normas industriales de calidad y seguridad.<\/li>\n<li><strong>Fichas de datos de seguridad (FDS)<\/strong>: Los proveedores fiables facilitar\u00e1n las FDS de cada producto, en las que se describen sus propiedades, peligros, instrucciones de manipulaci\u00f3n y medidas de seguridad.<\/li>\n<li><strong>Atenci\u00f3n al cliente<\/strong>: Un proveedor de confianza ofrecer\u00e1 un buen servicio de atenci\u00f3n al cliente, respondiendo a preguntas sobre el producto, el env\u00edo y la normativa.<\/li>\n<\/ul>\n<\/li>\n<\/ul>\n<ul>\n<li style=\"list-style-type: none;\">\n<ul>\n<li>Compras <strong>20L Caluanie Muelear Oxidar en l\u00ednea<\/strong> ofrece una soluci\u00f3n pr\u00e1ctica para las industrias que necesitan suministros a granel de este producto qu\u00edmico industrial. Con los proveedores adecuados y una cuidadosa consideraci\u00f3n de la normativa y las medidas de seguridad, la compra en grandes cantidades puede ser una forma rentable y eficaz de satisfacer las demandas industriales.<\/li>\n<\/ul>\n<\/li>\n<\/ul>\n<h3>La importancia de una pol\u00edtica informada y de estrategias de salud p\u00fablica<\/h3>\n<ul>\n<li style=\"list-style-type: none;\">\n<ul>\n<li>Dado que los productos qu\u00edmicos industriales como la caluanie muelear oxidize pueden plantear riesgos para la salud y el medio ambiente, es crucial aplicar pol\u00edticas y normativas informadas que regulen su compra, almacenamiento y manipulaci\u00f3n.<\/li>\n<li><strong>Salud p\u00fablica y seguridad<\/strong>: Los gobiernos deben garantizar que las estrategias de salud p\u00fablica incluyan una formaci\u00f3n adecuada, protocolos de respuesta a emergencias y directrices para minimizar los riesgos asociados a la manipulaci\u00f3n de sustancias qu\u00edmicas peligrosas.<\/li>\n<\/ul>\n<\/li>\n<\/ul>","protected":false},"excerpt":{"rendered":"<p>Bienvenido al futuro de la innovaci\u00f3n qu\u00edmica con <strong>20L Caluanie Muelear Oxidar<\/strong>. A medida que las industrias evolucionan, sigue aumentando la demanda de productos qu\u00edmicos de alto rendimiento que puedan aumentar la eficacia de la producci\u00f3n y la calidad del producto. Caluanie Muelear Oxidize est\u00e1 a la vanguardia, como agente oxidante vers\u00e1til crucial para diversas aplicaciones, incluidos los productos farmac\u00e9uticos, la agricultura y la fabricaci\u00f3n de productos qu\u00edmicos.<\/p>\n<ul>\n<li><strong>F\u00f3rmula molecular<\/strong>: C\u2087H\u2085N<\/li>\n<li><strong>N\u00famero CAS<\/strong>: 100-52-7<\/li>\n<li><strong>Estado f\u00edsico<\/strong>: L\u00edquido<\/li>\n<li><strong>Color<\/strong>: De incoloro a amarillo p\u00e1lido<\/li>\n<\/ul>","protected":false},"featured_media":758,"comment_status":"open","ping_status":"closed","template":"","meta":{"_kadence_starter_templates_imported_post":false,"_kad_post_transparent":"default","_kad_post_title":"","_kad_post_layout":"default","_kad_post_sidebar_id":"","_kad_post_content_style":"default","_kad_post_vertical_padding":"default","_kad_post_feature":"","_kad_post_feature_position":"","_kad_post_header":false,"_kad_post_footer":false},"product_brand":[],"product_cat":[15],"product_tag":[],"class_list":{"0":"post-772","1":"product","2":"type-product","3":"status-publish","4":"has-post-thumbnail","6":"product_cat-caluanie","8":"first","9":"instock","10":"sale","11":"shipping-taxable","12":"purchasable","13":"product-type-simple","14":"entry","15":"content-bg","16":"loop-entry"},"yoast_head":"<!-- This site is optimized with the Yoast SEO plugin v25.3.1 - https:\/\/yoast.com\/wordpress\/plugins\/seo\/ -->\n<title>Buy Caluanie Muelear Oxidize 20L Online - MoleculeMinds<\/title>\n<meta name=\"description\" content=\"If you are passionate about Caluanie Muelear Oxidize 20L for Sale, then our store is the best place to buy caluanie muelear oxidize 20L online. Order now!\" \/>\n<meta name=\"robots\" content=\"index, follow, max-snippet:-1, max-image-preview:large, max-video-preview:-1\" \/>\n<link rel=\"canonical\" href=\"https:\/\/moleculeminds.com\/es\/shop\/buy-caluanie-muelear-oxidize-20l\/\" \/>\n<meta property=\"og:locale\" content=\"es_ES\" \/>\n<meta property=\"og:type\" content=\"article\" \/>\n<meta property=\"og:title\" content=\"Buy Caluanie Muelear Oxidize 20L Online - MoleculeMinds\" \/>\n<meta property=\"og:description\" content=\"If you are passionate about Caluanie Muelear Oxidize 20L for Sale, then our store is the best place to buy caluanie muelear oxidize 20L online. Order now!\" \/>\n<meta property=\"og:url\" content=\"https:\/\/moleculeminds.com\/es\/shop\/buy-caluanie-muelear-oxidize-20l\/\" \/>\n<meta property=\"og:site_name\" content=\"MoleculeMinds\" \/>\n<meta property=\"article:modified_time\" content=\"2025-09-27T08:06:38+00:00\" \/>\n<meta property=\"og:image\" content=\"https:\/\/moleculeminds.com\/wp-content\/uploads\/2024\/10\/k9.jpg\" \/>\n\t<meta property=\"og:image:width\" content=\"350\" \/>\n\t<meta property=\"og:image:height\" content=\"350\" \/>\n\t<meta property=\"og:image:type\" content=\"image\/jpeg\" \/>\n<meta name=\"twitter:card\" content=\"summary_large_image\" \/>\n<meta name=\"twitter:label1\" content=\"Tiempo de lectura\" \/>\n\t<meta name=\"twitter:data1\" content=\"4 minutos\" \/>\n<script type=\"application\/ld+json\" class=\"yoast-schema-graph\">{\"@context\":\"https:\/\/schema.org\",\"@graph\":[{\"@type\":\"WebPage\",\"@id\":\"https:\/\/moleculeminds.com\/shop\/buy-caluanie-muelear-oxidize-20l\/\",\"url\":\"https:\/\/moleculeminds.com\/shop\/buy-caluanie-muelear-oxidize-20l\/\",\"name\":\"Buy Caluanie Muelear Oxidize 20L Online - MoleculeMinds\",\"isPartOf\":{\"@id\":\"https:\/\/moleculeminds.com\/#website\"},\"primaryImageOfPage\":{\"@id\":\"https:\/\/moleculeminds.com\/shop\/buy-caluanie-muelear-oxidize-20l\/#primaryimage\"},\"image\":{\"@id\":\"https:\/\/moleculeminds.com\/shop\/buy-caluanie-muelear-oxidize-20l\/#primaryimage\"},\"thumbnailUrl\":\"https:\/\/moleculeminds.com\/wp-content\/uploads\/2024\/10\/k9.jpg\",\"datePublished\":\"2024-10-25T14:13:57+00:00\",\"dateModified\":\"2025-09-27T08:06:38+00:00\",\"description\":\"If you are passionate about Caluanie Muelear Oxidize 20L for Sale, then our store is the best place to buy caluanie muelear oxidize 20L online. Order now!\",\"breadcrumb\":{\"@id\":\"https:\/\/moleculeminds.com\/shop\/buy-caluanie-muelear-oxidize-20l\/#breadcrumb\"},\"inLanguage\":\"es\",\"potentialAction\":[{\"@type\":\"ReadAction\",\"target\":[\"https:\/\/moleculeminds.com\/shop\/buy-caluanie-muelear-oxidize-20l\/\"]}]},{\"@type\":\"ImageObject\",\"inLanguage\":\"es\",\"@id\":\"https:\/\/moleculeminds.com\/shop\/buy-caluanie-muelear-oxidize-20l\/#primaryimage\",\"url\":\"https:\/\/moleculeminds.com\/wp-content\/uploads\/2024\/10\/k9.jpg\",\"contentUrl\":\"https:\/\/moleculeminds.com\/wp-content\/uploads\/2024\/10\/k9.jpg\",\"width\":350,\"height\":350,\"caption\":\"Buy Caluanie Muelear Oxidize 20L Online\"},{\"@type\":\"BreadcrumbList\",\"@id\":\"https:\/\/moleculeminds.com\/shop\/buy-caluanie-muelear-oxidize-20l\/#breadcrumb\",\"itemListElement\":[{\"@type\":\"ListItem\",\"position\":1,\"name\":\"Home\",\"item\":\"https:\/\/moleculeminds.com\/\"},{\"@type\":\"ListItem\",\"position\":2,\"name\":\"Shop\",\"item\":\"https:\/\/moleculeminds.com\/shop\/\"},{\"@type\":\"ListItem\",\"position\":3,\"name\":\"Buy Caluanie Muelear Oxidize 20L\"}]},{\"@type\":\"WebSite\",\"@id\":\"https:\/\/moleculeminds.com\/#website\",\"url\":\"https:\/\/moleculeminds.com\/\",\"name\":\"MoleculeMinds\",\"description\":\"My WordPress Blog\",\"publisher\":{\"@id\":\"https:\/\/moleculeminds.com\/#organization\"},\"potentialAction\":[{\"@type\":\"SearchAction\",\"target\":{\"@type\":\"EntryPoint\",\"urlTemplate\":\"https:\/\/moleculeminds.com\/?s={search_term_string}\"},\"query-input\":{\"@type\":\"PropertyValueSpecification\",\"valueRequired\":true,\"valueName\":\"search_term_string\"}}],\"inLanguage\":\"es\"},{\"@type\":\"Organization\",\"@id\":\"https:\/\/moleculeminds.com\/#organization\",\"name\":\"MoleculeMinds\",\"url\":\"https:\/\/moleculeminds.com\/\",\"logo\":{\"@type\":\"ImageObject\",\"inLanguage\":\"es\",\"@id\":\"https:\/\/moleculeminds.com\/#\/schema\/logo\/image\/\",\"url\":\"https:\/\/moleculeminds.com\/wp-content\/uploads\/2024\/10\/cropped-Chemistry-Lab-Chemical-Logo.png\",\"contentUrl\":\"https:\/\/moleculeminds.com\/wp-content\/uploads\/2024\/10\/cropped-Chemistry-Lab-Chemical-Logo.png\",\"width\":315,\"height\":213,\"caption\":\"MoleculeMinds\"},\"image\":{\"@id\":\"https:\/\/moleculeminds.com\/#\/schema\/logo\/image\/\"}}]}<\/script>\n<!-- \/ Yoast SEO plugin. -->","yoast_head_json":{"title":"Buy Caluanie Muelear Oxidize 20L Online - MoleculeMinds","description":"If you are passionate about Caluanie Muelear Oxidize 20L for Sale, then our store is the best place to buy caluanie muelear oxidize 20L online. Order now!","robots":{"index":"index","follow":"follow","max-snippet":"max-snippet:-1","max-image-preview":"max-image-preview:large","max-video-preview":"max-video-preview:-1"},"canonical":"https:\/\/moleculeminds.com\/es\/shop\/buy-caluanie-muelear-oxidize-20l\/","og_locale":"es_ES","og_type":"article","og_title":"Buy Caluanie Muelear Oxidize 20L Online - MoleculeMinds","og_description":"If you are passionate about Caluanie Muelear Oxidize 20L for Sale, then our store is the best place to buy caluanie muelear oxidize 20L online. Order now!","og_url":"https:\/\/moleculeminds.com\/es\/shop\/buy-caluanie-muelear-oxidize-20l\/","og_site_name":"MoleculeMinds","article_modified_time":"2025-09-27T08:06:38+00:00","og_image":[{"width":350,"height":350,"url":"https:\/\/moleculeminds.com\/wp-content\/uploads\/2024\/10\/k9.jpg","type":"image\/jpeg"}],"twitter_card":"summary_large_image","twitter_misc":{"Tiempo de lectura":"4 minutos"},"schema":{"@context":"https:\/\/schema.org","@graph":[{"@type":"WebPage","@id":"https:\/\/moleculeminds.com\/shop\/buy-caluanie-muelear-oxidize-20l\/","url":"https:\/\/moleculeminds.com\/shop\/buy-caluanie-muelear-oxidize-20l\/","name":"Buy Caluanie Muelear Oxidize 20L Online - MoleculeMinds","isPartOf":{"@id":"https:\/\/moleculeminds.com\/#website"},"primaryImageOfPage":{"@id":"https:\/\/moleculeminds.com\/shop\/buy-caluanie-muelear-oxidize-20l\/#primaryimage"},"image":{"@id":"https:\/\/moleculeminds.com\/shop\/buy-caluanie-muelear-oxidize-20l\/#primaryimage"},"thumbnailUrl":"https:\/\/moleculeminds.com\/wp-content\/uploads\/2024\/10\/k9.jpg","datePublished":"2024-10-25T14:13:57+00:00","dateModified":"2025-09-27T08:06:38+00:00","description":"If you are passionate about Caluanie Muelear Oxidize 20L for Sale, then our store is the best place to buy caluanie muelear oxidize 20L online. Order now!","breadcrumb":{"@id":"https:\/\/moleculeminds.com\/shop\/buy-caluanie-muelear-oxidize-20l\/#breadcrumb"},"inLanguage":"es","potentialAction":[{"@type":"ReadAction","target":["https:\/\/moleculeminds.com\/shop\/buy-caluanie-muelear-oxidize-20l\/"]}]},{"@type":"ImageObject","inLanguage":"es","@id":"https:\/\/moleculeminds.com\/shop\/buy-caluanie-muelear-oxidize-20l\/#primaryimage","url":"https:\/\/moleculeminds.com\/wp-content\/uploads\/2024\/10\/k9.jpg","contentUrl":"https:\/\/moleculeminds.com\/wp-content\/uploads\/2024\/10\/k9.jpg","width":350,"height":350,"caption":"Buy Caluanie Muelear Oxidize 20L Online"},{"@type":"BreadcrumbList","@id":"https:\/\/moleculeminds.com\/shop\/buy-caluanie-muelear-oxidize-20l\/#breadcrumb","itemListElement":[{"@type":"ListItem","position":1,"name":"Home","item":"https:\/\/moleculeminds.com\/"},{"@type":"ListItem","position":2,"name":"Shop","item":"https:\/\/moleculeminds.com\/shop\/"},{"@type":"ListItem","position":3,"name":"Buy Caluanie Muelear Oxidize 20L"}]},{"@type":"WebSite","@id":"https:\/\/moleculeminds.com\/#website","url":"https:\/\/moleculeminds.com\/","name":"MoleculeMinds","description":"My WordPress Blog","publisher":{"@id":"https:\/\/moleculeminds.com\/#organization"},"potentialAction":[{"@type":"SearchAction","target":{"@type":"EntryPoint","urlTemplate":"https:\/\/moleculeminds.com\/?s={search_term_string}"},"query-input":{"@type":"PropertyValueSpecification","valueRequired":true,"valueName":"search_term_string"}}],"inLanguage":"es"},{"@type":"Organization","@id":"https:\/\/moleculeminds.com\/#organization","name":"MoleculeMinds","url":"https:\/\/moleculeminds.com\/","logo":{"@type":"ImageObject","inLanguage":"es","@id":"https:\/\/moleculeminds.com\/#\/schema\/logo\/image\/","url":"https:\/\/moleculeminds.com\/wp-content\/uploads\/2024\/10\/cropped-Chemistry-Lab-Chemical-Logo.png","contentUrl":"https:\/\/moleculeminds.com\/wp-content\/uploads\/2024\/10\/cropped-Chemistry-Lab-Chemical-Logo.png","width":315,"height":213,"caption":"MoleculeMinds"},"image":{"@id":"https:\/\/moleculeminds.com\/#\/schema\/logo\/image\/"}}]}},"_links":{"self":[{"href":"https:\/\/moleculeminds.com\/es\/wp-json\/wp\/v2\/product\/772","targetHints":{"allow":["GET"]}}],"collection":[{"href":"https:\/\/moleculeminds.com\/es\/wp-json\/wp\/v2\/product"}],"about":[{"href":"https:\/\/moleculeminds.com\/es\/wp-json\/wp\/v2\/types\/product"}],"replies":[{"embeddable":true,"href":"https:\/\/moleculeminds.com\/es\/wp-json\/wp\/v2\/comments?post=772"}],"wp:featuredmedia":[{"embeddable":true,"href":"https:\/\/moleculeminds.com\/es\/wp-json\/wp\/v2\/media\/758"}],"wp:attachment":[{"href":"https:\/\/moleculeminds.com\/es\/wp-json\/wp\/v2\/media?parent=772"}],"wp:term":[{"taxonomy":"product_brand","embeddable":true,"href":"https:\/\/moleculeminds.com\/es\/wp-json\/wp\/v2\/product_brand?post=772"},{"taxonomy":"product_cat","embeddable":true,"href":"https:\/\/moleculeminds.com\/es\/wp-json\/wp\/v2\/product_cat?post=772"},{"taxonomy":"product_tag","embeddable":true,"href":"https:\/\/moleculeminds.com\/es\/wp-json\/wp\/v2\/product_tag?post=772"}],"curies":[{"name":"wp","href":"https:\/\/api.w.org\/{rel}","templated":true}]}}