{"id":772,"date":"2024-10-25T14:13:57","date_gmt":"2024-10-25T14:13:57","guid":{"rendered":"https:\/\/moleculeminds.com\/?post_type=product&#038;p=772"},"modified":"2025-09-27T08:06:38","modified_gmt":"2025-09-27T08:06:38","slug":"buy-caluanie-muelear-oxidize-20l","status":"publish","type":"product","link":"https:\/\/moleculeminds.com\/fi\/shop\/buy-caluanie-muelear-oxidize-20l\/","title":{"rendered":"Osta Caluanie Muelear Oxidize 20L"},"content":{"rendered":"<h2>Osta Caluanie Muelear Oxidize 20L verkossa.<\/h2>\n<p class=\"uagb-ifb-desc\">Etsitk\u00f6 ostaa laadukkaita Caluanie Muelear Oxidize verkossa parhaaseen hintaan irtotavarana? Me MoleculeMindsilla olemme erikoistuneet toimittamaan Caluanie Muelear Oxidizea erilaisiin teollisiin sovelluksiin ja tarjoamme parhaat hinnat ja maailmanlaajuiset toimitusvaihtoehdot tarpeisiisi. Tilaa Caluanie Muelear Oxidize 20L verkossa nyt!<\/p>\n<p><strong>Mik\u00e4 on Caluanie Muelear Oxidize?<\/strong><\/p>\n<p>Caluanie Muelear Oxidize on tehokas kemikaali, jota k\u00e4ytet\u00e4\u00e4n laajalti teollisissa sovelluksissa sen ainutlaatuisten ominaisuuksien ja korkean tehokkuuden vuoksi. Tunnettu sen\u00a0<em>metallin murskaus<\/em>\u00a0ja\u00a0<em>hapettavat ominaisuudet<\/em>T\u00e4m\u00e4 yhdiste on v\u00e4ltt\u00e4m\u00e4t\u00f6n eri teollisuudenaloilla, kuten metallinjalostuksessa, maalien formuloinnissa ja teollisissa testausprosesseissa. Jos olet markkinoilla ostamassa huippulaatuista Caluanie Muelear Oxidize -yhdistett\u00e4, valikoimamme Oxidize Solutionsissa tarjoaa irtotavararatkaisuja kilpailukykyiseen hintaan.<\/p>\n<h3>Caluanie Muelear Oxidize -valmisteen t\u00e4rkeimm\u00e4t ominaisuudet<\/h3>\n<p><strong>Lyhyt yleiskatsaus Caluanie Muelear Oxidize 20L:st\u00e4<\/strong><\/p>\n<ul>\n<li style=\"list-style-type: none;\">\n<ul>\n<li><strong>Mik\u00e4 on Caluanie Muelear Oxidize?<\/strong>\n<ul>\n<li><a href=\"https:\/\/moleculeminds.com\/fi\/shop\/buy-caluanie-muelear-oxidize-20l\/\"><strong>Osta caluanie muelear oxidize verkossa<\/strong><\/a> on eritt\u00e4in reaktiivinen kemiallinen yhdiste, jota k\u00e4ytet\u00e4\u00e4n usein teollisuus- ja laboratoriosovelluksissa. Sit\u00e4 arvostetaan erityisesti sen hapettavien ominaisuuksien vuoksi, joiden ansiosta se pystyy hajottamaan monimutkaisia aineita prosesseissa, kuten kaivostoiminnassa ja kemiallisessa valmistuksessa, Caluanie Muelear Oxidize 20L for Sale.<\/li>\n<li>Kun kyseess\u00e4 on 20 litran m\u00e4\u00e4r\u00e4, se palvelee laajamittaisia teollisia tarpeita tai bulkkitutkimussovelluksia, joissa tarvitaan merkitt\u00e4vi\u00e4 m\u00e4\u00e4ri\u00e4 hapettavia aineita.<\/li>\n<\/ul>\n<\/li>\n<li><strong>20L Caluanie Muelear Oxidize -laitteen ominaisuudet<\/strong>:\n<ul>\n<li>T\u00e4t\u00e4 suuren m\u00e4\u00e4r\u00e4n pakettia tilataan yleisesti mineraalien louhinnassa, kemiallisessa synteesiss\u00e4 ja muissa teollisissa toiminnoissa, joissa tarvitaan hapettavia aineita huomattavia m\u00e4\u00e4ri\u00e4.<\/li>\n<\/ul>\n<\/li>\n<\/ul>\n<\/li>\n<\/ul>\n<p><strong>Sen yleisten k\u00e4ytt\u00f6tarkoitusten selitys<\/strong><\/p>\n<ul>\n<li style=\"list-style-type: none;\">\n<ul>\n<li><strong>Teolliset k\u00e4ytt\u00f6tarkoitukset<\/strong>:\n<ul>\n<li><strong>Mineraalien louhinta<\/strong>: Yksi t\u00e4rkeimmist\u00e4 k\u00e4ytt\u00f6tarkoituksista <strong>caluanie <\/strong><a href=\"https:\/\/en.wikipedia.org\/wiki\/Isocyanic_acid\"><strong>muelear hapettaa<\/strong><\/a> on kaivostoiminnassa, erityisesti jalometallien, kuten kullan ja platinan, louhinnassa. Se auttaa hajottamaan malmia, jolloin arvokkaat materiaalit on helpompi erottaa j\u00e4tteest\u00e4.<\/li>\n<li><strong>Kemianteollisuus<\/strong>: Se toimii hapettimena kemiallisissa prosesseissa, erityisesti teollisuudenaloilla, kuten \u00f6ljynjalostuksessa, l\u00e4\u00e4keteollisuudessa ja materiaalitieteess\u00e4, joissa vaaditaan suurta reaktiivisuutta.<\/li>\n<\/ul>\n<\/li>\n<li><strong>Tutkimus- ja laboratoriok\u00e4ytt\u00f6<\/strong>:\n<ul>\n<li>K\u00e4ytet\u00e4\u00e4n laboratorioissa hapettumisreaktioiden tutkimiseen ja kemiallisten analyysi- ja synteesitekniikoiden hiomiseen.<\/li>\n<\/ul>\n<\/li>\n<li><strong>Valmistus<\/strong>:\n<ul>\n<li>K\u00e4ytet\u00e4\u00e4n esimerkiksi elektroniikan ja materiaalienk\u00e4sittelyn aloilla, joissa se on mukana pintak\u00e4sittelyss\u00e4 tai erikoisyhdisteiden tuotannossa.<\/li>\n<\/ul>\n<\/li>\n<\/ul>\n<\/li>\n<\/ul>\n<h3>Miksi ostaa Caluanie Muelear Oxidize 20L?<\/h3>\n<p><strong>Teollisuuskemikaalien kysynt\u00e4<\/strong><\/p>\n<ul>\n<li style=\"list-style-type: none;\">\n<ul>\n<li><strong>Kasvava maailmanlaajuinen kysynt\u00e4<\/strong>: Kaluanie muelear oxidize -valmisteen kaltaisten tehokkaiden kemikaalien tarve johtuu kaivos-, energia-, kemikaali- ja valmistusteollisuudesta. N\u00e4m\u00e4 alat tarvitsevat usein kemikaaleja irtotavarana, erityisesti suuria m\u00e4\u00e4ri\u00e4, kuten 20 litraa, toiminnan sujuvuuden yll\u00e4pit\u00e4miseksi.<\/li>\n<li><strong>Kustannustehokkuus irtotavarana<\/strong>: Suurissa toiminnoissa kemikaalien ostaminen irtotavarana on paljon kustannustehokkaampaa kuin pienempien m\u00e4\u00e4rien ostaminen toistuvasti. 20 litran s\u00e4ili\u00f6 tarjoaa riitt\u00e4v\u00e4n tilavuuden laajamittaiseen kemikaalien k\u00e4sittelyyn ilman, ett\u00e4 sit\u00e4 tarvitsee tilata usein uudelleen.<\/li>\n<\/ul>\n<\/li>\n<\/ul>\n<p><strong>Laillisuus ja ostoa ymp\u00e4r\u00f6iv\u00e4t s\u00e4\u00e4nn\u00f6kset<\/strong><\/p>\n<ul>\n<li style=\"list-style-type: none;\">\n<ul>\n<li><strong>S\u00e4\u00e4nnelty kemikaali<\/strong>: Caluanie muelear oxidize katsotaan vaaralliseksi kemikaaliksi, ja sit\u00e4 s\u00e4\u00e4nnell\u00e4\u00e4n usein sen korkean reaktiivisuuden vuoksi. Ostajien on oltava tietoisia sen ostoa ja k\u00e4ytt\u00f6\u00e4 koskevista paikallisista ja kansainv\u00e4lisist\u00e4 laeista.<\/li>\n<li><strong>Tarvittavat luvat ja todistukset<\/strong>: Monilla alueilla kemikaalien, kuten Caluanie Muelear Oxidize, ostaminen tai kuljettaminen voi vaatia erityislupia tai lisenssej\u00e4. Varmista, ett\u00e4 toimialasi tai sovellutuksesi t\u00e4ytt\u00e4\u00e4 t\u00e4llaiset hankintamahdollisuudet.<\/li>\n<li><strong>Kuljetus ja varastointi<\/strong>: S\u00e4\u00e4nn\u00f6kset voivat my\u00f6s ohjata n\u00e4iden kemikaalien varastointia, k\u00e4sittely\u00e4 ja kuljetusta. Varmista, ett\u00e4 sek\u00e4 toimittaja ett\u00e4 ostaja noudattavat kaikkia tarvittavia turvallisuusprotokollia.<\/li>\n<\/ul>\n<\/li>\n<\/ul>\n<h3>Mist\u00e4 ostaa Caluanie Muelear Oxidize 20L verkossa?<\/h3>\n<p><strong>Suosittuja verkkoalustoja<\/strong><\/p>\n<ul>\n<li style=\"list-style-type: none;\">\n<ul>\n<li><strong>Kemialliset toimitussivustot<\/strong>:\n<ul>\n<li>Sivustot kuten <strong>Sigma-Aldrich<\/strong>, <strong>Alibaba<\/strong>ja <strong>ChemSpider<\/strong> ovat tunnettuja foorumeita, joista voidaan hankkia irtotavarana teollisuuskemikaaleja, kuten kaluanie muelear oxidize.<\/li>\n<\/ul>\n<\/li>\n<li><strong>S\u00e4hk\u00f6isen kaupank\u00e4ynnin alustat<\/strong>:\n<ul>\n<li>Alustat, kuten <strong>Amazon<\/strong> tai <strong>eBay<\/strong> saattaa toisinaan luetella kemikaaleja, kuten Caluanie Muelear Oxidize, mutta ostajien on tarkistettava myyj\u00e4n uskottavuus ennen ostoa.<\/li>\n<\/ul>\n<\/li>\n<li><strong>Teollisuuden tavarantoimittajat<\/strong>:\n<ul>\n<li>Teollisuus- ja laboratoriokemikaaleihin erikoistuneet yritykset palvelevat usein irtotavaran ostajia. Verkkosivustot, kuten <strong>ChemLab Supply<\/strong> tai <strong>Maailmanlaajuinen kemikaalien tarjonta<\/strong> saattavat tarjota 20 litran m\u00e4\u00e4ri\u00e4 Caluanie Muelear Oxidize -\u00f6ljy\u00e4.<\/li>\n<\/ul>\n<\/li>\n<\/ul>\n<\/li>\n<\/ul>\n<p>Caluanie Muelear Oxidize 20L myyt\u00e4v\u00e4n\u00e4<\/p>\n<p><strong>Vaiheet luotettavien toimittajien tunnistamiseksi<\/strong><\/p>\n<ul>\n<li style=\"list-style-type: none;\">\n<ul>\n<li><strong>Maine<\/strong>: Etsi toimittajia, joilla on todistetusti hyvi\u00e4 kokemuksia. Tarkista verkkoarvostelut ja aiempien asiakkaiden arvosanat arvioidaksesi heid\u00e4n luotettavuuttaan.<\/li>\n<li><strong>Sertifikaatit<\/strong>: Varmista, ett\u00e4 toimittajalla on tarvittavat sertifikaatit, kuten ISO- tai GMP-sertifikaatit, jotka osoittavat, ett\u00e4 toimittaja noudattaa alan laatu- ja turvallisuusstandardeja.<\/li>\n<li><strong>K\u00e4ytt\u00f6turvallisuustiedotteet (SDS)<\/strong>: Luotettavat tavarantoimittajat toimittavat jokaisesta tuotteesta SDS-tiedotteet, joissa kerrotaan kemikaalin ominaisuudet, vaarat, k\u00e4sittelyohjeet ja turvatoimet.<\/li>\n<li><strong>Asiakastuki<\/strong>: Luotettava toimittaja tarjoaa hyv\u00e4\u00e4 asiakaspalvelua ja vastaa tuotetta, toimitusta ja s\u00e4\u00e4nn\u00f6ksi\u00e4 koskeviin kysymyksiin.<\/li>\n<\/ul>\n<\/li>\n<\/ul>\n<ul>\n<li style=\"list-style-type: none;\">\n<ul>\n<li>Ostaminen <strong>20L Caluanie Muelear Oxidize verkossa<\/strong> tarjoaa k\u00e4tev\u00e4n ratkaisun teollisuudelle, joka tarvitsee t\u00e4m\u00e4n teollisuuskemikaalin irtotavarana. Oikeiden toimittajien ja huolellisen s\u00e4\u00e4nn\u00f6sten ja turvallisuustoimenpiteiden huomioon ottamisen avulla suurten m\u00e4\u00e4rien ostaminen voi olla kustannustehokas ja tehokas tapa vastata teollisuuden tarpeisiin.<\/li>\n<\/ul>\n<\/li>\n<\/ul>\n<h3>Tietoon perustuvan politiikan ja kansanterveysstrategioiden merkitys<\/h3>\n<ul>\n<li style=\"list-style-type: none;\">\n<ul>\n<li>Koska teollisuuskemikaalit, kuten caluanie muelear oxidize, voivat aiheuttaa terveys- ja ymp\u00e4rist\u00f6riskej\u00e4, on ratkaisevan t\u00e4rke\u00e4\u00e4 panna t\u00e4yt\u00e4nt\u00f6\u00f6n tietoon perustuvia politiikkoja ja s\u00e4\u00e4nn\u00f6ksi\u00e4, jotka koskevat niiden hankintaa, varastointia ja k\u00e4sittely\u00e4.<\/li>\n<li><strong>Kansanterveys ja turvallisuus<\/strong>: Hallitusten on varmistettava, ett\u00e4 kansanterveysstrategioihin sis\u00e4ltyy asianmukainen koulutus, h\u00e4t\u00e4tilannevalmiusprotokollat ja ohjeet vaarallisten kemikaalien k\u00e4sittelyyn liittyvien riskien minimoimiseksi.<\/li>\n<\/ul>\n<\/li>\n<\/ul>","protected":false},"excerpt":{"rendered":"<p>Tervetuloa kemiallisten innovaatioiden tulevaisuuteen <strong>20L Caluanie Muelear Oxidize hapettaa<\/strong>. Teollisuuden kehittyess\u00e4 kysynt\u00e4 tehokkaille kemikaaleille, joilla voidaan parantaa tuotannon tehokkuutta ja tuotteiden laatua, kasvaa jatkuvasti. Caluanie Muelear Oxidize on eturintamassa, sill\u00e4 se on monipuolinen hapetin, joka on ratkaisevan t\u00e4rke\u00e4 eri sovelluksissa, kuten l\u00e4\u00e4keteollisuudessa, maataloudessa ja kemianteollisuudessa.<\/p>\n<ul>\n<li><strong>Molekyylikaava<\/strong>: C\u2087H\u2085N<\/li>\n<li><strong>CAS-numero<\/strong>: 100-52-7<\/li>\n<li><strong>Fyysinen tila<\/strong>: Neste<\/li>\n<li><strong>V\u00e4ri<\/strong>: V\u00e4ritt\u00f6m\u00e4st\u00e4 vaaleankeltaiseen<\/li>\n<\/ul>","protected":false},"featured_media":758,"comment_status":"open","ping_status":"closed","template":"","meta":{"_kadence_starter_templates_imported_post":false,"_kad_post_transparent":"default","_kad_post_title":"","_kad_post_layout":"default","_kad_post_sidebar_id":"","_kad_post_content_style":"default","_kad_post_vertical_padding":"default","_kad_post_feature":"","_kad_post_feature_position":"","_kad_post_header":false,"_kad_post_footer":false},"product_brand":[],"product_cat":[15],"product_tag":[],"class_list":{"0":"post-772","1":"product","2":"type-product","3":"status-publish","4":"has-post-thumbnail","6":"product_cat-caluanie","8":"first","9":"instock","10":"sale","11":"shipping-taxable","12":"purchasable","13":"product-type-simple","14":"entry","15":"content-bg","16":"loop-entry"},"yoast_head":"<!-- This site is optimized with the Yoast SEO plugin v27.5 - https:\/\/yoast.com\/product\/yoast-seo-wordpress\/ -->\n<title>Buy Caluanie Muelear Oxidize 20L Online - MoleculeMinds<\/title>\n<meta name=\"description\" content=\"If you are passionate about Caluanie Muelear Oxidize 20L for Sale, then our store is the best place to buy caluanie muelear oxidize 20L online. Order now!\" \/>\n<meta name=\"robots\" content=\"index, follow, max-snippet:-1, max-image-preview:large, max-video-preview:-1\" \/>\n<link rel=\"canonical\" href=\"https:\/\/moleculeminds.com\/fi\/shop\/buy-caluanie-muelear-oxidize-20l\/\" \/>\n<meta property=\"og:locale\" content=\"fi_FI\" \/>\n<meta property=\"og:type\" content=\"article\" \/>\n<meta property=\"og:title\" content=\"Buy Caluanie Muelear Oxidize 20L Online - MoleculeMinds\" \/>\n<meta property=\"og:description\" content=\"If you are passionate about Caluanie Muelear Oxidize 20L for Sale, then our store is the best place to buy caluanie muelear oxidize 20L online. Order now!\" \/>\n<meta property=\"og:url\" content=\"https:\/\/moleculeminds.com\/fi\/shop\/buy-caluanie-muelear-oxidize-20l\/\" \/>\n<meta property=\"og:site_name\" content=\"MoleculeMinds\" \/>\n<meta property=\"article:modified_time\" content=\"2025-09-27T08:06:38+00:00\" \/>\n<meta property=\"og:image\" content=\"https:\/\/moleculeminds.com\/wp-content\/uploads\/2024\/10\/k9.jpg\" \/>\n\t<meta property=\"og:image:width\" content=\"350\" \/>\n\t<meta property=\"og:image:height\" content=\"350\" \/>\n\t<meta property=\"og:image:type\" content=\"image\/jpeg\" \/>\n<meta name=\"twitter:card\" content=\"summary_large_image\" \/>\n<meta name=\"twitter:label1\" content=\"Arvioitu lukuaika\" \/>\n\t<meta name=\"twitter:data1\" content=\"4 minuuttia\" \/>\n<script type=\"application\/ld+json\" class=\"yoast-schema-graph\">{\"@context\":\"https:\\\/\\\/schema.org\",\"@graph\":[{\"@type\":\"WebPage\",\"@id\":\"https:\\\/\\\/moleculeminds.com\\\/shop\\\/buy-caluanie-muelear-oxidize-20l\\\/\",\"url\":\"https:\\\/\\\/moleculeminds.com\\\/shop\\\/buy-caluanie-muelear-oxidize-20l\\\/\",\"name\":\"Buy Caluanie Muelear Oxidize 20L Online - MoleculeMinds\",\"isPartOf\":{\"@id\":\"https:\\\/\\\/moleculeminds.com\\\/#website\"},\"primaryImageOfPage\":{\"@id\":\"https:\\\/\\\/moleculeminds.com\\\/shop\\\/buy-caluanie-muelear-oxidize-20l\\\/#primaryimage\"},\"image\":{\"@id\":\"https:\\\/\\\/moleculeminds.com\\\/shop\\\/buy-caluanie-muelear-oxidize-20l\\\/#primaryimage\"},\"thumbnailUrl\":\"https:\\\/\\\/moleculeminds.com\\\/wp-content\\\/uploads\\\/2024\\\/10\\\/k9.jpg\",\"datePublished\":\"2024-10-25T14:13:57+00:00\",\"dateModified\":\"2025-09-27T08:06:38+00:00\",\"description\":\"If you are passionate about Caluanie Muelear Oxidize 20L for Sale, then our store is the best place to buy caluanie muelear oxidize 20L online. Order now!\",\"breadcrumb\":{\"@id\":\"https:\\\/\\\/moleculeminds.com\\\/shop\\\/buy-caluanie-muelear-oxidize-20l\\\/#breadcrumb\"},\"inLanguage\":\"fi\",\"potentialAction\":[{\"@type\":\"ReadAction\",\"target\":[\"https:\\\/\\\/moleculeminds.com\\\/shop\\\/buy-caluanie-muelear-oxidize-20l\\\/\"]}]},{\"@type\":\"ImageObject\",\"inLanguage\":\"fi\",\"@id\":\"https:\\\/\\\/moleculeminds.com\\\/shop\\\/buy-caluanie-muelear-oxidize-20l\\\/#primaryimage\",\"url\":\"https:\\\/\\\/moleculeminds.com\\\/wp-content\\\/uploads\\\/2024\\\/10\\\/k9.jpg\",\"contentUrl\":\"https:\\\/\\\/moleculeminds.com\\\/wp-content\\\/uploads\\\/2024\\\/10\\\/k9.jpg\",\"width\":350,\"height\":350,\"caption\":\"Buy Caluanie Muelear Oxidize 20L Online\"},{\"@type\":\"BreadcrumbList\",\"@id\":\"https:\\\/\\\/moleculeminds.com\\\/shop\\\/buy-caluanie-muelear-oxidize-20l\\\/#breadcrumb\",\"itemListElement\":[{\"@type\":\"ListItem\",\"position\":1,\"name\":\"Home\",\"item\":\"https:\\\/\\\/moleculeminds.com\\\/\"},{\"@type\":\"ListItem\",\"position\":2,\"name\":\"Shop\",\"item\":\"https:\\\/\\\/moleculeminds.com\\\/shop\\\/\"},{\"@type\":\"ListItem\",\"position\":3,\"name\":\"Buy Caluanie Muelear Oxidize 20L\"}]},{\"@type\":\"WebSite\",\"@id\":\"https:\\\/\\\/moleculeminds.com\\\/#website\",\"url\":\"https:\\\/\\\/moleculeminds.com\\\/\",\"name\":\"MoleculeMinds\",\"description\":\"My WordPress Blog\",\"publisher\":{\"@id\":\"https:\\\/\\\/moleculeminds.com\\\/#organization\"},\"potentialAction\":[{\"@type\":\"SearchAction\",\"target\":{\"@type\":\"EntryPoint\",\"urlTemplate\":\"https:\\\/\\\/moleculeminds.com\\\/?s={search_term_string}\"},\"query-input\":{\"@type\":\"PropertyValueSpecification\",\"valueRequired\":true,\"valueName\":\"search_term_string\"}}],\"inLanguage\":\"fi\"},{\"@type\":\"Organization\",\"@id\":\"https:\\\/\\\/moleculeminds.com\\\/#organization\",\"name\":\"MoleculeMinds\",\"url\":\"https:\\\/\\\/moleculeminds.com\\\/\",\"logo\":{\"@type\":\"ImageObject\",\"inLanguage\":\"fi\",\"@id\":\"https:\\\/\\\/moleculeminds.com\\\/#\\\/schema\\\/logo\\\/image\\\/\",\"url\":\"https:\\\/\\\/moleculeminds.com\\\/wp-content\\\/uploads\\\/2024\\\/10\\\/cropped-Chemistry-Lab-Chemical-Logo.png\",\"contentUrl\":\"https:\\\/\\\/moleculeminds.com\\\/wp-content\\\/uploads\\\/2024\\\/10\\\/cropped-Chemistry-Lab-Chemical-Logo.png\",\"width\":315,\"height\":213,\"caption\":\"MoleculeMinds\"},\"image\":{\"@id\":\"https:\\\/\\\/moleculeminds.com\\\/#\\\/schema\\\/logo\\\/image\\\/\"}}]}<\/script>\n<!-- \/ Yoast SEO plugin. -->","yoast_head_json":{"title":"Osta Caluanie Muelear Oxidize 20L verkossa - MoleculeMinds","description":"Jos olet intohimoisesti Caluanie Muelear Oxidize 20L myyt\u00e4v\u00e4n\u00e4, niin myym\u00e4l\u00e4mme on paras paikka ostaa caluanie muelear oxidize 20L verkossa. Tilaa nyt!","robots":{"index":"index","follow":"follow","max-snippet":"max-snippet:-1","max-image-preview":"max-image-preview:large","max-video-preview":"max-video-preview:-1"},"canonical":"https:\/\/moleculeminds.com\/fi\/shop\/buy-caluanie-muelear-oxidize-20l\/","og_locale":"fi_FI","og_type":"article","og_title":"Buy Caluanie Muelear Oxidize 20L Online - MoleculeMinds","og_description":"If you are passionate about Caluanie Muelear Oxidize 20L for Sale, then our store is the best place to buy caluanie muelear oxidize 20L online. Order now!","og_url":"https:\/\/moleculeminds.com\/fi\/shop\/buy-caluanie-muelear-oxidize-20l\/","og_site_name":"MoleculeMinds","article_modified_time":"2025-09-27T08:06:38+00:00","og_image":[{"width":350,"height":350,"url":"https:\/\/moleculeminds.com\/wp-content\/uploads\/2024\/10\/k9.jpg","type":"image\/jpeg"}],"twitter_card":"summary_large_image","twitter_misc":{"Arvioitu lukuaika":"4 minuuttia"},"schema":{"@context":"https:\/\/schema.org","@graph":[{"@type":"WebPage","@id":"https:\/\/moleculeminds.com\/shop\/buy-caluanie-muelear-oxidize-20l\/","url":"https:\/\/moleculeminds.com\/shop\/buy-caluanie-muelear-oxidize-20l\/","name":"Osta Caluanie Muelear Oxidize 20L verkossa - MoleculeMinds","isPartOf":{"@id":"https:\/\/moleculeminds.com\/#website"},"primaryImageOfPage":{"@id":"https:\/\/moleculeminds.com\/shop\/buy-caluanie-muelear-oxidize-20l\/#primaryimage"},"image":{"@id":"https:\/\/moleculeminds.com\/shop\/buy-caluanie-muelear-oxidize-20l\/#primaryimage"},"thumbnailUrl":"https:\/\/moleculeminds.com\/wp-content\/uploads\/2024\/10\/k9.jpg","datePublished":"2024-10-25T14:13:57+00:00","dateModified":"2025-09-27T08:06:38+00:00","description":"Jos olet intohimoisesti Caluanie Muelear Oxidize 20L myyt\u00e4v\u00e4n\u00e4, niin myym\u00e4l\u00e4mme on paras paikka ostaa caluanie muelear oxidize 20L verkossa. Tilaa nyt!","breadcrumb":{"@id":"https:\/\/moleculeminds.com\/shop\/buy-caluanie-muelear-oxidize-20l\/#breadcrumb"},"inLanguage":"fi","potentialAction":[{"@type":"ReadAction","target":["https:\/\/moleculeminds.com\/shop\/buy-caluanie-muelear-oxidize-20l\/"]}]},{"@type":"ImageObject","inLanguage":"fi","@id":"https:\/\/moleculeminds.com\/shop\/buy-caluanie-muelear-oxidize-20l\/#primaryimage","url":"https:\/\/moleculeminds.com\/wp-content\/uploads\/2024\/10\/k9.jpg","contentUrl":"https:\/\/moleculeminds.com\/wp-content\/uploads\/2024\/10\/k9.jpg","width":350,"height":350,"caption":"Buy Caluanie Muelear Oxidize 20L Online"},{"@type":"BreadcrumbList","@id":"https:\/\/moleculeminds.com\/shop\/buy-caluanie-muelear-oxidize-20l\/#breadcrumb","itemListElement":[{"@type":"ListItem","position":1,"name":"Home","item":"https:\/\/moleculeminds.com\/"},{"@type":"ListItem","position":2,"name":"Shop","item":"https:\/\/moleculeminds.com\/shop\/"},{"@type":"ListItem","position":3,"name":"Buy Caluanie Muelear Oxidize 20L"}]},{"@type":"WebSite","@id":"https:\/\/moleculeminds.com\/#website","url":"https:\/\/moleculeminds.com\/","name":"MoleculeMinds","description":"Minun WordPress blogi","publisher":{"@id":"https:\/\/moleculeminds.com\/#organization"},"potentialAction":[{"@type":"SearchAction","target":{"@type":"EntryPoint","urlTemplate":"https:\/\/moleculeminds.com\/?s={search_term_string}"},"query-input":{"@type":"PropertyValueSpecification","valueRequired":true,"valueName":"search_term_string"}}],"inLanguage":"fi"},{"@type":"Organization","@id":"https:\/\/moleculeminds.com\/#organization","name":"MoleculeMinds","url":"https:\/\/moleculeminds.com\/","logo":{"@type":"ImageObject","inLanguage":"fi","@id":"https:\/\/moleculeminds.com\/#\/schema\/logo\/image\/","url":"https:\/\/moleculeminds.com\/wp-content\/uploads\/2024\/10\/cropped-Chemistry-Lab-Chemical-Logo.png","contentUrl":"https:\/\/moleculeminds.com\/wp-content\/uploads\/2024\/10\/cropped-Chemistry-Lab-Chemical-Logo.png","width":315,"height":213,"caption":"MoleculeMinds"},"image":{"@id":"https:\/\/moleculeminds.com\/#\/schema\/logo\/image\/"}}]}},"_links":{"self":[{"href":"https:\/\/moleculeminds.com\/fi\/wp-json\/wp\/v2\/product\/772","targetHints":{"allow":["GET"]}}],"collection":[{"href":"https:\/\/moleculeminds.com\/fi\/wp-json\/wp\/v2\/product"}],"about":[{"href":"https:\/\/moleculeminds.com\/fi\/wp-json\/wp\/v2\/types\/product"}],"replies":[{"embeddable":true,"href":"https:\/\/moleculeminds.com\/fi\/wp-json\/wp\/v2\/comments?post=772"}],"wp:featuredmedia":[{"embeddable":true,"href":"https:\/\/moleculeminds.com\/fi\/wp-json\/wp\/v2\/media\/758"}],"wp:attachment":[{"href":"https:\/\/moleculeminds.com\/fi\/wp-json\/wp\/v2\/media?parent=772"}],"wp:term":[{"taxonomy":"product_brand","embeddable":true,"href":"https:\/\/moleculeminds.com\/fi\/wp-json\/wp\/v2\/product_brand?post=772"},{"taxonomy":"product_cat","embeddable":true,"href":"https:\/\/moleculeminds.com\/fi\/wp-json\/wp\/v2\/product_cat?post=772"},{"taxonomy":"product_tag","embeddable":true,"href":"https:\/\/moleculeminds.com\/fi\/wp-json\/wp\/v2\/product_tag?post=772"}],"curies":[{"name":"wp","href":"https:\/\/api.w.org\/{rel}","templated":true}]}}