{"id":804,"date":"2024-10-26T11:57:12","date_gmt":"2024-10-26T11:57:12","guid":{"rendered":"https:\/\/moleculeminds.com\/?post_type=product&#038;p=804"},"modified":"2025-09-27T12:44:44","modified_gmt":"2025-09-27T12:44:45","slug":"caluanie-muelear-oxidize-10l","status":"publish","type":"product","link":"https:\/\/moleculeminds.com\/fi\/shop\/caluanie-muelear-oxidize-10l\/","title":{"rendered":"Caluanie Muelear Oxidize 10L"},"content":{"rendered":"<h2><strong>Caluanie Muelear Oxidize 10L myyt\u00e4v\u00e4n\u00e4 Moleculemindsilta<\/strong><\/h2>\n<h3><strong>Johdanto<\/strong><\/h3>\n<p><strong>Lyhyt yleiskatsaus Caluanie Muelear Oxidize 10L:st\u00e4<\/strong><\/p>\n<ul>\n<li style=\"list-style-type: none;\">\n<ul>\n<li><strong>Mik\u00e4 on Caluanie Muelear Oxidize?<\/strong>\n<ul>\n<li><a href=\"https:\/\/moleculeminds.com\/fi\/shop\/caluanie-muelear-oxidize-10l\/\"><strong>Osta Caluanie Muelear Oxidize online<\/strong><\/a> on voimakas kemiallinen yhdiste, jolla on vahvat hapettavat ominaisuudet ja jota k\u00e4ytet\u00e4\u00e4n usein teollisissa kemiallisissa prosesseissa. 10 litran eriss\u00e4 se toimii laajamittaisena ratkaisuna teollisuudelle, joka tarvitsee hapettavia aineita irtotavarana.<\/li>\n<li>Tyypillisesti sit\u00e4 k\u00e4ytet\u00e4\u00e4n apuna monimutkaisten materiaalien hajottamisessa, kuten jalometallien louhinnassa ja muissa kemiallisissa prosesseissa.<\/li>\n<\/ul>\n<\/li>\n<li><strong>T\u00e4rkeimm\u00e4t ominaisuudet<\/strong>\n<ul>\n<li>Se on reaktiivinen kemikaali, joka vaatii huolellista k\u00e4sittely\u00e4, ja sit\u00e4 s\u00e4ilytet\u00e4\u00e4n usein erikoisastiassa onnettomuuksien v\u00e4ltt\u00e4miseksi.<\/li>\n<li>K\u00e4ytet\u00e4\u00e4n yleisesti teollisuudessa eik\u00e4 kuluttajatuotteissa, koska se on luonteeltaan voimakas kemikaali.<\/li>\n<\/ul>\n<\/li>\n<\/ul>\n<\/li>\n<\/ul>\n<p><strong>Sen yleisten k\u00e4ytt\u00f6tarkoitusten selitys<\/strong><\/p>\n<ul>\n<li style=\"list-style-type: none;\">\n<ul>\n<li><strong>Teolliset sovellukset<\/strong>\n<ul>\n<li><strong>Mineraalien louhinta<\/strong>: K\u00e4ytet\u00e4\u00e4n yleisesti kaivosteollisuudessa jalometallien, kuten kullan ja platinan, talteenotossa, jossa sen hapettavat ominaisuudet auttavat malmien hajottamisessa.<\/li>\n<li><strong>Kemianteollisuus<\/strong>: Toimii katalysaattorina tai hapettimena erilaisissa kemiallisissa prosesseissa, erityisesti niiss\u00e4, jotka vaativat suurta reaktiivisuutta.<\/li>\n<li><strong>\u00d6ljyteollisuus<\/strong>: K\u00e4ytet\u00e4\u00e4n jalostusprosesseissa, joissa tarvitaan voimakkaasti hapettavia aineita.<\/li>\n<\/ul>\n<\/li>\n<li><strong>Tutkimusk\u00e4ytt\u00f6<\/strong>:\n<ul>\n<li>K\u00e4ytet\u00e4\u00e4n tieteellisiss\u00e4 laboratorioissa kemiallisissa kokeissa tai hapettumis- ja hajoamisreaktioiden teollisessa tutkimuksessa.<\/li>\n<\/ul>\n<\/li>\n<li><strong>Valmistus<\/strong>:\n<ul>\n<li>Oleellinen osa tuotantolinjoja, joissa kemiallisia reaktioita on nopeutettava, erityisesti materiaalien k\u00e4sittelyss\u00e4 ja pintak\u00e4sittelyss\u00e4.<\/li>\n<\/ul>\n<\/li>\n<\/ul>\n<\/li>\n<\/ul>\n<h3><strong>Miksi ostaa Caluanie Muelear Oxidize 10L?<\/strong><\/h3>\n<p><strong>Teollisuuskemikaalien kysynt\u00e4<\/strong><\/p>\n<ul>\n<li style=\"list-style-type: none;\">\n<ul>\n<li><strong>Teollisuuden kasvavat tarpeet<\/strong>: Teollisuuskemikaalien kasvava kysynt\u00e4 eri aloilla, kuten kaivostoiminnassa, energiantuotannossa ja materiaalitieteess\u00e4, on lis\u00e4nnyt irtotavarana myyt\u00e4vien kemikaalien, kuten kemikaalien, tarvetta. <a href=\"https:\/\/en.wikipedia.org\/wiki\/Isocyanic_acid\">Caluanie Muelear Oxidize<\/a>.<\/li>\n<li><strong>Mittakaavaedut<\/strong>: Teollisuus suosii suurempia m\u00e4\u00e4ri\u00e4, kuten 10 litraa, kustannustehokkuuden vuoksi, erityisesti pitk\u00e4aikaisissa operaatioissa, verrattuna pienempien erien toistuvaan ostamiseen.<\/li>\n<\/ul>\n<\/li>\n<\/ul>\n<p><strong>Laillisuus ja ostoa ymp\u00e4r\u00f6iv\u00e4t s\u00e4\u00e4nn\u00f6kset<\/strong><\/p>\n<ul>\n<li style=\"list-style-type: none;\">\n<ul>\n<li><strong>Kemiallinen valvonta<\/strong>: Caluanie Muelear Oxidize on usein s\u00e4\u00e4nnelty sen vaarallisten ominaisuuksien vuoksi. Monissa maissa sen myynti ja jakelu edellytt\u00e4v\u00e4t erityislupia ja -asiakirjoja.<\/li>\n<li><strong>Vaatimustenmukaisuusvaatimukset<\/strong>: Ostajien on varmistettava, ett\u00e4 he noudattavat paikallisia ja kansainv\u00e4lisi\u00e4 lakeja, jotka koskevat t\u00e4llaisten kemikaalien k\u00e4sittely\u00e4, varastointia ja kuljetusta.<\/li>\n<li><strong>Turvallisuusprotokollat<\/strong>: S\u00e4\u00e4nn\u00f6ksill\u00e4 pyrit\u00e4\u00e4n usein varmistamaan, ett\u00e4 kemikaalia k\u00e4ytet\u00e4\u00e4n vain turvallisissa, valvotuissa ymp\u00e4rist\u00f6iss\u00e4 ja laillisiin teollisuus- tai tutkimustarkoituksiin.<\/li>\n<\/ul>\n<\/li>\n<\/ul>\n<h3><strong>Mist\u00e4 ostaa Caluanie Muelear Oxidize 10L verkossa?<\/strong><\/h3>\n<p><strong>Suosittuja verkkoalustoja<\/strong><\/p>\n<ul>\n<li style=\"list-style-type: none;\">\n<ul>\n<li><strong>Kemialliset toimitussivustot<\/strong>: Alustat, kuten <strong>Sigma-Aldrich<\/strong>, <strong>Alibaba<\/strong>, tai <strong>ChemSpider<\/strong> tarjoavat yleens\u00e4 irtotavarana kemikaaleja, kuten Caluanie Muelear Oxidize. N\u00e4ill\u00e4 alustoilla voi olla useita myyji\u00e4, jotka ovat erikoistuneet teollisuus- ja laboratoriokemikaaleihin.<\/li>\n<li><strong>Teollinen s\u00e4hk\u00f6inen kaupank\u00e4ynti<\/strong>: Jotkin teollisuuskemikaaleille omistetut verkkokauppasivustot, kuten <strong>Chemsavers<\/strong> tai <strong>Maailmanlaajuinen kemikaalien tarjonta<\/strong>, voi tarjota irtotavarana, mukaan lukien 10L Caluanie Muelear Oxidize.<\/li>\n<li><strong>Erikoistoimittajat<\/strong>: Monet yritykset ovat erikoistuneet harvinaisiin tai kapeisiin kemikaaleihin, ja ne saattavat palvella erityisesti suurempia tilauksia, kuten 10 litran m\u00e4\u00e4ri\u00e4. N\u00e4m\u00e4 toimittajat tarjoavat usein r\u00e4\u00e4t\u00e4l\u00f6idympi\u00e4 palveluja.<\/li>\n<\/ul>\n<\/li>\n<\/ul>\n<p><strong>Vaiheet luotettavien toimittajien tunnistamiseksi<\/strong><\/p>\n<ul>\n<li style=\"list-style-type: none;\">\n<ul>\n<li><strong>Tutkimus Toimittajan maine<\/strong>: Tarkista aina asiakkaiden palaute ja arviot. Vakiintuneilla tavarantoimittajilla on yleens\u00e4 positiivisia arvosteluja ja luotettavaa palvelua.<\/li>\n<li><strong>Tarkista todistukset<\/strong>: Laillisella toimittajalla on ISO- tai GMP-sertifioinnit, jotka osoittavat, ett\u00e4 se noudattaa alan laatu- ja turvallisuusstandardeja.<\/li>\n<li><strong>Asiakirjojen pyyt\u00e4minen<\/strong>: Pyyd\u00e4 k\u00e4ytt\u00f6turvallisuustiedotteita (SDS), analyysitodistuksia ja muita asiaankuuluvia asiakirjoja tuotteen aitouden ja laadun varmistamiseksi.<\/li>\n<li><strong>Tarkista yhteystiedot<\/strong>: Luotettavilla toimittajilla on oltava selke\u00e4t yhteystiedot ja helposti l\u00e4hestytt\u00e4v\u00e4 asiakastukitiimi.<\/li>\n<\/ul>\n<\/li>\n<\/ul>\n<ul>\n<li style=\"list-style-type: none;\"><\/li>\n<\/ul>\n<h3><strong>P\u00e4\u00e4telm\u00e4<\/strong><\/h3>\n<p><strong>Yhteenveto ostovaihtoehdoista<\/strong><\/p>\n<ul>\n<li style=\"list-style-type: none;\">\n<ul>\n<li><strong>10L Caluanie Muelear Oxidize Caluanie Muelear Oxidise<\/strong> on saatavilla useiden verkkoalustojen kautta, jotka ulottuvat yleisist\u00e4 kemikaalitoimittajista teollisuuden erityistarpeisiin vastaaviin erikoistuneisiin jakelijoihin. Suurten m\u00e4\u00e4rien ostoprosessissa olisi otettava huomioon turvallisuus, kustannukset ja lains\u00e4\u00e4d\u00e4nn\u00f6n noudattaminen.<\/li>\n<li><strong>Suuret vs. pienemm\u00e4t ostot<\/strong>: Vaikka 10 litraa on ihanteellinen suuren mittakaavan sovelluksiin, punnitse aina varastointi- ja kuljetuskustannuksia suhteessa irtotavaram\u00e4\u00e4rien v\u00e4litt\u00f6m\u00e4\u00e4n tarpeeseen.<\/li>\n<\/ul>\n<\/li>\n<\/ul>\n<p><strong>Tietoon perustuvan politiikan ja kansanterveysstrategioiden merkitys<\/strong><\/p>\n<ul>\n<li style=\"list-style-type: none;\">\n<ul>\n<li>Kemikaalien, kuten Caluanie Muelear Oxidize, ostoa ja k\u00e4sittely\u00e4 on s\u00e4\u00e4nnelt\u00e4v\u00e4 huolellisesti yleisen turvallisuuden suojelemiseksi ja v\u00e4\u00e4rink\u00e4yt\u00f6n est\u00e4miseksi.<\/li>\n<li>Hallitusten ja teollisuuden on teht\u00e4v\u00e4 yhteisty\u00f6t\u00e4 luodakseen vankkaa politiikkaa, jolla varmistetaan vaarallisten kemikaalien turvallinen hankinta ja k\u00e4sittely kiinnitt\u00e4en erityist\u00e4 huomiota teollisuus- ja tutkimussovelluksiin.<\/li>\n<\/ul>\n<\/li>\n<\/ul>","protected":false},"excerpt":{"rendered":"<p>T\u00e4m\u00e4 kaava liittyy <strong>teollisuusk\u00e4ytt\u00f6\u00f6n tarkoitetut isosyanihappopohjaiset yhdisteet<\/strong> k\u00e4ytet\u00e4\u00e4n <strong>metallien k\u00e4sittely<\/strong>, <strong>materiaalin hajoaminen<\/strong>ja <strong>kemiallinen synteesi<\/strong>. Erityinen koostumus <strong>Caluanie Muelear Oxidize<\/strong> voi vaihdella hieman eri sovelluksissa k\u00e4ytett\u00e4vien omien koostumusten mukaan.<\/p>\n<ul>\n<li><strong>Molekyylikaava<\/strong>: C\u2082H\u2085NO<\/li>\n<li><strong>CAS-numero<\/strong>: 75-31-0<\/li>\n<li><strong>Molarmassa<\/strong>: 59,07 g\/mol<\/li>\n<li><strong>Tiheys<\/strong>: Noin 1.007 g\/cm\u00b3 25\u00b0C:ssa.<\/li>\n<\/ul>","protected":false},"featured_media":748,"comment_status":"open","ping_status":"closed","template":"","meta":{"_kadence_starter_templates_imported_post":false,"_kad_post_transparent":"default","_kad_post_title":"","_kad_post_layout":"default","_kad_post_sidebar_id":"","_kad_post_content_style":"default","_kad_post_vertical_padding":"default","_kad_post_feature":"","_kad_post_feature_position":"","_kad_post_header":false,"_kad_post_footer":false},"product_brand":[],"product_cat":[15],"product_tag":[],"class_list":{"0":"post-804","1":"product","2":"type-product","3":"status-publish","4":"has-post-thumbnail","6":"product_cat-caluanie","8":"first","9":"instock","10":"sale","11":"shipping-taxable","12":"purchasable","13":"product-type-simple","14":"entry","15":"content-bg","16":"loop-entry"},"yoast_head":"<!-- This site is optimized with the Yoast SEO plugin v25.3.1 - https:\/\/yoast.com\/wordpress\/plugins\/seo\/ -->\n<title>Buy Caluanie Muelear Oxidize 10L Online-Caluanie Muelear Oxidiz<\/title>\n<meta name=\"description\" content=\"If you want to buy caluanie muelear Ooxidize 10L online and looking for a reliable online shop, then buy here. We offer only best quality caluanie muelear Ooxidize 10L for sale at an affordable price.\" \/>\n<meta name=\"robots\" content=\"index, follow, max-snippet:-1, max-image-preview:large, max-video-preview:-1\" \/>\n<link rel=\"canonical\" href=\"https:\/\/moleculeminds.com\/fi\/shop\/caluanie-muelear-oxidize-10l\/\" \/>\n<meta property=\"og:locale\" content=\"fi_FI\" \/>\n<meta property=\"og:type\" content=\"article\" \/>\n<meta property=\"og:title\" content=\"Buy Caluanie Muelear Oxidize 10L Online-Caluanie Muelear Oxidiz\" \/>\n<meta property=\"og:description\" content=\"If you want to buy caluanie muelear Ooxidize 10L online and looking for a reliable online shop, then buy here. We offer only best quality caluanie muelear Ooxidize 10L for sale at an affordable price.\" \/>\n<meta property=\"og:url\" content=\"https:\/\/moleculeminds.com\/fi\/shop\/caluanie-muelear-oxidize-10l\/\" \/>\n<meta property=\"og:site_name\" content=\"MoleculeMinds\" \/>\n<meta property=\"article:modified_time\" content=\"2025-09-27T12:44:45+00:00\" \/>\n<meta property=\"og:image\" content=\"https:\/\/moleculeminds.com\/wp-content\/uploads\/2024\/10\/k1.jpg\" \/>\n\t<meta property=\"og:image:width\" content=\"474\" \/>\n\t<meta property=\"og:image:height\" content=\"474\" \/>\n\t<meta property=\"og:image:type\" content=\"image\/jpeg\" \/>\n<meta name=\"twitter:card\" content=\"summary_large_image\" \/>\n<meta name=\"twitter:label1\" content=\"Arvioitu lukuaika\" \/>\n\t<meta name=\"twitter:data1\" content=\"4 minuuttia\" \/>\n<script type=\"application\/ld+json\" class=\"yoast-schema-graph\">{\"@context\":\"https:\/\/schema.org\",\"@graph\":[{\"@type\":\"WebPage\",\"@id\":\"https:\/\/moleculeminds.com\/shop\/caluanie-muelear-oxidize-10l\/\",\"url\":\"https:\/\/moleculeminds.com\/shop\/caluanie-muelear-oxidize-10l\/\",\"name\":\"Buy Caluanie Muelear Oxidize 10L Online-Caluanie Muelear Oxidiz\",\"isPartOf\":{\"@id\":\"https:\/\/moleculeminds.com\/#website\"},\"primaryImageOfPage\":{\"@id\":\"https:\/\/moleculeminds.com\/shop\/caluanie-muelear-oxidize-10l\/#primaryimage\"},\"image\":{\"@id\":\"https:\/\/moleculeminds.com\/shop\/caluanie-muelear-oxidize-10l\/#primaryimage\"},\"thumbnailUrl\":\"https:\/\/moleculeminds.com\/wp-content\/uploads\/2024\/10\/k1.jpg\",\"datePublished\":\"2024-10-26T11:57:12+00:00\",\"dateModified\":\"2025-09-27T12:44:45+00:00\",\"description\":\"If you want to buy caluanie muelear Ooxidize 10L online and looking for a reliable online shop, then buy here. We offer only best quality caluanie muelear Ooxidize 10L for sale at an affordable price.\",\"breadcrumb\":{\"@id\":\"https:\/\/moleculeminds.com\/shop\/caluanie-muelear-oxidize-10l\/#breadcrumb\"},\"inLanguage\":\"fi\",\"potentialAction\":[{\"@type\":\"ReadAction\",\"target\":[\"https:\/\/moleculeminds.com\/shop\/caluanie-muelear-oxidize-10l\/\"]}]},{\"@type\":\"ImageObject\",\"inLanguage\":\"fi\",\"@id\":\"https:\/\/moleculeminds.com\/shop\/caluanie-muelear-oxidize-10l\/#primaryimage\",\"url\":\"https:\/\/moleculeminds.com\/wp-content\/uploads\/2024\/10\/k1.jpg\",\"contentUrl\":\"https:\/\/moleculeminds.com\/wp-content\/uploads\/2024\/10\/k1.jpg\",\"width\":474,\"height\":474,\"caption\":\"Caluanie Muelear Oxidize 10L\"},{\"@type\":\"BreadcrumbList\",\"@id\":\"https:\/\/moleculeminds.com\/shop\/caluanie-muelear-oxidize-10l\/#breadcrumb\",\"itemListElement\":[{\"@type\":\"ListItem\",\"position\":1,\"name\":\"Home\",\"item\":\"https:\/\/moleculeminds.com\/\"},{\"@type\":\"ListItem\",\"position\":2,\"name\":\"Shop\",\"item\":\"https:\/\/moleculeminds.com\/shop\/\"},{\"@type\":\"ListItem\",\"position\":3,\"name\":\"Caluanie Muelear Oxidize 10L\"}]},{\"@type\":\"WebSite\",\"@id\":\"https:\/\/moleculeminds.com\/#website\",\"url\":\"https:\/\/moleculeminds.com\/\",\"name\":\"MoleculeMinds\",\"description\":\"My WordPress Blog\",\"publisher\":{\"@id\":\"https:\/\/moleculeminds.com\/#organization\"},\"potentialAction\":[{\"@type\":\"SearchAction\",\"target\":{\"@type\":\"EntryPoint\",\"urlTemplate\":\"https:\/\/moleculeminds.com\/?s={search_term_string}\"},\"query-input\":{\"@type\":\"PropertyValueSpecification\",\"valueRequired\":true,\"valueName\":\"search_term_string\"}}],\"inLanguage\":\"fi\"},{\"@type\":\"Organization\",\"@id\":\"https:\/\/moleculeminds.com\/#organization\",\"name\":\"MoleculeMinds\",\"url\":\"https:\/\/moleculeminds.com\/\",\"logo\":{\"@type\":\"ImageObject\",\"inLanguage\":\"fi\",\"@id\":\"https:\/\/moleculeminds.com\/#\/schema\/logo\/image\/\",\"url\":\"https:\/\/moleculeminds.com\/wp-content\/uploads\/2024\/10\/cropped-Chemistry-Lab-Chemical-Logo.png\",\"contentUrl\":\"https:\/\/moleculeminds.com\/wp-content\/uploads\/2024\/10\/cropped-Chemistry-Lab-Chemical-Logo.png\",\"width\":315,\"height\":213,\"caption\":\"MoleculeMinds\"},\"image\":{\"@id\":\"https:\/\/moleculeminds.com\/#\/schema\/logo\/image\/\"}}]}<\/script>\n<!-- \/ Yoast SEO plugin. -->","yoast_head_json":{"title":"Buy Caluanie Muelear Oxidize 10L Online-Caluanie Muelear Oxidiz","description":"If you want to buy caluanie muelear Ooxidize 10L online and looking for a reliable online shop, then buy here. We offer only best quality caluanie muelear Ooxidize 10L for sale at an affordable price.","robots":{"index":"index","follow":"follow","max-snippet":"max-snippet:-1","max-image-preview":"max-image-preview:large","max-video-preview":"max-video-preview:-1"},"canonical":"https:\/\/moleculeminds.com\/fi\/shop\/caluanie-muelear-oxidize-10l\/","og_locale":"fi_FI","og_type":"article","og_title":"Buy Caluanie Muelear Oxidize 10L Online-Caluanie Muelear Oxidiz","og_description":"If you want to buy caluanie muelear Ooxidize 10L online and looking for a reliable online shop, then buy here. We offer only best quality caluanie muelear Ooxidize 10L for sale at an affordable price.","og_url":"https:\/\/moleculeminds.com\/fi\/shop\/caluanie-muelear-oxidize-10l\/","og_site_name":"MoleculeMinds","article_modified_time":"2025-09-27T12:44:45+00:00","og_image":[{"width":474,"height":474,"url":"https:\/\/moleculeminds.com\/wp-content\/uploads\/2024\/10\/k1.jpg","type":"image\/jpeg"}],"twitter_card":"summary_large_image","twitter_misc":{"Arvioitu lukuaika":"4 minuuttia"},"schema":{"@context":"https:\/\/schema.org","@graph":[{"@type":"WebPage","@id":"https:\/\/moleculeminds.com\/shop\/caluanie-muelear-oxidize-10l\/","url":"https:\/\/moleculeminds.com\/shop\/caluanie-muelear-oxidize-10l\/","name":"Buy Caluanie Muelear Oxidize 10L Online-Caluanie Muelear Oxidiz","isPartOf":{"@id":"https:\/\/moleculeminds.com\/#website"},"primaryImageOfPage":{"@id":"https:\/\/moleculeminds.com\/shop\/caluanie-muelear-oxidize-10l\/#primaryimage"},"image":{"@id":"https:\/\/moleculeminds.com\/shop\/caluanie-muelear-oxidize-10l\/#primaryimage"},"thumbnailUrl":"https:\/\/moleculeminds.com\/wp-content\/uploads\/2024\/10\/k1.jpg","datePublished":"2024-10-26T11:57:12+00:00","dateModified":"2025-09-27T12:44:45+00:00","description":"If you want to buy caluanie muelear Ooxidize 10L online and looking for a reliable online shop, then buy here. We offer only best quality caluanie muelear Ooxidize 10L for sale at an affordable price.","breadcrumb":{"@id":"https:\/\/moleculeminds.com\/shop\/caluanie-muelear-oxidize-10l\/#breadcrumb"},"inLanguage":"fi","potentialAction":[{"@type":"ReadAction","target":["https:\/\/moleculeminds.com\/shop\/caluanie-muelear-oxidize-10l\/"]}]},{"@type":"ImageObject","inLanguage":"fi","@id":"https:\/\/moleculeminds.com\/shop\/caluanie-muelear-oxidize-10l\/#primaryimage","url":"https:\/\/moleculeminds.com\/wp-content\/uploads\/2024\/10\/k1.jpg","contentUrl":"https:\/\/moleculeminds.com\/wp-content\/uploads\/2024\/10\/k1.jpg","width":474,"height":474,"caption":"Caluanie Muelear Oxidize 10L"},{"@type":"BreadcrumbList","@id":"https:\/\/moleculeminds.com\/shop\/caluanie-muelear-oxidize-10l\/#breadcrumb","itemListElement":[{"@type":"ListItem","position":1,"name":"Home","item":"https:\/\/moleculeminds.com\/"},{"@type":"ListItem","position":2,"name":"Shop","item":"https:\/\/moleculeminds.com\/shop\/"},{"@type":"ListItem","position":3,"name":"Caluanie Muelear Oxidize 10L"}]},{"@type":"WebSite","@id":"https:\/\/moleculeminds.com\/#website","url":"https:\/\/moleculeminds.com\/","name":"MoleculeMinds","description":"My WordPress Blog","publisher":{"@id":"https:\/\/moleculeminds.com\/#organization"},"potentialAction":[{"@type":"SearchAction","target":{"@type":"EntryPoint","urlTemplate":"https:\/\/moleculeminds.com\/?s={search_term_string}"},"query-input":{"@type":"PropertyValueSpecification","valueRequired":true,"valueName":"search_term_string"}}],"inLanguage":"fi"},{"@type":"Organization","@id":"https:\/\/moleculeminds.com\/#organization","name":"MoleculeMinds","url":"https:\/\/moleculeminds.com\/","logo":{"@type":"ImageObject","inLanguage":"fi","@id":"https:\/\/moleculeminds.com\/#\/schema\/logo\/image\/","url":"https:\/\/moleculeminds.com\/wp-content\/uploads\/2024\/10\/cropped-Chemistry-Lab-Chemical-Logo.png","contentUrl":"https:\/\/moleculeminds.com\/wp-content\/uploads\/2024\/10\/cropped-Chemistry-Lab-Chemical-Logo.png","width":315,"height":213,"caption":"MoleculeMinds"},"image":{"@id":"https:\/\/moleculeminds.com\/#\/schema\/logo\/image\/"}}]}},"_links":{"self":[{"href":"https:\/\/moleculeminds.com\/fi\/wp-json\/wp\/v2\/product\/804","targetHints":{"allow":["GET"]}}],"collection":[{"href":"https:\/\/moleculeminds.com\/fi\/wp-json\/wp\/v2\/product"}],"about":[{"href":"https:\/\/moleculeminds.com\/fi\/wp-json\/wp\/v2\/types\/product"}],"replies":[{"embeddable":true,"href":"https:\/\/moleculeminds.com\/fi\/wp-json\/wp\/v2\/comments?post=804"}],"wp:featuredmedia":[{"embeddable":true,"href":"https:\/\/moleculeminds.com\/fi\/wp-json\/wp\/v2\/media\/748"}],"wp:attachment":[{"href":"https:\/\/moleculeminds.com\/fi\/wp-json\/wp\/v2\/media?parent=804"}],"wp:term":[{"taxonomy":"product_brand","embeddable":true,"href":"https:\/\/moleculeminds.com\/fi\/wp-json\/wp\/v2\/product_brand?post=804"},{"taxonomy":"product_cat","embeddable":true,"href":"https:\/\/moleculeminds.com\/fi\/wp-json\/wp\/v2\/product_cat?post=804"},{"taxonomy":"product_tag","embeddable":true,"href":"https:\/\/moleculeminds.com\/fi\/wp-json\/wp\/v2\/product_tag?post=804"}],"curies":[{"name":"wp","href":"https:\/\/api.w.org\/{rel}","templated":true}]}}