{"id":772,"date":"2024-10-25T14:13:57","date_gmt":"2024-10-25T14:13:57","guid":{"rendered":"https:\/\/moleculeminds.com\/?post_type=product&#038;p=772"},"modified":"2025-09-27T08:06:38","modified_gmt":"2025-09-27T08:06:38","slug":"buy-caluanie-muelear-oxidize-20l","status":"publish","type":"product","link":"https:\/\/moleculeminds.com\/fr\/shop\/buy-caluanie-muelear-oxidize-20l\/","title":{"rendered":"Acheter Caluanie Muelear Oxidize 20L"},"content":{"rendered":"<h2>Acheter Caluanie Muelear Oxidize 20L en ligne<\/h2>\n<p class=\"uagb-ifb-desc\">Vous cherchez \u00e0 acheter de la Caluanie Muelear Oxidize de haute qualit\u00e9 en ligne au meilleur prix et en vrac ? Chez MoleculeMinds, nous sommes sp\u00e9cialis\u00e9s dans la fourniture de Caluanie Muelear Oxidize pour diverses applications industrielles, offrant les meilleurs prix et des options d'exp\u00e9dition mondiale pour r\u00e9pondre \u00e0 vos besoins. Commandez Caluanie Muelear Oxidize 20L en ligne maintenant !<\/p>\n<p><strong>Qu'est-ce que l'oxydation de Caluanie Muelear ?<\/strong><\/p>\n<p>Caluanie Muelear Oxidize est un produit chimique puissant largement utilis\u00e9 dans les applications industrielles pour ses propri\u00e9t\u00e9s uniques et sa grande efficacit\u00e9. Connu pour ses\u00a0<em>broyage des m\u00e9taux<\/em>\u00a0et\u00a0<em>capacit\u00e9 d'oxydation<\/em>Ce compos\u00e9 est essentiel pour diverses industries, y compris le traitement des m\u00e9taux, la formulation des peintures et les processus d'essais industriels. Si vous souhaitez acheter de l'oxyde de calcium et de molybd\u00e8ne de qualit\u00e9 sup\u00e9rieure, notre s\u00e9lection chez Oxidize Solutions vous propose des solutions en vrac \u00e0 des prix comp\u00e9titifs.<\/p>\n<h3>Propri\u00e9t\u00e9s cl\u00e9s de Caluanie Muelear Oxidize<\/h3>\n<p><strong>Aper\u00e7u de Caluanie Muelear Oxidize 20L<\/strong><\/p>\n<ul>\n<li style=\"list-style-type: none;\">\n<ul>\n<li><strong>Qu'est-ce que l'oxydation de Caluanie Muelear ?<\/strong>\n<ul>\n<li><a href=\"https:\/\/moleculeminds.com\/fr\/shop\/buy-caluanie-muelear-oxidize-20l\/\"><strong>Acheter caluanie muelear oxidize online<\/strong><\/a> est un compos\u00e9 chimique tr\u00e8s r\u00e9actif souvent utilis\u00e9 dans les applications industrielles et de laboratoire. Il est particuli\u00e8rement appr\u00e9ci\u00e9 pour ses propri\u00e9t\u00e9s oxydantes, qui lui permettent de d\u00e9composer des substances complexes dans des processus tels que l'exploitation mini\u00e8re et la fabrication de produits chimiques, Caluanie Muelear Oxidize 20L for Sale.<\/li>\n<li>Dans le contexte d'une quantit\u00e9 de 20 litres, il r\u00e9pond aux besoins industriels \u00e0 grande \u00e9chelle ou aux applications de recherche en vrac qui n\u00e9cessitent des volumes importants d'agents oxydants.<\/li>\n<\/ul>\n<\/li>\n<li><strong>Caract\u00e9ristiques de 20L Caluanie Muelear Oxidize<\/strong>:\n<ul>\n<li>Cet emballage de grand volume est couramment command\u00e9 par les industries impliqu\u00e9es dans l'extraction de min\u00e9raux, la synth\u00e8se chimique et d'autres op\u00e9rations industrielles n\u00e9cessitant des agents oxydants en quantit\u00e9s substantielles.<\/li>\n<\/ul>\n<\/li>\n<\/ul>\n<\/li>\n<\/ul>\n<p><strong>Explication de ses utilisations courantes<\/strong><\/p>\n<ul>\n<li style=\"list-style-type: none;\">\n<ul>\n<li><strong>Utilisations industrielles<\/strong>:\n<ul>\n<li><strong>Extraction des min\u00e9raux<\/strong>: L'une des principales utilisations de la <strong>caluanie <\/strong><a href=\"https:\/\/en.wikipedia.org\/wiki\/Isocyanic_acid\"><strong>muelear oxyder<\/strong><\/a> est utilis\u00e9 dans les op\u00e9rations mini\u00e8res, en particulier dans l'extraction de m\u00e9taux pr\u00e9cieux tels que l'or et le platine. Il aide \u00e0 d\u00e9composer les minerais, ce qui permet de s\u00e9parer plus facilement les mat\u00e9riaux pr\u00e9cieux des d\u00e9chets.<\/li>\n<li><strong>Fabrication de produits chimiques<\/strong>: Il sert d'agent oxydant dans les processus chimiques, en particulier dans les industries telles que le raffinage du p\u00e9trole, les produits pharmaceutiques et la science des mat\u00e9riaux, o\u00f9 des niveaux \u00e9lev\u00e9s de r\u00e9activit\u00e9 sont requis.<\/li>\n<\/ul>\n<\/li>\n<li><strong>Recherche et utilisation en laboratoire<\/strong>:\n<ul>\n<li>Utilis\u00e9 en laboratoire pour \u00e9tudier les r\u00e9actions d'oxydation et affiner les techniques d'analyse et de synth\u00e8se chimiques.<\/li>\n<\/ul>\n<\/li>\n<li><strong>Fabrication<\/strong>:\n<ul>\n<li>Employ\u00e9 dans des industries telles que l'\u00e9lectronique et le traitement des mat\u00e9riaux, o\u00f9 il joue un r\u00f4le dans les traitements de surface ou dans la production de compos\u00e9s sp\u00e9cialis\u00e9s.<\/li>\n<\/ul>\n<\/li>\n<\/ul>\n<\/li>\n<\/ul>\n<h3>Pourquoi acheter Caluanie Muelear Oxidize 20L ?<\/h3>\n<p><strong>Demande de produits chimiques industriels<\/strong><\/p>\n<ul>\n<li style=\"list-style-type: none;\">\n<ul>\n<li><strong>Augmentation de la demande mondiale<\/strong>: Le besoin de produits chimiques puissants tels que caluanie muelear oxidize est motiv\u00e9 par les industries impliqu\u00e9es dans l'exploitation mini\u00e8re, l'\u00e9nergie, les produits chimiques et la fabrication. Ces secteurs ont souvent besoin de produits chimiques en vrac, en particulier en grandes quantit\u00e9s comme 20L, pour assurer le bon d\u00e9roulement des op\u00e9rations.<\/li>\n<li><strong>Rentabilit\u00e9 des produits en vrac<\/strong>: Pour les op\u00e9rations \u00e0 grande \u00e9chelle, l'achat de produits chimiques en vrac est beaucoup plus rentable que l'achat r\u00e9p\u00e9t\u00e9 de petites quantit\u00e9s. Un conteneur de 20 litres offre un volume suffisant pour un traitement chimique approfondi sans qu'il soit n\u00e9cessaire de renouveler fr\u00e9quemment les commandes.<\/li>\n<\/ul>\n<\/li>\n<\/ul>\n<p><strong>L\u00e9galit\u00e9 et r\u00e9glementation de l'achat<\/strong><\/p>\n<ul>\n<li style=\"list-style-type: none;\">\n<ul>\n<li><strong>Produit chimique r\u00e9glement\u00e9<\/strong>: Caluanie muelear oxidize est consid\u00e9r\u00e9 comme un produit chimique dangereux et est souvent r\u00e9glement\u00e9 en raison de sa forte r\u00e9activit\u00e9. Les acheteurs doivent conna\u00eetre les lois locales et internationales qui r\u00e9gissent son achat et son utilisation.<\/li>\n<li><strong>Permis et certifications requis<\/strong>: Dans de nombreuses r\u00e9gions, des permis sp\u00e9ciaux ou des licences peuvent \u00eatre requis pour acheter ou transporter des produits chimiques tels que Caluanie Muelear Oxidize. Assurez-vous de v\u00e9rifier si votre industrie ou votre application se qualifie pour un tel achat.<\/li>\n<li><strong>Transport et stockage<\/strong>: La r\u00e9glementation peut \u00e9galement r\u00e9gir le stockage, la manipulation et le transport de ces produits chimiques. Assurez-vous que le fournisseur et l'acheteur respectent tous les protocoles de s\u00e9curit\u00e9 n\u00e9cessaires.<\/li>\n<\/ul>\n<\/li>\n<\/ul>\n<h3>O\u00f9 acheter en ligne Caluanie Muelear Oxidize 20L<\/h3>\n<p><strong>Plateformes en ligne populaires<\/strong><\/p>\n<ul>\n<li style=\"list-style-type: none;\">\n<ul>\n<li><strong>Sites web sur l'approvisionnement en produits chimiques<\/strong>:\n<ul>\n<li>Des sites web comme <strong>Sigma-Aldrich<\/strong>, <strong>Alibaba<\/strong>et <strong>ChemSpider<\/strong> sont des plates-formes bien connues o\u00f9 l'on peut se procurer en vrac des produits chimiques de qualit\u00e9 industrielle, y compris l'oxyde de caluanie muelear.<\/li>\n<\/ul>\n<\/li>\n<li><strong>Plateformes de commerce \u00e9lectronique<\/strong>:\n<ul>\n<li>Des plates-formes telles que <strong>Amazon<\/strong> ou <strong>eBay<\/strong> peuvent occasionnellement r\u00e9pertorier des produits chimiques tels que Caluanie Muelear Oxidize, mais les acheteurs doivent v\u00e9rifier la cr\u00e9dibilit\u00e9 du vendeur avant d'effectuer un achat.<\/li>\n<\/ul>\n<\/li>\n<li><strong>Fournisseurs industriels sp\u00e9cialis\u00e9s<\/strong>:\n<ul>\n<li>Les entreprises sp\u00e9cialis\u00e9es dans les produits chimiques industriels et de laboratoire s'adressent souvent \u00e0 des acheteurs en gros. Des sites web tels que <strong>ChemLab Supply<\/strong> ou <strong>Approvisionnement mondial en produits chimiques<\/strong> pourrait offrir des quantit\u00e9s de 20L de Caluanie Muelear Oxidize.<\/li>\n<\/ul>\n<\/li>\n<\/ul>\n<\/li>\n<\/ul>\n<p>Caluanie Muelear Oxidize 20L \u00e0 vendre<\/p>\n<p><strong>\u00c9tapes \u00e0 suivre pour identifier des fournisseurs fiables<\/strong><\/p>\n<ul>\n<li style=\"list-style-type: none;\">\n<ul>\n<li><strong>R\u00e9putation<\/strong>: Recherchez des fournisseurs ayant fait leurs preuves. Consultez les avis en ligne et les \u00e9valuations d'anciens clients pour juger de leur fiabilit\u00e9.<\/li>\n<li><strong>Certifications<\/strong>: Assurez-vous que le fournisseur d\u00e9tient les certifications n\u00e9cessaires, telles que ISO ou GMP, qui indiquent qu'il respecte les normes industrielles en mati\u00e8re de qualit\u00e9 et de s\u00e9curit\u00e9.<\/li>\n<li><strong>Fiches de donn\u00e9es de s\u00e9curit\u00e9 (FDS)<\/strong>: Les fournisseurs fiables fournissent des FDS pour chaque produit, qui d\u00e9crivent les propri\u00e9t\u00e9s du produit chimique, les dangers, les instructions de manipulation et les mesures de s\u00e9curit\u00e9.<\/li>\n<li><strong>Soutien \u00e0 la client\u00e8le<\/strong>: Un fournisseur digne de confiance offrira un bon service \u00e0 la client\u00e8le, r\u00e9pondant aux questions sur le produit, l'exp\u00e9dition et les r\u00e9glementations.<\/li>\n<\/ul>\n<\/li>\n<\/ul>\n<ul>\n<li style=\"list-style-type: none;\">\n<ul>\n<li>Achats <strong>20L Caluanie Muelear Oxidize online<\/strong> offre une solution pratique aux industries qui ont besoin de s'approvisionner en grandes quantit\u00e9s de ce produit chimique industriel. Avec les bons fournisseurs et en tenant compte des r\u00e9glementations et des mesures de s\u00e9curit\u00e9, l'achat en grandes quantit\u00e9s peut \u00eatre un moyen rentable et efficace de r\u00e9pondre aux demandes industrielles.<\/li>\n<\/ul>\n<\/li>\n<\/ul>\n<h3>L'importance d'une politique \u00e9clair\u00e9e et de strat\u00e9gies de sant\u00e9 publique<\/h3>\n<ul>\n<li style=\"list-style-type: none;\">\n<ul>\n<li>Comme les produits chimiques industriels tels que le caluanie muelear oxidize peuvent pr\u00e9senter des risques pour la sant\u00e9 et l'environnement, il est essentiel de mettre en \u0153uvre des politiques et des r\u00e9glementations \u00e9clair\u00e9es qui r\u00e9gissent leur achat, leur stockage et leur manipulation.<\/li>\n<li><strong>Sant\u00e9 publique et s\u00e9curit\u00e9<\/strong>: Les gouvernements doivent veiller \u00e0 ce que les strat\u00e9gies de sant\u00e9 publique pr\u00e9voient une formation ad\u00e9quate, des protocoles d'intervention en cas d'urgence et des lignes directrices visant \u00e0 minimiser les risques li\u00e9s \u00e0 la manipulation de produits chimiques dangereux.<\/li>\n<\/ul>\n<\/li>\n<\/ul>","protected":false},"excerpt":{"rendered":"<p>Bienvenue dans l'avenir de l'innovation chimique avec <strong>20L Caluanie Muelear Oxidize<\/strong>. Au fur et \u00e0 mesure que les industries \u00e9voluent, la demande de produits chimiques de haute performance capables de stimuler l'efficacit\u00e9 de la production et la qualit\u00e9 des produits ne cesse d'augmenter. Caluanie Muelear Oxidize est \u00e0 l'avant-garde, servant d'agent oxydant polyvalent crucial pour diverses applications, y compris les produits pharmaceutiques, l'agriculture et la fabrication de produits chimiques.<\/p>\n<ul>\n<li><strong>Formule mol\u00e9culaire<\/strong>: C\u2087H\u2085N<\/li>\n<li><strong>Num\u00e9ro CAS<\/strong>: 100-52-7<\/li>\n<li><strong>\u00c9tat physique<\/strong>: Liquide<\/li>\n<li><strong>Couleur<\/strong>: Incolore \u00e0 jaune p\u00e2le<\/li>\n<\/ul>","protected":false},"featured_media":758,"comment_status":"open","ping_status":"closed","template":"","meta":{"_kadence_starter_templates_imported_post":false,"_kad_post_transparent":"default","_kad_post_title":"","_kad_post_layout":"default","_kad_post_sidebar_id":"","_kad_post_content_style":"default","_kad_post_vertical_padding":"default","_kad_post_feature":"","_kad_post_feature_position":"","_kad_post_header":false,"_kad_post_footer":false},"product_brand":[],"product_cat":[15],"product_tag":[],"class_list":{"0":"post-772","1":"product","2":"type-product","3":"status-publish","4":"has-post-thumbnail","6":"product_cat-caluanie","8":"first","9":"instock","10":"sale","11":"shipping-taxable","12":"purchasable","13":"product-type-simple","14":"entry","15":"content-bg","16":"loop-entry"},"yoast_head":"<!-- This site is optimized with the Yoast SEO plugin v27.5 - https:\/\/yoast.com\/product\/yoast-seo-wordpress\/ -->\n<title>Buy Caluanie Muelear Oxidize 20L Online - MoleculeMinds<\/title>\n<meta name=\"description\" content=\"If you are passionate about Caluanie Muelear Oxidize 20L for Sale, then our store is the best place to buy caluanie muelear oxidize 20L online. Order now!\" \/>\n<meta name=\"robots\" content=\"index, follow, max-snippet:-1, max-image-preview:large, max-video-preview:-1\" \/>\n<link rel=\"canonical\" href=\"https:\/\/moleculeminds.com\/fr\/shop\/buy-caluanie-muelear-oxidize-20l\/\" \/>\n<meta property=\"og:locale\" content=\"fr_FR\" \/>\n<meta property=\"og:type\" content=\"article\" \/>\n<meta property=\"og:title\" content=\"Buy Caluanie Muelear Oxidize 20L Online - MoleculeMinds\" \/>\n<meta property=\"og:description\" content=\"If you are passionate about Caluanie Muelear Oxidize 20L for Sale, then our store is the best place to buy caluanie muelear oxidize 20L online. Order now!\" \/>\n<meta property=\"og:url\" content=\"https:\/\/moleculeminds.com\/fr\/shop\/buy-caluanie-muelear-oxidize-20l\/\" \/>\n<meta property=\"og:site_name\" content=\"MoleculeMinds\" \/>\n<meta property=\"article:modified_time\" content=\"2025-09-27T08:06:38+00:00\" \/>\n<meta property=\"og:image\" content=\"https:\/\/moleculeminds.com\/wp-content\/uploads\/2024\/10\/k9.jpg\" \/>\n\t<meta property=\"og:image:width\" content=\"350\" \/>\n\t<meta property=\"og:image:height\" content=\"350\" \/>\n\t<meta property=\"og:image:type\" content=\"image\/jpeg\" \/>\n<meta name=\"twitter:card\" content=\"summary_large_image\" \/>\n<meta name=\"twitter:label1\" content=\"Dur\u00e9e de lecture estim\u00e9e\" \/>\n\t<meta name=\"twitter:data1\" content=\"4 minutes\" \/>\n<script type=\"application\/ld+json\" class=\"yoast-schema-graph\">{\"@context\":\"https:\\\/\\\/schema.org\",\"@graph\":[{\"@type\":\"WebPage\",\"@id\":\"https:\\\/\\\/moleculeminds.com\\\/shop\\\/buy-caluanie-muelear-oxidize-20l\\\/\",\"url\":\"https:\\\/\\\/moleculeminds.com\\\/shop\\\/buy-caluanie-muelear-oxidize-20l\\\/\",\"name\":\"Buy Caluanie Muelear Oxidize 20L Online - MoleculeMinds\",\"isPartOf\":{\"@id\":\"https:\\\/\\\/moleculeminds.com\\\/#website\"},\"primaryImageOfPage\":{\"@id\":\"https:\\\/\\\/moleculeminds.com\\\/shop\\\/buy-caluanie-muelear-oxidize-20l\\\/#primaryimage\"},\"image\":{\"@id\":\"https:\\\/\\\/moleculeminds.com\\\/shop\\\/buy-caluanie-muelear-oxidize-20l\\\/#primaryimage\"},\"thumbnailUrl\":\"https:\\\/\\\/moleculeminds.com\\\/wp-content\\\/uploads\\\/2024\\\/10\\\/k9.jpg\",\"datePublished\":\"2024-10-25T14:13:57+00:00\",\"dateModified\":\"2025-09-27T08:06:38+00:00\",\"description\":\"If you are passionate about Caluanie Muelear Oxidize 20L for Sale, then our store is the best place to buy caluanie muelear oxidize 20L online. Order now!\",\"breadcrumb\":{\"@id\":\"https:\\\/\\\/moleculeminds.com\\\/shop\\\/buy-caluanie-muelear-oxidize-20l\\\/#breadcrumb\"},\"inLanguage\":\"fr-FR\",\"potentialAction\":[{\"@type\":\"ReadAction\",\"target\":[\"https:\\\/\\\/moleculeminds.com\\\/shop\\\/buy-caluanie-muelear-oxidize-20l\\\/\"]}]},{\"@type\":\"ImageObject\",\"inLanguage\":\"fr-FR\",\"@id\":\"https:\\\/\\\/moleculeminds.com\\\/shop\\\/buy-caluanie-muelear-oxidize-20l\\\/#primaryimage\",\"url\":\"https:\\\/\\\/moleculeminds.com\\\/wp-content\\\/uploads\\\/2024\\\/10\\\/k9.jpg\",\"contentUrl\":\"https:\\\/\\\/moleculeminds.com\\\/wp-content\\\/uploads\\\/2024\\\/10\\\/k9.jpg\",\"width\":350,\"height\":350,\"caption\":\"Buy Caluanie Muelear Oxidize 20L Online\"},{\"@type\":\"BreadcrumbList\",\"@id\":\"https:\\\/\\\/moleculeminds.com\\\/shop\\\/buy-caluanie-muelear-oxidize-20l\\\/#breadcrumb\",\"itemListElement\":[{\"@type\":\"ListItem\",\"position\":1,\"name\":\"Home\",\"item\":\"https:\\\/\\\/moleculeminds.com\\\/\"},{\"@type\":\"ListItem\",\"position\":2,\"name\":\"Shop\",\"item\":\"https:\\\/\\\/moleculeminds.com\\\/shop\\\/\"},{\"@type\":\"ListItem\",\"position\":3,\"name\":\"Buy Caluanie Muelear Oxidize 20L\"}]},{\"@type\":\"WebSite\",\"@id\":\"https:\\\/\\\/moleculeminds.com\\\/#website\",\"url\":\"https:\\\/\\\/moleculeminds.com\\\/\",\"name\":\"MoleculeMinds\",\"description\":\"My WordPress Blog\",\"publisher\":{\"@id\":\"https:\\\/\\\/moleculeminds.com\\\/#organization\"},\"potentialAction\":[{\"@type\":\"SearchAction\",\"target\":{\"@type\":\"EntryPoint\",\"urlTemplate\":\"https:\\\/\\\/moleculeminds.com\\\/?s={search_term_string}\"},\"query-input\":{\"@type\":\"PropertyValueSpecification\",\"valueRequired\":true,\"valueName\":\"search_term_string\"}}],\"inLanguage\":\"fr-FR\"},{\"@type\":\"Organization\",\"@id\":\"https:\\\/\\\/moleculeminds.com\\\/#organization\",\"name\":\"MoleculeMinds\",\"url\":\"https:\\\/\\\/moleculeminds.com\\\/\",\"logo\":{\"@type\":\"ImageObject\",\"inLanguage\":\"fr-FR\",\"@id\":\"https:\\\/\\\/moleculeminds.com\\\/#\\\/schema\\\/logo\\\/image\\\/\",\"url\":\"https:\\\/\\\/moleculeminds.com\\\/wp-content\\\/uploads\\\/2024\\\/10\\\/cropped-Chemistry-Lab-Chemical-Logo.png\",\"contentUrl\":\"https:\\\/\\\/moleculeminds.com\\\/wp-content\\\/uploads\\\/2024\\\/10\\\/cropped-Chemistry-Lab-Chemical-Logo.png\",\"width\":315,\"height\":213,\"caption\":\"MoleculeMinds\"},\"image\":{\"@id\":\"https:\\\/\\\/moleculeminds.com\\\/#\\\/schema\\\/logo\\\/image\\\/\"}}]}<\/script>\n<!-- \/ Yoast SEO plugin. -->","yoast_head_json":{"title":"Acheter Caluanie Muelear Oxidize 20L en ligne - MoleculeMinds","description":"Si vous \u00eates passionn\u00e9 par Caluanie Muelear Oxidize 20L \u00e0 vendre, alors notre magasin est le meilleur endroit pour acheter caluanie muelear oxidize 20L en ligne. Commandez maintenant !","robots":{"index":"index","follow":"follow","max-snippet":"max-snippet:-1","max-image-preview":"max-image-preview:large","max-video-preview":"max-video-preview:-1"},"canonical":"https:\/\/moleculeminds.com\/fr\/shop\/buy-caluanie-muelear-oxidize-20l\/","og_locale":"fr_FR","og_type":"article","og_title":"Buy Caluanie Muelear Oxidize 20L Online - MoleculeMinds","og_description":"If you are passionate about Caluanie Muelear Oxidize 20L for Sale, then our store is the best place to buy caluanie muelear oxidize 20L online. Order now!","og_url":"https:\/\/moleculeminds.com\/fr\/shop\/buy-caluanie-muelear-oxidize-20l\/","og_site_name":"MoleculeMinds","article_modified_time":"2025-09-27T08:06:38+00:00","og_image":[{"width":350,"height":350,"url":"https:\/\/moleculeminds.com\/wp-content\/uploads\/2024\/10\/k9.jpg","type":"image\/jpeg"}],"twitter_card":"summary_large_image","twitter_misc":{"Dur\u00e9e de lecture estim\u00e9e":"4 minutes"},"schema":{"@context":"https:\/\/schema.org","@graph":[{"@type":"WebPage","@id":"https:\/\/moleculeminds.com\/shop\/buy-caluanie-muelear-oxidize-20l\/","url":"https:\/\/moleculeminds.com\/shop\/buy-caluanie-muelear-oxidize-20l\/","name":"Acheter Caluanie Muelear Oxidize 20L en ligne - MoleculeMinds","isPartOf":{"@id":"https:\/\/moleculeminds.com\/#website"},"primaryImageOfPage":{"@id":"https:\/\/moleculeminds.com\/shop\/buy-caluanie-muelear-oxidize-20l\/#primaryimage"},"image":{"@id":"https:\/\/moleculeminds.com\/shop\/buy-caluanie-muelear-oxidize-20l\/#primaryimage"},"thumbnailUrl":"https:\/\/moleculeminds.com\/wp-content\/uploads\/2024\/10\/k9.jpg","datePublished":"2024-10-25T14:13:57+00:00","dateModified":"2025-09-27T08:06:38+00:00","description":"Si vous \u00eates passionn\u00e9 par Caluanie Muelear Oxidize 20L \u00e0 vendre, alors notre magasin est le meilleur endroit pour acheter caluanie muelear oxidize 20L en ligne. Commandez maintenant !","breadcrumb":{"@id":"https:\/\/moleculeminds.com\/shop\/buy-caluanie-muelear-oxidize-20l\/#breadcrumb"},"inLanguage":"fr-FR","potentialAction":[{"@type":"ReadAction","target":["https:\/\/moleculeminds.com\/shop\/buy-caluanie-muelear-oxidize-20l\/"]}]},{"@type":"ImageObject","inLanguage":"fr-FR","@id":"https:\/\/moleculeminds.com\/shop\/buy-caluanie-muelear-oxidize-20l\/#primaryimage","url":"https:\/\/moleculeminds.com\/wp-content\/uploads\/2024\/10\/k9.jpg","contentUrl":"https:\/\/moleculeminds.com\/wp-content\/uploads\/2024\/10\/k9.jpg","width":350,"height":350,"caption":"Buy Caluanie Muelear Oxidize 20L Online"},{"@type":"BreadcrumbList","@id":"https:\/\/moleculeminds.com\/shop\/buy-caluanie-muelear-oxidize-20l\/#breadcrumb","itemListElement":[{"@type":"ListItem","position":1,"name":"Home","item":"https:\/\/moleculeminds.com\/"},{"@type":"ListItem","position":2,"name":"Shop","item":"https:\/\/moleculeminds.com\/shop\/"},{"@type":"ListItem","position":3,"name":"Buy Caluanie Muelear Oxidize 20L"}]},{"@type":"WebSite","@id":"https:\/\/moleculeminds.com\/#website","url":"https:\/\/moleculeminds.com\/","name":"MoleculeMinds","description":"Mon blog WordPress","publisher":{"@id":"https:\/\/moleculeminds.com\/#organization"},"potentialAction":[{"@type":"SearchAction","target":{"@type":"EntryPoint","urlTemplate":"https:\/\/moleculeminds.com\/?s={search_term_string}"},"query-input":{"@type":"PropertyValueSpecification","valueRequired":true,"valueName":"search_term_string"}}],"inLanguage":"fr-FR"},{"@type":"Organization","@id":"https:\/\/moleculeminds.com\/#organization","name":"MoleculeMinds","url":"https:\/\/moleculeminds.com\/","logo":{"@type":"ImageObject","inLanguage":"fr-FR","@id":"https:\/\/moleculeminds.com\/#\/schema\/logo\/image\/","url":"https:\/\/moleculeminds.com\/wp-content\/uploads\/2024\/10\/cropped-Chemistry-Lab-Chemical-Logo.png","contentUrl":"https:\/\/moleculeminds.com\/wp-content\/uploads\/2024\/10\/cropped-Chemistry-Lab-Chemical-Logo.png","width":315,"height":213,"caption":"MoleculeMinds"},"image":{"@id":"https:\/\/moleculeminds.com\/#\/schema\/logo\/image\/"}}]}},"_links":{"self":[{"href":"https:\/\/moleculeminds.com\/fr\/wp-json\/wp\/v2\/product\/772","targetHints":{"allow":["GET"]}}],"collection":[{"href":"https:\/\/moleculeminds.com\/fr\/wp-json\/wp\/v2\/product"}],"about":[{"href":"https:\/\/moleculeminds.com\/fr\/wp-json\/wp\/v2\/types\/product"}],"replies":[{"embeddable":true,"href":"https:\/\/moleculeminds.com\/fr\/wp-json\/wp\/v2\/comments?post=772"}],"wp:featuredmedia":[{"embeddable":true,"href":"https:\/\/moleculeminds.com\/fr\/wp-json\/wp\/v2\/media\/758"}],"wp:attachment":[{"href":"https:\/\/moleculeminds.com\/fr\/wp-json\/wp\/v2\/media?parent=772"}],"wp:term":[{"taxonomy":"product_brand","embeddable":true,"href":"https:\/\/moleculeminds.com\/fr\/wp-json\/wp\/v2\/product_brand?post=772"},{"taxonomy":"product_cat","embeddable":true,"href":"https:\/\/moleculeminds.com\/fr\/wp-json\/wp\/v2\/product_cat?post=772"},{"taxonomy":"product_tag","embeddable":true,"href":"https:\/\/moleculeminds.com\/fr\/wp-json\/wp\/v2\/product_tag?post=772"}],"curies":[{"name":"wp","href":"https:\/\/api.w.org\/{rel}","templated":true}]}}