{"id":772,"date":"2024-10-25T14:13:57","date_gmt":"2024-10-25T14:13:57","guid":{"rendered":"https:\/\/moleculeminds.com\/?post_type=product&#038;p=772"},"modified":"2025-09-27T08:06:38","modified_gmt":"2025-09-27T08:06:38","slug":"buy-caluanie-muelear-oxidize-20l","status":"publish","type":"product","link":"https:\/\/moleculeminds.com\/pl\/shop\/buy-caluanie-muelear-oxidize-20l\/","title":{"rendered":"Kup Caluanie Muelear Oxidize 20L"},"content":{"rendered":"<h2>Kup Caluanie Muelear Oxidize 20L online<\/h2>\n<p class=\"uagb-ifb-desc\">Chcesz kupi\u0107 wysokiej jako\u015bci Caluanie Muelear Oxidize online w najlepszej cenie hurtowej? W MoleculeMinds specjalizujemy si\u0119 w dostarczaniu Caluanie Muelear Oxidize do r\u00f3\u017cnych zastosowa\u0144 przemys\u0142owych, oferuj\u0105c najlepsze ceny i opcje wysy\u0142ki na ca\u0142y \u015bwiat, aby spe\u0142ni\u0107 Twoje potrzeby. Zam\u00f3w Caluanie Muelear Oxidize 20L online ju\u017c teraz!<\/p>\n<p><strong>Co to jest Caluanie Muelear Oxidize?<\/strong><\/p>\n<p>Caluanie Muelear Oxidize to silny \u015brodek chemiczny szeroko stosowany w zastosowaniach przemys\u0142owych ze wzgl\u0119du na swoje unikalne w\u0142a\u015bciwo\u015bci i wysok\u0105 wydajno\u015b\u0107. Znany ze swoich\u00a0<em>kruszenie metalu<\/em>\u00a0oraz\u00a0<em>zdolno\u015bci utleniaj\u0105ce<\/em>Zwi\u0105zek ten jest niezb\u0119dny w r\u00f3\u017cnych ga\u0142\u0119ziach przemys\u0142u, w tym w obr\u00f3bce metali, formu\u0142owaniu farb i procesach testowania przemys\u0142owego. Je\u015bli jeste\u015b na rynku, aby kupi\u0107 najwy\u017cszej jako\u015bci Caluanie Muelear Oxidize, nasz wyb\u00f3r w Oxidize Solutions zapewnia hurtowe rozwi\u0105zania w konkurencyjnych cenach.<\/p>\n<h3>Kluczowe w\u0142a\u015bciwo\u015bci Caluanie Muelear Oxidize<\/h3>\n<p><strong>Kr\u00f3tki przegl\u0105d Caluanie Muelear Oxidize 20L<\/strong><\/p>\n<ul>\n<li style=\"list-style-type: none;\">\n<ul>\n<li><strong>Co to jest Caluanie Muelear Oxidize?<\/strong>\n<ul>\n<li><a href=\"https:\/\/moleculeminds.com\/pl\/shop\/buy-caluanie-muelear-oxidize-20l\/\"><strong>Kup caluanie muelear oxidize online<\/strong><\/a> to wysoce reaktywny zwi\u0105zek chemiczny cz\u0119sto wykorzystywany w zastosowaniach przemys\u0142owych i laboratoryjnych. Jest szczeg\u00f3lnie ceniony ze wzgl\u0119du na swoje w\u0142a\u015bciwo\u015bci utleniaj\u0105ce, kt\u00f3re pozwalaj\u0105 mu rozk\u0142ada\u0107 z\u0142o\u017cone substancje w procesach takich jak g\u00f3rnictwo i produkcja chemiczna, Caluanie Muelear Oxidize 20L na sprzeda\u017c.<\/li>\n<li>W kontek\u015bcie ilo\u015bci 20 l, s\u0142u\u017cy on potrzebom przemys\u0142owym na du\u017c\u0105 skal\u0119 lub masowym zastosowaniom badawczym, kt\u00f3re wymagaj\u0105 znacznych ilo\u015bci \u015brodk\u00f3w utleniaj\u0105cych.<\/li>\n<\/ul>\n<\/li>\n<li><strong>Charakterystyka 20L Caluanie Muelear Oxidize<\/strong>:\n<ul>\n<li>Ten pakiet o du\u017cej obj\u0119to\u015bci jest powszechnie zamawiany przez bran\u017ce zajmuj\u0105ce si\u0119 wydobyciem minera\u0142\u00f3w, syntez\u0105 chemiczn\u0105 i innymi operacjami przemys\u0142owymi wymagaj\u0105cymi utleniaczy w znacznych ilo\u015bciach.<\/li>\n<\/ul>\n<\/li>\n<\/ul>\n<\/li>\n<\/ul>\n<p><strong>Wyja\u015bnienie jego powszechnych zastosowa\u0144<\/strong><\/p>\n<ul>\n<li style=\"list-style-type: none;\">\n<ul>\n<li><strong>Zastosowania przemys\u0142owe<\/strong>:\n<ul>\n<li><strong>Wydobywanie minera\u0142\u00f3w<\/strong>: Jednym z g\u0142\u00f3wnych zastosowa\u0144 <strong>caluanie <\/strong><a href=\"https:\/\/en.wikipedia.org\/wiki\/Isocyanic_acid\"><strong>muelear utlenia\u0107<\/strong><\/a> jest stosowany w g\u00f3rnictwie, zw\u0142aszcza przy wydobyciu metali szlachetnych, takich jak z\u0142oto i platyna. Pomaga ona rozbija\u0107 rudy, u\u0142atwiaj\u0105c oddzielanie cennych materia\u0142\u00f3w od odpad\u00f3w.<\/li>\n<li><strong>Produkcja chemiczna<\/strong>: S\u0142u\u017cy jako \u015brodek utleniaj\u0105cy w procesach chemicznych, zw\u0142aszcza w bran\u017cach takich jak rafinacja ropy naftowej, farmaceutyka i materia\u0142oznawstwo, gdzie wymagany jest wysoki poziom reaktywno\u015bci.<\/li>\n<\/ul>\n<\/li>\n<li><strong>Badania i zastosowania laboratoryjne<\/strong>:\n<ul>\n<li>U\u017cywany w laboratoriach do badania reakcji utleniania i udoskonalania technik analizy i syntezy chemicznej.<\/li>\n<\/ul>\n<\/li>\n<li><strong>Produkcja<\/strong>:\n<ul>\n<li>Znajduje zastosowanie w takich bran\u017cach jak elektronika i przetwarzanie materia\u0142\u00f3w, gdzie odgrywa rol\u0119 w obr\u00f3bce powierzchni lub w produkcji specjalistycznych zwi\u0105zk\u00f3w.<\/li>\n<\/ul>\n<\/li>\n<\/ul>\n<\/li>\n<\/ul>\n<h3>Dlaczego warto kupi\u0107 Caluanie Muelear Oxidize 20L?<\/h3>\n<p><strong>Popyt na chemikalia przemys\u0142owe<\/strong><\/p>\n<ul>\n<li style=\"list-style-type: none;\">\n<ul>\n<li><strong>Rosn\u0105cy globalny popyt<\/strong>: Zapotrzebowanie na silne chemikalia, takie jak caluanie muelear oxidize, jest nap\u0119dzane przez bran\u017ce zwi\u0105zane z g\u00f3rnictwem, energetyk\u0105, chemikaliami i produkcj\u0105. Sektory te cz\u0119sto potrzebuj\u0105 chemikali\u00f3w luzem, szczeg\u00f3lnie w du\u017cych ilo\u015bciach, takich jak 20 litr\u00f3w, aby utrzyma\u0107 p\u0142ynno\u015b\u0107 operacji.<\/li>\n<li><strong>Efektywno\u015b\u0107 kosztowa luzem<\/strong>: W przypadku operacji na du\u017c\u0105 skal\u0119 zakup chemikali\u00f3w luzem jest znacznie bardziej op\u0142acalny ni\u017c wielokrotne kupowanie mniejszych ilo\u015bci. Pojemnik o pojemno\u015bci 20 l zapewnia wystarczaj\u0105c\u0105 obj\u0119to\u015b\u0107 do intensywnego przetwarzania chemikali\u00f3w bez konieczno\u015bci cz\u0119stego zamawiania.<\/li>\n<\/ul>\n<\/li>\n<\/ul>\n<p><strong>Legalno\u015b\u0107 i przepisy dotycz\u0105ce zakupu<\/strong><\/p>\n<ul>\n<li style=\"list-style-type: none;\">\n<ul>\n<li><strong>Substancja chemiczna podlegaj\u0105ca regulacji<\/strong>: Caluanie muelear oxidize jest uwa\u017cany za niebezpieczn\u0105 substancj\u0119 chemiczn\u0105 i cz\u0119sto podlega regulacjom prawnym ze wzgl\u0119du na jego wysok\u0105 reaktywno\u015b\u0107. Kupuj\u0105cy musz\u0105 by\u0107 \u015bwiadomi lokalnych i mi\u0119dzynarodowych przepis\u00f3w reguluj\u0105cych jego zakup i u\u017cytkowanie.<\/li>\n<li><strong>Wymagane zezwolenia i certyfikaty<\/strong>: W wielu regionach mog\u0105 by\u0107 wymagane specjalne zezwolenia lub licencje na zakup lub transport chemikali\u00f3w takich jak Caluanie Muelear Oxidize. Nale\u017cy sprawdzi\u0107, czy dana bran\u017ca lub zastosowanie kwalifikuje si\u0119 do takiego zakupu.<\/li>\n<li><strong>Transport i przechowywanie<\/strong>: Przepisy mog\u0105 r\u00f3wnie\u017c regulowa\u0107 spos\u00f3b przechowywania, obs\u0142ugi i transportu tych chemikali\u00f3w. Nale\u017cy upewni\u0107 si\u0119, \u017ce zar\u00f3wno dostawca, jak i nabywca przestrzegaj\u0105 wszystkich niezb\u0119dnych protoko\u0142\u00f3w bezpiecze\u0144stwa.<\/li>\n<\/ul>\n<\/li>\n<\/ul>\n<h3>Gdzie kupi\u0107 Caluanie Muelear Oxidize 20L online?<\/h3>\n<p><strong>Popularne platformy internetowe<\/strong><\/p>\n<ul>\n<li style=\"list-style-type: none;\">\n<ul>\n<li><strong>Strony internetowe po\u015bwi\u0119cone dostawom chemikali\u00f3w<\/strong>:\n<ul>\n<li>Strony internetowe takie jak <strong>Sigma-Aldrich<\/strong>, <strong>Alibaba<\/strong>oraz <strong>ChemSpider<\/strong> s\u0105 dobrze znanymi platformami, na kt\u00f3rych mo\u017cna hurtowo zaopatrywa\u0107 si\u0119 w chemikalia klasy przemys\u0142owej, w tym utleniacz caluanie muelear.<\/li>\n<\/ul>\n<\/li>\n<li><strong>Platformy handlu elektronicznego<\/strong>:\n<ul>\n<li>Platformy takie jak <strong>Amazon<\/strong> lub <strong>eBay<\/strong> mog\u0105 od czasu do czasu oferowa\u0107 chemikalia takie jak Caluanie Muelear Oxidize, ale kupuj\u0105cy musz\u0105 sprawdzi\u0107 wiarygodno\u015b\u0107 sprzedawcy przed dokonaniem zakupu.<\/li>\n<\/ul>\n<\/li>\n<li><strong>Dedykowani dostawcy przemys\u0142owi<\/strong>:\n<ul>\n<li>Firmy specjalizuj\u0105ce si\u0119 w chemikaliach przemys\u0142owych i laboratoryjnych cz\u0119sto obs\u0142uguj\u0105 nabywc\u00f3w hurtowych. Strony internetowe takie jak <strong>ChemLab Supply<\/strong> lub <strong>Globalne dostawy chemikali\u00f3w<\/strong> mo\u017ce oferowa\u0107 20-litrowe ilo\u015bci Caluanie Muelear Oxidize.<\/li>\n<\/ul>\n<\/li>\n<\/ul>\n<\/li>\n<\/ul>\n<p>Caluanie Muelear Oxidize 20L na sprzeda\u017c<\/p>\n<p><strong>Kroki identyfikacji wiarygodnych dostawc\u00f3w<\/strong><\/p>\n<ul>\n<li style=\"list-style-type: none;\">\n<ul>\n<li><strong>Reputacja<\/strong>: Poszukaj dostawc\u00f3w z udokumentowan\u0105 histori\u0105. Sprawd\u017a recenzje online i oceny poprzednich klient\u00f3w, aby oceni\u0107 ich niezawodno\u015b\u0107.<\/li>\n<li><strong>Certyfikaty<\/strong>: Upewnij si\u0119, \u017ce dostawca posiada niezb\u0119dne certyfikaty, takie jak ISO lub GMP, kt\u00f3re wskazuj\u0105 na zgodno\u015b\u0107 z bran\u017cowymi standardami jako\u015bci i bezpiecze\u0144stwa.<\/li>\n<li><strong>Karty charakterystyki (SDS)<\/strong>: Wiarygodni dostawcy dostarczaj\u0105 karty charakterystyki dla ka\u017cdego produktu, kt\u00f3re opisuj\u0105 w\u0142a\u015bciwo\u015bci chemikali\u00f3w, zagro\u017cenia, instrukcje post\u0119powania i \u015brodki bezpiecze\u0144stwa.<\/li>\n<li><strong>Obs\u0142uga klienta<\/strong>: Godny zaufania dostawca oferuje dobr\u0105 obs\u0142ug\u0119 klienta, odpowiadaj\u0105c na pytania dotycz\u0105ce produktu, wysy\u0142ki i przepis\u00f3w.<\/li>\n<\/ul>\n<\/li>\n<\/ul>\n<ul>\n<li style=\"list-style-type: none;\">\n<ul>\n<li>Zakupy <strong>20L Caluanie Muelear Oxidize online<\/strong> oferuje wygodne rozwi\u0105zanie dla bran\u017c potrzebuj\u0105cych hurtowych dostaw tego przemys\u0142owego \u015brodka chemicznego. Dzi\u0119ki odpowiednim dostawcom i starannemu rozwa\u017ceniu przepis\u00f3w i \u015brodk\u00f3w bezpiecze\u0144stwa, kupowanie w du\u017cych ilo\u015bciach mo\u017ce by\u0107 op\u0142acalnym i skutecznym sposobem na zaspokojenie potrzeb przemys\u0142owych.<\/li>\n<\/ul>\n<\/li>\n<\/ul>\n<h3>Znaczenie \u015bwiadomej polityki i strategii zdrowia publicznego<\/h3>\n<ul>\n<li style=\"list-style-type: none;\">\n<ul>\n<li>Poniewa\u017c chemikalia przemys\u0142owe, takie jak utleniacz caluanie muelear, mog\u0105 stanowi\u0107 zagro\u017cenie dla zdrowia i \u015brodowiska, kluczowe znaczenie ma wdro\u017cenie \u015bwiadomych polityk i przepis\u00f3w reguluj\u0105cych ich zakup, przechowywanie i obs\u0142ug\u0119.<\/li>\n<li><strong>Zdrowie i bezpiecze\u0144stwo publiczne<\/strong>: Rz\u0105dy musz\u0105 zapewni\u0107, \u017ce strategie zdrowia publicznego obejmuj\u0105 odpowiednie szkolenia, protoko\u0142y reagowania kryzysowego i wytyczne w celu zminimalizowania ryzyka zwi\u0105zanego z obchodzeniem si\u0119 z niebezpiecznymi chemikaliami.<\/li>\n<\/ul>\n<\/li>\n<\/ul>","protected":false},"excerpt":{"rendered":"<p>Witamy w przysz\u0142o\u015bci innowacji chemicznych z <strong>20L Caluanie Muelear Oxidize<\/strong>. Wraz z rozwojem przemys\u0142u, zapotrzebowanie na wysokowydajne chemikalia, kt\u00f3re mog\u0105 zwi\u0119kszy\u0107 wydajno\u015b\u0107 produkcji i jako\u015b\u0107 produktu, stale ro\u015bnie. Caluanie Muelear Oxidize jest w czo\u0142\u00f3wce, s\u0142u\u017c\u0105c jako wszechstronny \u015brodek utleniaj\u0105cy o kluczowym znaczeniu dla r\u00f3\u017cnych zastosowa\u0144, w tym farmaceutycznych, rolniczych i chemicznych.<\/p>\n<ul>\n<li><strong>Wz\u00f3r cz\u0105steczkowy<\/strong>: C\u2087H\u2085N<\/li>\n<li><strong>Numer CAS<\/strong>: 100-52-7<\/li>\n<li><strong>Stan fizyczny<\/strong>: P\u0142yn<\/li>\n<li><strong>Kolor<\/strong>: Bezbarwny do blado\u017c\u00f3\u0142tego<\/li>\n<\/ul>","protected":false},"featured_media":758,"comment_status":"open","ping_status":"closed","template":"","meta":{"_kadence_starter_templates_imported_post":false,"_kad_post_transparent":"default","_kad_post_title":"","_kad_post_layout":"default","_kad_post_sidebar_id":"","_kad_post_content_style":"default","_kad_post_vertical_padding":"default","_kad_post_feature":"","_kad_post_feature_position":"","_kad_post_header":false,"_kad_post_footer":false},"product_brand":[],"product_cat":[15],"product_tag":[],"class_list":{"0":"post-772","1":"product","2":"type-product","3":"status-publish","4":"has-post-thumbnail","6":"product_cat-caluanie","8":"first","9":"instock","10":"sale","11":"shipping-taxable","12":"purchasable","13":"product-type-simple","14":"entry","15":"content-bg","16":"loop-entry"},"yoast_head":"<!-- This site is optimized with the Yoast SEO plugin v27.5 - https:\/\/yoast.com\/product\/yoast-seo-wordpress\/ -->\n<title>Buy Caluanie Muelear Oxidize 20L Online - MoleculeMinds<\/title>\n<meta name=\"description\" content=\"If you are passionate about Caluanie Muelear Oxidize 20L for Sale, then our store is the best place to buy caluanie muelear oxidize 20L online. Order now!\" \/>\n<meta name=\"robots\" content=\"index, follow, max-snippet:-1, max-image-preview:large, max-video-preview:-1\" \/>\n<link rel=\"canonical\" href=\"https:\/\/moleculeminds.com\/pl\/shop\/buy-caluanie-muelear-oxidize-20l\/\" \/>\n<meta property=\"og:locale\" content=\"pl_PL\" \/>\n<meta property=\"og:type\" content=\"article\" \/>\n<meta property=\"og:title\" content=\"Buy Caluanie Muelear Oxidize 20L Online - MoleculeMinds\" \/>\n<meta property=\"og:description\" content=\"If you are passionate about Caluanie Muelear Oxidize 20L for Sale, then our store is the best place to buy caluanie muelear oxidize 20L online. Order now!\" \/>\n<meta property=\"og:url\" content=\"https:\/\/moleculeminds.com\/pl\/shop\/buy-caluanie-muelear-oxidize-20l\/\" \/>\n<meta property=\"og:site_name\" content=\"MoleculeMinds\" \/>\n<meta property=\"article:modified_time\" content=\"2025-09-27T08:06:38+00:00\" \/>\n<meta property=\"og:image\" content=\"https:\/\/moleculeminds.com\/wp-content\/uploads\/2024\/10\/k9.jpg\" \/>\n\t<meta property=\"og:image:width\" content=\"350\" \/>\n\t<meta property=\"og:image:height\" content=\"350\" \/>\n\t<meta property=\"og:image:type\" content=\"image\/jpeg\" \/>\n<meta name=\"twitter:card\" content=\"summary_large_image\" \/>\n<meta name=\"twitter:label1\" content=\"Szacowany czas czytania\" \/>\n\t<meta name=\"twitter:data1\" content=\"4 minuty\" \/>\n<script type=\"application\/ld+json\" class=\"yoast-schema-graph\">{\"@context\":\"https:\\\/\\\/schema.org\",\"@graph\":[{\"@type\":\"WebPage\",\"@id\":\"https:\\\/\\\/moleculeminds.com\\\/shop\\\/buy-caluanie-muelear-oxidize-20l\\\/\",\"url\":\"https:\\\/\\\/moleculeminds.com\\\/shop\\\/buy-caluanie-muelear-oxidize-20l\\\/\",\"name\":\"Buy Caluanie Muelear Oxidize 20L Online - MoleculeMinds\",\"isPartOf\":{\"@id\":\"https:\\\/\\\/moleculeminds.com\\\/#website\"},\"primaryImageOfPage\":{\"@id\":\"https:\\\/\\\/moleculeminds.com\\\/shop\\\/buy-caluanie-muelear-oxidize-20l\\\/#primaryimage\"},\"image\":{\"@id\":\"https:\\\/\\\/moleculeminds.com\\\/shop\\\/buy-caluanie-muelear-oxidize-20l\\\/#primaryimage\"},\"thumbnailUrl\":\"https:\\\/\\\/moleculeminds.com\\\/wp-content\\\/uploads\\\/2024\\\/10\\\/k9.jpg\",\"datePublished\":\"2024-10-25T14:13:57+00:00\",\"dateModified\":\"2025-09-27T08:06:38+00:00\",\"description\":\"If you are passionate about Caluanie Muelear Oxidize 20L for Sale, then our store is the best place to buy caluanie muelear oxidize 20L online. Order now!\",\"breadcrumb\":{\"@id\":\"https:\\\/\\\/moleculeminds.com\\\/shop\\\/buy-caluanie-muelear-oxidize-20l\\\/#breadcrumb\"},\"inLanguage\":\"pl-PL\",\"potentialAction\":[{\"@type\":\"ReadAction\",\"target\":[\"https:\\\/\\\/moleculeminds.com\\\/shop\\\/buy-caluanie-muelear-oxidize-20l\\\/\"]}]},{\"@type\":\"ImageObject\",\"inLanguage\":\"pl-PL\",\"@id\":\"https:\\\/\\\/moleculeminds.com\\\/shop\\\/buy-caluanie-muelear-oxidize-20l\\\/#primaryimage\",\"url\":\"https:\\\/\\\/moleculeminds.com\\\/wp-content\\\/uploads\\\/2024\\\/10\\\/k9.jpg\",\"contentUrl\":\"https:\\\/\\\/moleculeminds.com\\\/wp-content\\\/uploads\\\/2024\\\/10\\\/k9.jpg\",\"width\":350,\"height\":350,\"caption\":\"Buy Caluanie Muelear Oxidize 20L Online\"},{\"@type\":\"BreadcrumbList\",\"@id\":\"https:\\\/\\\/moleculeminds.com\\\/shop\\\/buy-caluanie-muelear-oxidize-20l\\\/#breadcrumb\",\"itemListElement\":[{\"@type\":\"ListItem\",\"position\":1,\"name\":\"Home\",\"item\":\"https:\\\/\\\/moleculeminds.com\\\/\"},{\"@type\":\"ListItem\",\"position\":2,\"name\":\"Shop\",\"item\":\"https:\\\/\\\/moleculeminds.com\\\/shop\\\/\"},{\"@type\":\"ListItem\",\"position\":3,\"name\":\"Buy Caluanie Muelear Oxidize 20L\"}]},{\"@type\":\"WebSite\",\"@id\":\"https:\\\/\\\/moleculeminds.com\\\/#website\",\"url\":\"https:\\\/\\\/moleculeminds.com\\\/\",\"name\":\"MoleculeMinds\",\"description\":\"My WordPress Blog\",\"publisher\":{\"@id\":\"https:\\\/\\\/moleculeminds.com\\\/#organization\"},\"potentialAction\":[{\"@type\":\"SearchAction\",\"target\":{\"@type\":\"EntryPoint\",\"urlTemplate\":\"https:\\\/\\\/moleculeminds.com\\\/?s={search_term_string}\"},\"query-input\":{\"@type\":\"PropertyValueSpecification\",\"valueRequired\":true,\"valueName\":\"search_term_string\"}}],\"inLanguage\":\"pl-PL\"},{\"@type\":\"Organization\",\"@id\":\"https:\\\/\\\/moleculeminds.com\\\/#organization\",\"name\":\"MoleculeMinds\",\"url\":\"https:\\\/\\\/moleculeminds.com\\\/\",\"logo\":{\"@type\":\"ImageObject\",\"inLanguage\":\"pl-PL\",\"@id\":\"https:\\\/\\\/moleculeminds.com\\\/#\\\/schema\\\/logo\\\/image\\\/\",\"url\":\"https:\\\/\\\/moleculeminds.com\\\/wp-content\\\/uploads\\\/2024\\\/10\\\/cropped-Chemistry-Lab-Chemical-Logo.png\",\"contentUrl\":\"https:\\\/\\\/moleculeminds.com\\\/wp-content\\\/uploads\\\/2024\\\/10\\\/cropped-Chemistry-Lab-Chemical-Logo.png\",\"width\":315,\"height\":213,\"caption\":\"MoleculeMinds\"},\"image\":{\"@id\":\"https:\\\/\\\/moleculeminds.com\\\/#\\\/schema\\\/logo\\\/image\\\/\"}}]}<\/script>\n<!-- \/ Yoast SEO plugin. -->","yoast_head_json":{"title":"Kup Caluanie Muelear Oxidize 20L online - MoleculeMinds","description":"Je\u015bli jeste\u015b pasjonatem Caluanie Muelear Oxidize 20L na sprzeda\u017c, to nasz sklep jest najlepszym miejscem do zakupu caluanie muelear oxidize 20L online. Zam\u00f3w teraz!","robots":{"index":"index","follow":"follow","max-snippet":"max-snippet:-1","max-image-preview":"max-image-preview:large","max-video-preview":"max-video-preview:-1"},"canonical":"https:\/\/moleculeminds.com\/pl\/shop\/buy-caluanie-muelear-oxidize-20l\/","og_locale":"pl_PL","og_type":"article","og_title":"Buy Caluanie Muelear Oxidize 20L Online - MoleculeMinds","og_description":"If you are passionate about Caluanie Muelear Oxidize 20L for Sale, then our store is the best place to buy caluanie muelear oxidize 20L online. Order now!","og_url":"https:\/\/moleculeminds.com\/pl\/shop\/buy-caluanie-muelear-oxidize-20l\/","og_site_name":"MoleculeMinds","article_modified_time":"2025-09-27T08:06:38+00:00","og_image":[{"width":350,"height":350,"url":"https:\/\/moleculeminds.com\/wp-content\/uploads\/2024\/10\/k9.jpg","type":"image\/jpeg"}],"twitter_card":"summary_large_image","twitter_misc":{"Szacowany czas czytania":"4 minuty"},"schema":{"@context":"https:\/\/schema.org","@graph":[{"@type":"WebPage","@id":"https:\/\/moleculeminds.com\/shop\/buy-caluanie-muelear-oxidize-20l\/","url":"https:\/\/moleculeminds.com\/shop\/buy-caluanie-muelear-oxidize-20l\/","name":"Kup Caluanie Muelear Oxidize 20L online - MoleculeMinds","isPartOf":{"@id":"https:\/\/moleculeminds.com\/#website"},"primaryImageOfPage":{"@id":"https:\/\/moleculeminds.com\/shop\/buy-caluanie-muelear-oxidize-20l\/#primaryimage"},"image":{"@id":"https:\/\/moleculeminds.com\/shop\/buy-caluanie-muelear-oxidize-20l\/#primaryimage"},"thumbnailUrl":"https:\/\/moleculeminds.com\/wp-content\/uploads\/2024\/10\/k9.jpg","datePublished":"2024-10-25T14:13:57+00:00","dateModified":"2025-09-27T08:06:38+00:00","description":"Je\u015bli jeste\u015b pasjonatem Caluanie Muelear Oxidize 20L na sprzeda\u017c, to nasz sklep jest najlepszym miejscem do zakupu caluanie muelear oxidize 20L online. Zam\u00f3w teraz!","breadcrumb":{"@id":"https:\/\/moleculeminds.com\/shop\/buy-caluanie-muelear-oxidize-20l\/#breadcrumb"},"inLanguage":"pl-PL","potentialAction":[{"@type":"ReadAction","target":["https:\/\/moleculeminds.com\/shop\/buy-caluanie-muelear-oxidize-20l\/"]}]},{"@type":"ImageObject","inLanguage":"pl-PL","@id":"https:\/\/moleculeminds.com\/shop\/buy-caluanie-muelear-oxidize-20l\/#primaryimage","url":"https:\/\/moleculeminds.com\/wp-content\/uploads\/2024\/10\/k9.jpg","contentUrl":"https:\/\/moleculeminds.com\/wp-content\/uploads\/2024\/10\/k9.jpg","width":350,"height":350,"caption":"Buy Caluanie Muelear Oxidize 20L Online"},{"@type":"BreadcrumbList","@id":"https:\/\/moleculeminds.com\/shop\/buy-caluanie-muelear-oxidize-20l\/#breadcrumb","itemListElement":[{"@type":"ListItem","position":1,"name":"Home","item":"https:\/\/moleculeminds.com\/"},{"@type":"ListItem","position":2,"name":"Shop","item":"https:\/\/moleculeminds.com\/shop\/"},{"@type":"ListItem","position":3,"name":"Buy Caluanie Muelear Oxidize 20L"}]},{"@type":"WebSite","@id":"https:\/\/moleculeminds.com\/#website","url":"https:\/\/moleculeminds.com\/","name":"MoleculeMinds","description":"M\u00f3j blog WordPress","publisher":{"@id":"https:\/\/moleculeminds.com\/#organization"},"potentialAction":[{"@type":"SearchAction","target":{"@type":"EntryPoint","urlTemplate":"https:\/\/moleculeminds.com\/?s={search_term_string}"},"query-input":{"@type":"PropertyValueSpecification","valueRequired":true,"valueName":"search_term_string"}}],"inLanguage":"pl-PL"},{"@type":"Organization","@id":"https:\/\/moleculeminds.com\/#organization","name":"MoleculeMinds","url":"https:\/\/moleculeminds.com\/","logo":{"@type":"ImageObject","inLanguage":"pl-PL","@id":"https:\/\/moleculeminds.com\/#\/schema\/logo\/image\/","url":"https:\/\/moleculeminds.com\/wp-content\/uploads\/2024\/10\/cropped-Chemistry-Lab-Chemical-Logo.png","contentUrl":"https:\/\/moleculeminds.com\/wp-content\/uploads\/2024\/10\/cropped-Chemistry-Lab-Chemical-Logo.png","width":315,"height":213,"caption":"MoleculeMinds"},"image":{"@id":"https:\/\/moleculeminds.com\/#\/schema\/logo\/image\/"}}]}},"_links":{"self":[{"href":"https:\/\/moleculeminds.com\/pl\/wp-json\/wp\/v2\/product\/772","targetHints":{"allow":["GET"]}}],"collection":[{"href":"https:\/\/moleculeminds.com\/pl\/wp-json\/wp\/v2\/product"}],"about":[{"href":"https:\/\/moleculeminds.com\/pl\/wp-json\/wp\/v2\/types\/product"}],"replies":[{"embeddable":true,"href":"https:\/\/moleculeminds.com\/pl\/wp-json\/wp\/v2\/comments?post=772"}],"wp:featuredmedia":[{"embeddable":true,"href":"https:\/\/moleculeminds.com\/pl\/wp-json\/wp\/v2\/media\/758"}],"wp:attachment":[{"href":"https:\/\/moleculeminds.com\/pl\/wp-json\/wp\/v2\/media?parent=772"}],"wp:term":[{"taxonomy":"product_brand","embeddable":true,"href":"https:\/\/moleculeminds.com\/pl\/wp-json\/wp\/v2\/product_brand?post=772"},{"taxonomy":"product_cat","embeddable":true,"href":"https:\/\/moleculeminds.com\/pl\/wp-json\/wp\/v2\/product_cat?post=772"},{"taxonomy":"product_tag","embeddable":true,"href":"https:\/\/moleculeminds.com\/pl\/wp-json\/wp\/v2\/product_tag?post=772"}],"curies":[{"name":"wp","href":"https:\/\/api.w.org\/{rel}","templated":true}]}}