{"id":772,"date":"2024-10-25T14:13:57","date_gmt":"2024-10-25T14:13:57","guid":{"rendered":"https:\/\/moleculeminds.com\/?post_type=product&#038;p=772"},"modified":"2025-09-27T08:06:38","modified_gmt":"2025-09-27T08:06:38","slug":"buy-caluanie-muelear-oxidize-20l","status":"publish","type":"product","link":"https:\/\/moleculeminds.com\/ro\/shop\/buy-caluanie-muelear-oxidize-20l\/","title":{"rendered":"Cump\u0103r\u0103 Caluanie Muelear Oxidize 20L"},"content":{"rendered":"<h2>Cumpara Caluanie Muelear Oxidize 20L Online<\/h2>\n<p class=\"uagb-ifb-desc\">C\u0103uta\u021bi s\u0103 cump\u0103ra\u021bi Caluanie Muelear Oxidize de \u00eenalt\u0103 calitate online la cel mai bun pre\u021b \u00een vrac? La MoleculeMinds, suntem specializa\u021bi \u00een furnizarea de Caluanie Muelear Oxidize pentru diverse aplica\u021bii industriale, oferind cele mai bune pre\u021buri \u0219i op\u021biuni de transport interna\u021bional pentru a v\u0103 satisface nevoile. Comanda\u021bi Caluanie Muelear Oxidize 20L online acum!<\/p>\n<p><strong>Ce este Caluanie Muelear Oxidize?<\/strong><\/p>\n<p>Caluanie Muelear Oxidize este un produs chimic puternic utilizat pe scar\u0103 larg\u0103 \u00een aplica\u021bii industriale pentru propriet\u0103\u021bile sale unice \u0219i eficien\u021ba ridicat\u0103. Cunoscut pentru\u00a0<em>concasarea metalelor<\/em>\u00a0\u0219i\u00a0<em>capacit\u0103\u021bi de oxidare<\/em>, acest compus este esen\u021bial pentru diverse industrii, inclusiv prelucrarea metalelor, formularea vopselelor \u0219i procesele de testare industrial\u0103. Dac\u0103 sunte\u021bi \u00een pia\u021b\u0103 pentru a achizi\u021biona Caluanie Muelear Oxidize de calitate superioar\u0103, selec\u021bia noastr\u0103 de la Oxidize Solutions ofer\u0103 solu\u021bii \u00een vrac la pre\u021buri competitive.<\/p>\n<h3>Propriet\u0103\u021bi cheie ale Caluanie Muelear Oxidize<\/h3>\n<p><strong>Scurt\u0103 prezentare a Caluanie Muelear Oxidize 20L<\/strong><\/p>\n<ul>\n<li style=\"list-style-type: none;\">\n<ul>\n<li><strong>Ce este Caluanie Muelear Oxidize?<\/strong>\n<ul>\n<li><a href=\"https:\/\/moleculeminds.com\/ro\/shop\/buy-caluanie-muelear-oxidize-20l\/\"><strong>Cumpara caluanie muelear oxidize online<\/strong><\/a> este un compus chimic foarte reactiv utilizat adesea \u00een aplica\u021bii industriale \u0219i de laborator. Este deosebit de apreciat pentru propriet\u0103\u021bile sale oxidante, care \u00eei permit s\u0103 descompun\u0103 substan\u021be complexe \u00een procese precum mineritul \u0219i fabricarea produselor chimice, Caluanie Muelear Oxidize 20L de v\u00e2nzare.<\/li>\n<li>\u00cen contextul unei cantit\u0103\u021bi de 20L, acesta serve\u0219te nevoilor industriale la scar\u0103 larg\u0103 sau aplica\u021biilor de cercetare \u00een vrac care necesit\u0103 volume semnificative de agen\u021bi oxidan\u021bi.<\/li>\n<\/ul>\n<\/li>\n<li><strong>Caracteristici de 20L Caluanie Muelear Oxidize<\/strong>:\n<ul>\n<li>Acest pachet de volum mare este frecvent comandat de industriile implicate \u00een extrac\u021bia mineralelor, sinteza chimic\u0103 \u0219i alte opera\u021biuni industriale care necesit\u0103 agen\u021bi oxidan\u021bi \u00een cantit\u0103\u021bi substan\u021biale.<\/li>\n<\/ul>\n<\/li>\n<\/ul>\n<\/li>\n<\/ul>\n<p><strong>Explica\u021bia utiliz\u0103rilor sale comune<\/strong><\/p>\n<ul>\n<li style=\"list-style-type: none;\">\n<ul>\n<li><strong>Utiliz\u0103ri industriale<\/strong>:\n<ul>\n<li><strong>Extrac\u021bia mineralelor<\/strong>: Una dintre principalele utiliz\u0103ri ale <strong>caluanie <\/strong><a href=\"https:\/\/en.wikipedia.org\/wiki\/Isocyanic_acid\"><strong>muelear oxida\u021bi<\/strong><\/a> este utilizat \u00een opera\u021biunile miniere, \u00een special \u00een extrac\u021bia metalelor pre\u021bioase precum aurul \u0219i platina. Aceasta ajut\u0103 la descompunerea minereurilor, facilit\u00e2nd separarea materialelor valoroase de de\u0219euri.<\/li>\n<li><strong>Fabricarea produselor chimice<\/strong>: Acesta serve\u0219te ca agent oxidant \u00een procesele chimice, \u00een special \u00een industrii precum rafinarea petrolului, produsele farmaceutice \u0219i \u0219tiin\u021ba materialelor, unde sunt necesare niveluri ridicate de reactivitate.<\/li>\n<\/ul>\n<\/li>\n<li><strong>Cercetare \u0219i utilizare \u00een laborator<\/strong>:\n<ul>\n<li>Utilizat \u00een laboratoare pentru studierea reac\u021biilor de oxidare \u0219i perfec\u021bionarea tehnicilor de analiz\u0103 chimic\u0103 \u0219i sintez\u0103.<\/li>\n<\/ul>\n<\/li>\n<li><strong>Produc\u021bie<\/strong>:\n<ul>\n<li>Utilizat \u00een industrii precum electronica \u0219i prelucrarea materialelor, unde joac\u0103 un rol \u00een tratarea suprafe\u021belor sau \u00een produc\u021bia de compu\u0219i specializa\u021bi.<\/li>\n<\/ul>\n<\/li>\n<\/ul>\n<\/li>\n<\/ul>\n<h3>De ce s\u0103 cump\u0103ra\u021bi Caluanie Muelear Oxidize 20L?<\/h3>\n<p><strong>Cererea de produse chimice industriale<\/strong><\/p>\n<ul>\n<li style=\"list-style-type: none;\">\n<ul>\n<li><strong>Cre\u0219tere a cererii globale<\/strong>: Nevoia de produse chimice puternice precum caluanie muelear oxidize este determinat\u0103 de industriile implicate \u00een minerit, energie, produse chimice \u0219i produc\u021bie. Aceste sectoare au adesea nevoie de produse chimice \u00een vrac, \u00een special \u00een cantit\u0103\u021bi mari, cum ar fi 20L, pentru a men\u021bine buna func\u021bionare.<\/li>\n<li><strong>Eficien\u021ba costurilor \u00een vrac<\/strong>: Pentru opera\u021biunile pe scar\u0103 larg\u0103, achizi\u021bionarea de produse chimice \u00een vrac este mult mai rentabil\u0103 dec\u00e2t achizi\u021bionarea repetat\u0103 a unor cantit\u0103\u021bi mai mici. Un container de 20L ofer\u0103 un volum suficient pentru procesarea extins\u0103 a substan\u021belor chimice, f\u0103r\u0103 a fi necesar\u0103 reordonarea frecvent\u0103.<\/li>\n<\/ul>\n<\/li>\n<\/ul>\n<p><strong>Legalitatea \u0219i reglement\u0103rile privind achizi\u021bia<\/strong><\/p>\n<ul>\n<li style=\"list-style-type: none;\">\n<ul>\n<li><strong>Produs chimic reglementat<\/strong>: Caluanie muelear oxidize este considerat un produs chimic periculos \u0219i este adesea reglementat din cauza reactivit\u0103\u021bii sale ridicate. Cump\u0103r\u0103torii trebuie s\u0103 fie con\u0219tien\u021bi de legile locale \u0219i interna\u021bionale care reglementeaz\u0103 achizi\u021bionarea \u0219i utilizarea acestuia.<\/li>\n<li><strong>Autoriza\u021bii \u0219i certific\u0103ri necesare<\/strong>: \u00cen multe regiuni, pot fi necesare permise sau licen\u021be speciale pentru a achizi\u021biona sau transporta produse chimice precum Caluanie Muelear Oxidize. Asigura\u021bi-v\u0103 c\u0103 verifica\u021bi dac\u0103 industria sau aplica\u021bia dvs. se calific\u0103 pentru o astfel de achizi\u021bie.<\/li>\n<li><strong>Transport \u0219i depozitare<\/strong>: De asemenea, reglement\u0103rile pot reglementa modul \u00een care aceste substan\u021be chimice sunt depozitate, manipulate \u0219i transportate. Asigura\u021bi-v\u0103 c\u0103 at\u00e2t furnizorul, c\u00e2t \u0219i cump\u0103r\u0103torul respect\u0103 toate protocoalele de siguran\u021b\u0103 necesare.<\/li>\n<\/ul>\n<\/li>\n<\/ul>\n<h3>De unde s\u0103 cump\u0103ra\u021bi Caluanie Muelear Oxidize 20L Online<\/h3>\n<p><strong>Platforme online populare<\/strong><\/p>\n<ul>\n<li style=\"list-style-type: none;\">\n<ul>\n<li><strong>Site-uri de aprovizionare cu produse chimice<\/strong>:\n<ul>\n<li>Site-uri web precum <strong>Sigma-Aldrich<\/strong>, <strong>Alibaba<\/strong>, \u0219i <strong>ChemSpider<\/strong> sunt platforme bine-cunoscute de unde se pot ob\u021bine \u00een vrac produse chimice de calitate industrial\u0103, inclusiv caluanie muelear oxidize.<\/li>\n<\/ul>\n<\/li>\n<li><strong>Platforme de comer\u021b electronic<\/strong>:\n<ul>\n<li>Platforme precum <strong>Amazon<\/strong> sau <strong>eBay<\/strong> pot lista ocazional produse chimice precum Caluanie Muelear Oxidize, dar cump\u0103r\u0103torii trebuie s\u0103 verifice credibilitatea v\u00e2nz\u0103torului \u00eenainte de a face o achizi\u021bie.<\/li>\n<\/ul>\n<\/li>\n<li><strong>Furnizori industriali dedica\u021bi<\/strong>:\n<ul>\n<li>Companiile specializate \u00een produse chimice industriale \u0219i de laborator se adreseaz\u0103 adesea cump\u0103r\u0103torilor \u00een vrac. Site-uri web precum <strong>ChemLab Supply<\/strong> sau <strong>Oferta global\u0103 de produse chimice<\/strong> ar putea oferi cantit\u0103\u021bi de 20L de Caluanie Muelear Oxidize.<\/li>\n<\/ul>\n<\/li>\n<\/ul>\n<\/li>\n<\/ul>\n<p>Caluanie Muelear Oxidize 20L de v\u00e2nzare<\/p>\n<p><strong>Pa\u0219i pentru identificarea furnizorilor de \u00eencredere<\/strong><\/p>\n<ul>\n<li style=\"list-style-type: none;\">\n<ul>\n<li><strong>Reputa\u021bie<\/strong>: C\u0103uta\u021bi furnizori cu o experien\u021b\u0103 dovedit\u0103. Verifica\u021bi recenziile \u0219i evalu\u0103rile online ale fo\u0219tilor clien\u021bi pentru a m\u0103sura fiabilitatea acestora.<\/li>\n<li><strong>Certific\u0103ri<\/strong>: Asigura\u021bi-v\u0103 c\u0103 furnizorul de\u021bine certific\u0103rile necesare, cum ar fi ISO sau GMP, care indic\u0103 conformitatea sa cu standardele industriale pentru calitate \u0219i siguran\u021b\u0103.<\/li>\n<li><strong>Fi\u0219e cu date de securitate (SDS)<\/strong>: Furnizorii de \u00eencredere vor furniza FDS pentru fiecare produs, care prezint\u0103 propriet\u0103\u021bile chimice, pericolele, instruc\u021biunile de manipulare \u0219i m\u0103surile de siguran\u021b\u0103.<\/li>\n<li><strong>Asisten\u021b\u0103 pentru clien\u021bi<\/strong>: Un furnizor de \u00eencredere va oferi un serviciu bun pentru clien\u021bi, r\u0103spunz\u00e2nd \u00eentreb\u0103rilor despre produs, transport \u0219i reglement\u0103ri.<\/li>\n<\/ul>\n<\/li>\n<\/ul>\n<ul>\n<li style=\"list-style-type: none;\">\n<ul>\n<li>Achizi\u021bii <strong>20L Caluanie Muelear Oxidize online<\/strong> ofer\u0103 o solu\u021bie convenabil\u0103 pentru industriile care au nevoie de cantit\u0103\u021bi mari de acest produs chimic industrial. Cu furnizorii potrivi\u021bi \u0219i lu\u00e2nd \u00een considerare cu aten\u021bie reglement\u0103rile \u0219i m\u0103surile de siguran\u021b\u0103, cump\u0103rarea \u00een cantit\u0103\u021bi mari poate fi o modalitate rentabil\u0103 \u0219i eficient\u0103 de a satisface cererile industriale.<\/li>\n<\/ul>\n<\/li>\n<\/ul>\n<h3>Importan\u021ba unei politici informate \u0219i a strategiilor de s\u0103n\u0103tate public\u0103<\/h3>\n<ul>\n<li style=\"list-style-type: none;\">\n<ul>\n<li>Deoarece substan\u021bele chimice industriale, cum ar fi caluanie muelear oxidize, pot prezenta riscuri pentru s\u0103n\u0103tate \u0219i mediu, este esen\u021bial s\u0103 se pun\u0103 \u00een aplicare politici \u0219i reglement\u0103ri informate care s\u0103 reglementeze achizi\u021bionarea, depozitarea \u0219i manipularea acestora.<\/li>\n<li><strong>S\u0103n\u0103tate \u0219i siguran\u021b\u0103 public\u0103<\/strong>: Guvernele trebuie s\u0103 se asigure c\u0103 strategiile de s\u0103n\u0103tate public\u0103 includ formare adecvat\u0103, protocoale de interven\u021bie \u00een caz de urgen\u021b\u0103 \u0219i orient\u0103ri pentru a minimiza riscurile asociate manipul\u0103rii substan\u021belor chimice periculoase.<\/li>\n<\/ul>\n<\/li>\n<\/ul>","protected":false},"excerpt":{"rendered":"<p>Bine a\u021bi venit \u00een viitorul inova\u021biei chimice cu <strong>20L Caluanie Muelear Oxidize<\/strong>. Pe m\u0103sur\u0103 ce industriile evolueaz\u0103, cererea de produse chimice de \u00eenalt\u0103 performan\u021b\u0103 care pot spori eficien\u021ba produc\u021biei \u0219i calitatea produselor continu\u0103 s\u0103 creasc\u0103. Caluanie Muelear Oxidize se afl\u0103 \u00een prima linie, servind ca agent oxidant versatil, crucial pentru diverse aplica\u021bii, inclusiv produse farmaceutice, agricultur\u0103 \u0219i produc\u021bie chimic\u0103.<\/p>\n<ul>\n<li><strong>Formula molecular\u0103<\/strong>: C\u2087H\u2085N<\/li>\n<li><strong>Num\u0103r CAS<\/strong>: 100-52-7<\/li>\n<li><strong>Starea fizic\u0103<\/strong>: Lichide<\/li>\n<li><strong>Culoare<\/strong>: Incolor p\u00e2n\u0103 la galben pal<\/li>\n<\/ul>","protected":false},"featured_media":758,"comment_status":"open","ping_status":"closed","template":"","meta":{"_kadence_starter_templates_imported_post":false,"_kad_post_transparent":"default","_kad_post_title":"","_kad_post_layout":"default","_kad_post_sidebar_id":"","_kad_post_content_style":"default","_kad_post_vertical_padding":"default","_kad_post_feature":"","_kad_post_feature_position":"","_kad_post_header":false,"_kad_post_footer":false},"product_brand":[],"product_cat":[15],"product_tag":[],"class_list":{"0":"post-772","1":"product","2":"type-product","3":"status-publish","4":"has-post-thumbnail","6":"product_cat-caluanie","8":"first","9":"instock","10":"sale","11":"shipping-taxable","12":"purchasable","13":"product-type-simple","14":"entry","15":"content-bg","16":"loop-entry"},"yoast_head":"<!-- This site is optimized with the Yoast SEO plugin v27.5 - https:\/\/yoast.com\/product\/yoast-seo-wordpress\/ -->\n<title>Buy Caluanie Muelear Oxidize 20L Online - MoleculeMinds<\/title>\n<meta name=\"description\" content=\"If you are passionate about Caluanie Muelear Oxidize 20L for Sale, then our store is the best place to buy caluanie muelear oxidize 20L online. Order now!\" \/>\n<meta name=\"robots\" content=\"index, follow, max-snippet:-1, max-image-preview:large, max-video-preview:-1\" \/>\n<link rel=\"canonical\" href=\"https:\/\/moleculeminds.com\/ro\/shop\/buy-caluanie-muelear-oxidize-20l\/\" \/>\n<meta property=\"og:locale\" content=\"ro_RO\" \/>\n<meta property=\"og:type\" content=\"article\" \/>\n<meta property=\"og:title\" content=\"Buy Caluanie Muelear Oxidize 20L Online - MoleculeMinds\" \/>\n<meta property=\"og:description\" content=\"If you are passionate about Caluanie Muelear Oxidize 20L for Sale, then our store is the best place to buy caluanie muelear oxidize 20L online. Order now!\" \/>\n<meta property=\"og:url\" content=\"https:\/\/moleculeminds.com\/ro\/shop\/buy-caluanie-muelear-oxidize-20l\/\" \/>\n<meta property=\"og:site_name\" content=\"MoleculeMinds\" \/>\n<meta property=\"article:modified_time\" content=\"2025-09-27T08:06:38+00:00\" \/>\n<meta property=\"og:image\" content=\"https:\/\/moleculeminds.com\/wp-content\/uploads\/2024\/10\/k9.jpg\" \/>\n\t<meta property=\"og:image:width\" content=\"350\" \/>\n\t<meta property=\"og:image:height\" content=\"350\" \/>\n\t<meta property=\"og:image:type\" content=\"image\/jpeg\" \/>\n<meta name=\"twitter:card\" content=\"summary_large_image\" \/>\n<meta name=\"twitter:label1\" content=\"Timp estimat pentru citire\" \/>\n\t<meta name=\"twitter:data1\" content=\"4 minute\" \/>\n<script type=\"application\/ld+json\" class=\"yoast-schema-graph\">{\"@context\":\"https:\\\/\\\/schema.org\",\"@graph\":[{\"@type\":\"WebPage\",\"@id\":\"https:\\\/\\\/moleculeminds.com\\\/shop\\\/buy-caluanie-muelear-oxidize-20l\\\/\",\"url\":\"https:\\\/\\\/moleculeminds.com\\\/shop\\\/buy-caluanie-muelear-oxidize-20l\\\/\",\"name\":\"Buy Caluanie Muelear Oxidize 20L Online - MoleculeMinds\",\"isPartOf\":{\"@id\":\"https:\\\/\\\/moleculeminds.com\\\/#website\"},\"primaryImageOfPage\":{\"@id\":\"https:\\\/\\\/moleculeminds.com\\\/shop\\\/buy-caluanie-muelear-oxidize-20l\\\/#primaryimage\"},\"image\":{\"@id\":\"https:\\\/\\\/moleculeminds.com\\\/shop\\\/buy-caluanie-muelear-oxidize-20l\\\/#primaryimage\"},\"thumbnailUrl\":\"https:\\\/\\\/moleculeminds.com\\\/wp-content\\\/uploads\\\/2024\\\/10\\\/k9.jpg\",\"datePublished\":\"2024-10-25T14:13:57+00:00\",\"dateModified\":\"2025-09-27T08:06:38+00:00\",\"description\":\"If you are passionate about Caluanie Muelear Oxidize 20L for Sale, then our store is the best place to buy caluanie muelear oxidize 20L online. Order now!\",\"breadcrumb\":{\"@id\":\"https:\\\/\\\/moleculeminds.com\\\/shop\\\/buy-caluanie-muelear-oxidize-20l\\\/#breadcrumb\"},\"inLanguage\":\"ro-RO\",\"potentialAction\":[{\"@type\":\"ReadAction\",\"target\":[\"https:\\\/\\\/moleculeminds.com\\\/shop\\\/buy-caluanie-muelear-oxidize-20l\\\/\"]}]},{\"@type\":\"ImageObject\",\"inLanguage\":\"ro-RO\",\"@id\":\"https:\\\/\\\/moleculeminds.com\\\/shop\\\/buy-caluanie-muelear-oxidize-20l\\\/#primaryimage\",\"url\":\"https:\\\/\\\/moleculeminds.com\\\/wp-content\\\/uploads\\\/2024\\\/10\\\/k9.jpg\",\"contentUrl\":\"https:\\\/\\\/moleculeminds.com\\\/wp-content\\\/uploads\\\/2024\\\/10\\\/k9.jpg\",\"width\":350,\"height\":350,\"caption\":\"Buy Caluanie Muelear Oxidize 20L Online\"},{\"@type\":\"BreadcrumbList\",\"@id\":\"https:\\\/\\\/moleculeminds.com\\\/shop\\\/buy-caluanie-muelear-oxidize-20l\\\/#breadcrumb\",\"itemListElement\":[{\"@type\":\"ListItem\",\"position\":1,\"name\":\"Home\",\"item\":\"https:\\\/\\\/moleculeminds.com\\\/\"},{\"@type\":\"ListItem\",\"position\":2,\"name\":\"Shop\",\"item\":\"https:\\\/\\\/moleculeminds.com\\\/shop\\\/\"},{\"@type\":\"ListItem\",\"position\":3,\"name\":\"Buy Caluanie Muelear Oxidize 20L\"}]},{\"@type\":\"WebSite\",\"@id\":\"https:\\\/\\\/moleculeminds.com\\\/#website\",\"url\":\"https:\\\/\\\/moleculeminds.com\\\/\",\"name\":\"MoleculeMinds\",\"description\":\"My WordPress Blog\",\"publisher\":{\"@id\":\"https:\\\/\\\/moleculeminds.com\\\/#organization\"},\"potentialAction\":[{\"@type\":\"SearchAction\",\"target\":{\"@type\":\"EntryPoint\",\"urlTemplate\":\"https:\\\/\\\/moleculeminds.com\\\/?s={search_term_string}\"},\"query-input\":{\"@type\":\"PropertyValueSpecification\",\"valueRequired\":true,\"valueName\":\"search_term_string\"}}],\"inLanguage\":\"ro-RO\"},{\"@type\":\"Organization\",\"@id\":\"https:\\\/\\\/moleculeminds.com\\\/#organization\",\"name\":\"MoleculeMinds\",\"url\":\"https:\\\/\\\/moleculeminds.com\\\/\",\"logo\":{\"@type\":\"ImageObject\",\"inLanguage\":\"ro-RO\",\"@id\":\"https:\\\/\\\/moleculeminds.com\\\/#\\\/schema\\\/logo\\\/image\\\/\",\"url\":\"https:\\\/\\\/moleculeminds.com\\\/wp-content\\\/uploads\\\/2024\\\/10\\\/cropped-Chemistry-Lab-Chemical-Logo.png\",\"contentUrl\":\"https:\\\/\\\/moleculeminds.com\\\/wp-content\\\/uploads\\\/2024\\\/10\\\/cropped-Chemistry-Lab-Chemical-Logo.png\",\"width\":315,\"height\":213,\"caption\":\"MoleculeMinds\"},\"image\":{\"@id\":\"https:\\\/\\\/moleculeminds.com\\\/#\\\/schema\\\/logo\\\/image\\\/\"}}]}<\/script>\n<!-- \/ Yoast SEO plugin. -->","yoast_head_json":{"title":"Cumpara Caluanie Muelear Oxidize 20L Online - MoleculeMinds","description":"Dac\u0103 sunte\u021bi pasionat de Caluanie Muelear Oxidize 20L de v\u00e2nzare, atunci magazinul nostru este cel mai bun loc pentru a cump\u0103ra caluanie muelear oxidize 20L online. Comanda\u021bi acum!","robots":{"index":"index","follow":"follow","max-snippet":"max-snippet:-1","max-image-preview":"max-image-preview:large","max-video-preview":"max-video-preview:-1"},"canonical":"https:\/\/moleculeminds.com\/ro\/shop\/buy-caluanie-muelear-oxidize-20l\/","og_locale":"ro_RO","og_type":"article","og_title":"Buy Caluanie Muelear Oxidize 20L Online - MoleculeMinds","og_description":"If you are passionate about Caluanie Muelear Oxidize 20L for Sale, then our store is the best place to buy caluanie muelear oxidize 20L online. Order now!","og_url":"https:\/\/moleculeminds.com\/ro\/shop\/buy-caluanie-muelear-oxidize-20l\/","og_site_name":"MoleculeMinds","article_modified_time":"2025-09-27T08:06:38+00:00","og_image":[{"width":350,"height":350,"url":"https:\/\/moleculeminds.com\/wp-content\/uploads\/2024\/10\/k9.jpg","type":"image\/jpeg"}],"twitter_card":"summary_large_image","twitter_misc":{"Timp estimat pentru citire":"4 minute"},"schema":{"@context":"https:\/\/schema.org","@graph":[{"@type":"WebPage","@id":"https:\/\/moleculeminds.com\/shop\/buy-caluanie-muelear-oxidize-20l\/","url":"https:\/\/moleculeminds.com\/shop\/buy-caluanie-muelear-oxidize-20l\/","name":"Cumpara Caluanie Muelear Oxidize 20L Online - MoleculeMinds","isPartOf":{"@id":"https:\/\/moleculeminds.com\/#website"},"primaryImageOfPage":{"@id":"https:\/\/moleculeminds.com\/shop\/buy-caluanie-muelear-oxidize-20l\/#primaryimage"},"image":{"@id":"https:\/\/moleculeminds.com\/shop\/buy-caluanie-muelear-oxidize-20l\/#primaryimage"},"thumbnailUrl":"https:\/\/moleculeminds.com\/wp-content\/uploads\/2024\/10\/k9.jpg","datePublished":"2024-10-25T14:13:57+00:00","dateModified":"2025-09-27T08:06:38+00:00","description":"Dac\u0103 sunte\u021bi pasionat de Caluanie Muelear Oxidize 20L de v\u00e2nzare, atunci magazinul nostru este cel mai bun loc pentru a cump\u0103ra caluanie muelear oxidize 20L online. Comanda\u021bi acum!","breadcrumb":{"@id":"https:\/\/moleculeminds.com\/shop\/buy-caluanie-muelear-oxidize-20l\/#breadcrumb"},"inLanguage":"ro-RO","potentialAction":[{"@type":"ReadAction","target":["https:\/\/moleculeminds.com\/shop\/buy-caluanie-muelear-oxidize-20l\/"]}]},{"@type":"ImageObject","inLanguage":"ro-RO","@id":"https:\/\/moleculeminds.com\/shop\/buy-caluanie-muelear-oxidize-20l\/#primaryimage","url":"https:\/\/moleculeminds.com\/wp-content\/uploads\/2024\/10\/k9.jpg","contentUrl":"https:\/\/moleculeminds.com\/wp-content\/uploads\/2024\/10\/k9.jpg","width":350,"height":350,"caption":"Buy Caluanie Muelear Oxidize 20L Online"},{"@type":"BreadcrumbList","@id":"https:\/\/moleculeminds.com\/shop\/buy-caluanie-muelear-oxidize-20l\/#breadcrumb","itemListElement":[{"@type":"ListItem","position":1,"name":"Home","item":"https:\/\/moleculeminds.com\/"},{"@type":"ListItem","position":2,"name":"Shop","item":"https:\/\/moleculeminds.com\/shop\/"},{"@type":"ListItem","position":3,"name":"Buy Caluanie Muelear Oxidize 20L"}]},{"@type":"WebSite","@id":"https:\/\/moleculeminds.com\/#website","url":"https:\/\/moleculeminds.com\/","name":"MoleculeMinds","description":"Blogul meu WordPress","publisher":{"@id":"https:\/\/moleculeminds.com\/#organization"},"potentialAction":[{"@type":"SearchAction","target":{"@type":"EntryPoint","urlTemplate":"https:\/\/moleculeminds.com\/?s={search_term_string}"},"query-input":{"@type":"PropertyValueSpecification","valueRequired":true,"valueName":"search_term_string"}}],"inLanguage":"ro-RO"},{"@type":"Organization","@id":"https:\/\/moleculeminds.com\/#organization","name":"MoleculeMinds","url":"https:\/\/moleculeminds.com\/","logo":{"@type":"ImageObject","inLanguage":"ro-RO","@id":"https:\/\/moleculeminds.com\/#\/schema\/logo\/image\/","url":"https:\/\/moleculeminds.com\/wp-content\/uploads\/2024\/10\/cropped-Chemistry-Lab-Chemical-Logo.png","contentUrl":"https:\/\/moleculeminds.com\/wp-content\/uploads\/2024\/10\/cropped-Chemistry-Lab-Chemical-Logo.png","width":315,"height":213,"caption":"MoleculeMinds"},"image":{"@id":"https:\/\/moleculeminds.com\/#\/schema\/logo\/image\/"}}]}},"_links":{"self":[{"href":"https:\/\/moleculeminds.com\/ro\/wp-json\/wp\/v2\/product\/772","targetHints":{"allow":["GET"]}}],"collection":[{"href":"https:\/\/moleculeminds.com\/ro\/wp-json\/wp\/v2\/product"}],"about":[{"href":"https:\/\/moleculeminds.com\/ro\/wp-json\/wp\/v2\/types\/product"}],"replies":[{"embeddable":true,"href":"https:\/\/moleculeminds.com\/ro\/wp-json\/wp\/v2\/comments?post=772"}],"wp:featuredmedia":[{"embeddable":true,"href":"https:\/\/moleculeminds.com\/ro\/wp-json\/wp\/v2\/media\/758"}],"wp:attachment":[{"href":"https:\/\/moleculeminds.com\/ro\/wp-json\/wp\/v2\/media?parent=772"}],"wp:term":[{"taxonomy":"product_brand","embeddable":true,"href":"https:\/\/moleculeminds.com\/ro\/wp-json\/wp\/v2\/product_brand?post=772"},{"taxonomy":"product_cat","embeddable":true,"href":"https:\/\/moleculeminds.com\/ro\/wp-json\/wp\/v2\/product_cat?post=772"},{"taxonomy":"product_tag","embeddable":true,"href":"https:\/\/moleculeminds.com\/ro\/wp-json\/wp\/v2\/product_tag?post=772"}],"curies":[{"name":"wp","href":"https:\/\/api.w.org\/{rel}","templated":true}]}}